{"id":270,"date":"2017-01-18T03:37:34","date_gmt":"2017-01-18T03:37:34","guid":{"rendered":"http:\/\/soluciondigitaldelbajio.com.mx\/site\/?page_id=270"},"modified":"2017-02-17T15:46:07","modified_gmt":"2017-02-17T15:46:07","slug":"distribuidor-canon-ricoh-oce-kyocera-san-luis-potosi-mexico","status":"publish","type":"page","link":"https:\/\/soluciondigitaldelbajio.com.mx\/site\/distribuidor-canon-ricoh-oce-kyocera-san-luis-potosi-mexico\/","title":{"rendered":"EMPRESA"},"content":{"rendered":"<p><div class=\"fusion-bg-parallax\"  data-bg-align=\"center center\" data-direction=\"left\" data-mute=\"false\" data-opacity=\"100\" data-velocity=\"-0.3\" data-mobile-enabled=\"true\" data-break_parents=\"0\" data-bg-image=\"http:\/\/soluciondigitaldelbajio.com.mx\/site\/wp-content\/uploads\/2017\/01\/bg-mundo.jpg\" data-bg-repeat=\"false\" data-bg-height=\"\" data-bg-width=\"\"><\/div><div  class=\"fusion-fullwidth fullwidth-box fusion-parallax-left nonhundred-percent-fullwidth\"  style='background-color: rgba(255,255,255,0);background-image: url(\"http:\/\/soluciondigitaldelbajio.com.mx\/site\/wp-content\/uploads\/2017\/01\/bg-mundo.jpg\");background-position: center center;background-repeat: no-repeat;padding-top:50px;padding-right:0px;padding-bottom:50px;padding-left:0px;-webkit-background-size:cover;-moz-background-size:cover;-o-background-size:cover;background-size:cover;background-attachment:left;'><div class=\"fusion-builder-row fusion-row \"><div  class=\"fusion-layout-column fusion_builder_column fusion_builder_column_1_1  fusion-one-full fusion-column-first fusion-column-last fusion-column-inner-bg-wrapper 1_1\"  style='margin-top:0px;margin-bottom:0px;'>\n\t\t\t<div class=\"fusion-column-wrapper\"  style=\"padding: 30px 30px 30px 30px;\" data-bg-url=\"\">\n\t\t\t\t<h1 style=\"text-align: center;\">Soluci\u00f3n Digital del Baj\u00edo S.A. de C.V.<\/h1>\n<h2 style=\"text-align: center;\">Somos empresa orgullosamente de capital mexicano con m\u00e1s de 30 a\u00f1os de experiencia como proveedor y servicio profesional a equipos de impresi\u00f3n <strong>CANON<\/strong>, <strong>RICOH<\/strong>, <strong>OC\u00c9<\/strong> y <strong>KYOCERA<\/strong>, ubicados\u00a0en San Luis Potos\u00ed, M\u00e9xico.<\/h2>\n<p style=\"text-align: center;\">Nuestro personal est\u00e1 certificado para brindar servicio a toda la gama de equipos de impresi\u00f3n para oficina, tales como son los equipos multifuncionales, copiadoras e impresoras, as\u00ed como equipos de producci\u00f3n en gran formato y artes gr\u00e1ficas como impresoras gr\u00e1ficas y plotters.<\/p>\n<p style=\"text-align: center;\">Perm\u00edtanos poder asesorarle antes de comprar un equipo de impresi\u00f3n, tenemos una soluci\u00f3n para cualquier tipo de requerimientos y grupos de trabajo.<\/p>\n<div class=\"fusion-clearfix\"><\/div>\n\t\t\t<\/div>\n\t\t\t<span class=\"fusion-column-inner-bg hover-type-zoomin\">\n\t\t\t\t<a >\n\t\t\t\t\t<span class=\"fusion-column-inner-bg-image\" style=\"background-color:rgba(255,255,255,0.7);background-position:left top;background-repeat:no-repeat;-webkit-background-size:cover;-moz-background-size:cover;-o-background-size:cover;background-size:cover;\">\n\t\t\t\t\t<\/span>\n\t\t\t\t<\/a>\n\t\t\t<\/span>\n\t\t<\/div><div  class=\"fusion-layout-column fusion_builder_column fusion_builder_column_1_3  fusion-one-third fusion-column-first fusion-column-inner-bg-wrapper 1_3\"  style='margin-top:20px;margin-bottom:20px;width:33.33%;width:calc(33.33% - ( ( 4% + 4% ) * 0.3333 ) );margin-right: 4%;'>\n\t\t\t<div class=\"fusion-column-wrapper\"  style=\"padding: 0 0px 0px 0px;\" data-bg-url=\"\">\n\t\t\t\t<div class=\"fusion-column-table\"><div class=\"fusion-column-tablecell\"><div class=\"fusion-content-boxes content-boxes columns row fusion-columns-1 fusion-columns-total-1 fusion-content-boxes-1 content-boxes-icon-boxed content-left\" data-animationOffset=\"100%\" style=\"margin-top:0px;margin-bottom:0px;\"><style type=\"text\/css\" scoped=\"scoped\">.fusion-content-boxes-1 .heading h2{color:#000000;}\n\t\t\t.fusion-content-boxes-1 .fusion-content-box-hover .link-area-link-icon-hover .heading h2,\n\t\t\t.fusion-content-boxes-1 .fusion-content-box-hover .link-area-link-icon-hover .heading .heading-link h2,\n\t\t\t.fusion-content-boxes-1 .fusion-content-box-hover .link-area-box-hover .heading h2,\n\t\t\t.fusion-content-boxes-1 .fusion-content-box-hover .link-area-box-hover .heading .heading-link h2,\n\t\t\t.fusion-content-boxes-1 .fusion-content-box-hover .link-area-link-icon-hover.link-area-box .fusion-read-more,\n\t\t\t.fusion-content-boxes-1 .fusion-content-box-hover .link-area-link-icon-hover.link-area-box .fusion-read-more::after,\n\t\t\t.fusion-content-boxes-1 .fusion-content-box-hover .link-area-link-icon-hover.link-area-box .fusion-read-more::before,\n\t\t\t.fusion-content-boxes-1 .fusion-content-box-hover .fusion-read-more:hover:after,\n\t\t\t.fusion-content-boxes-1 .fusion-content-box-hover .fusion-read-more:hover:before,\n\t\t\t.fusion-content-boxes-1 .fusion-content-box-hover .fusion-read-more:hover,\n\t\t\t.fusion-content-boxes-1 .fusion-content-box-hover .link-area-box-hover.link-area-box .fusion-read-more,\n\t\t\t.fusion-content-boxes-1 .fusion-content-box-hover .link-area-box-hover.link-area-box .fusion-read-more::after,\n\t\t\t.fusion-content-boxes-1 .fusion-content-box-hover .link-area-box-hover.link-area-box .fusion-read-more::before,\n\t\t\t.fusion-content-boxes-1 .fusion-content-box-hover .link-area-link-icon-hover .icon .circle-no,\n\t\t\t.fusion-content-boxes-1 .fusion-content-box-hover .link-area-box-hover .icon .circle-no {\n\t\t\t\tcolor: #1a80b6 !important;\n\t\t\t}\n\t\t\t.fusion-content-boxes-1 .fusion-content-box-hover .heading-link:hover .icon i.circle-yes,\n\t\t\t.fusion-content-boxes-1 .fusion-content-box-hover .link-area-box:hover .heading-link .icon i.circle-yes,\n\t\t\t.fusion-content-boxes-1 .fusion-content-box-hover .link-area-link-icon-hover .heading .icon i.circle-yes,\n\t\t\t.fusion-content-boxes-1 .fusion-content-box-hover .link-area-box-hover .heading .icon i.circle-yes {\n\t\t\t\tbackground-color: #1a80b6 !important;\n\t\t\t\tborder-color: #1a80b6 !important;\n\t\t\t}<\/style><div class=\"fusion-column content-box-column content-box-column content-box-column-1 col-lg-12 col-md-12 col-sm-12 fusion-content-box-hover  content-box-column-last content-box-column-last-in-row\"><div class=\"col content-wrapper content-wrapper-boxed link-area-link-icon icon-hover-animation-fade fusion-animated\" style=\"background-color:rgba(255,255,255,0);\" data-animationType=\"fadeInLeft\" data-animationDuration=\"0.3\" data-animationOffset=\"100%\"><div class=\"heading heading-with-icon icon-left\"><div class=\"icon\"><i style=\"border-color:#333333;border-width:1px;background-color:#000000;height:64px;width:64px;line-height:64px;top:-82px;margin-left:-32px;border-radius:50%;color:#ffffff;font-size:32px;\" class=\"fa fontawesome-icon fa-line-chart circle-yes\"><\/i><\/div><h2 class=\"content-box-heading\" style=\"font-size:22px;line-height:27px;\">SOLUCIONES DIGITALES<\/h2><\/div><div class=\"fusion-clearfix\"><\/div><div class=\"content-container\" style=\"color:#000000;\">\n<h3 style=\"text-align: center;\">Con nuestra experiencia podemos dar soluci\u00f3n a sus requerimientos de impresi\u00f3n digital, gesti\u00f3n de documentos, centros de copiado, impresi\u00f3n en gran formato, duplicado digital de documentos y alta producci\u00f3n de impresi\u00f3n, ahorrando costos e incrementando su productividad.<\/h3>\n<\/div><\/div><\/div><div class=\"fusion-clearfix\"><\/div><div class=\"fusion-clearfix\"><\/div><\/div><\/div><\/div><div class=\"fusion-clearfix\"><\/div>\n\t\t\t<\/div>\n\t\t\t<span class=\"fusion-column-inner-bg hover-type-zoomin\">\n\t\t\t\t<a >\n\t\t\t\t\t<span class=\"fusion-column-inner-bg-image\" style=\"background-color:rgba(255,255,255,0.71);background-position:left top;background-repeat:no-repeat;-webkit-background-size:cover;-moz-background-size:cover;-o-background-size:cover;background-size:cover;\">\n\t\t\t\t\t<\/span>\n\t\t\t\t<\/a>\n\t\t\t<\/span>\n\t\t<\/div><div  class=\"fusion-layout-column fusion_builder_column fusion_builder_column_1_3  fusion-one-third fusion-column-inner-bg-wrapper 1_3\"  style='margin-top:20px;margin-bottom:20px;width:33.33%;width:calc(33.33% - ( ( 4% + 4% ) * 0.3333 ) );margin-right: 4%;'>\n\t\t\t<div class=\"fusion-column-wrapper\"  style=\"padding: 0 0px 0px 0px;\" data-bg-url=\"\">\n\t\t\t\t<div class=\"fusion-column-table\"><div class=\"fusion-column-tablecell\"><div class=\"fusion-content-boxes content-boxes columns row fusion-columns-1 fusion-columns-total-1 fusion-content-boxes-2 content-boxes-icon-boxed content-left\" data-animationOffset=\"100%\" style=\"margin-top:0px;margin-bottom:0px;\"><style type=\"text\/css\" scoped=\"scoped\">.fusion-content-boxes-2 .heading h2{color:#000000;}\n\t\t\t.fusion-content-boxes-2 .fusion-content-box-hover .link-area-link-icon-hover .heading h2,\n\t\t\t.fusion-content-boxes-2 .fusion-content-box-hover .link-area-link-icon-hover .heading .heading-link h2,\n\t\t\t.fusion-content-boxes-2 .fusion-content-box-hover .link-area-box-hover .heading h2,\n\t\t\t.fusion-content-boxes-2 .fusion-content-box-hover .link-area-box-hover .heading .heading-link h2,\n\t\t\t.fusion-content-boxes-2 .fusion-content-box-hover .link-area-link-icon-hover.link-area-box .fusion-read-more,\n\t\t\t.fusion-content-boxes-2 .fusion-content-box-hover .link-area-link-icon-hover.link-area-box .fusion-read-more::after,\n\t\t\t.fusion-content-boxes-2 .fusion-content-box-hover .link-area-link-icon-hover.link-area-box .fusion-read-more::before,\n\t\t\t.fusion-content-boxes-2 .fusion-content-box-hover .fusion-read-more:hover:after,\n\t\t\t.fusion-content-boxes-2 .fusion-content-box-hover .fusion-read-more:hover:before,\n\t\t\t.fusion-content-boxes-2 .fusion-content-box-hover .fusion-read-more:hover,\n\t\t\t.fusion-content-boxes-2 .fusion-content-box-hover .link-area-box-hover.link-area-box .fusion-read-more,\n\t\t\t.fusion-content-boxes-2 .fusion-content-box-hover .link-area-box-hover.link-area-box .fusion-read-more::after,\n\t\t\t.fusion-content-boxes-2 .fusion-content-box-hover .link-area-box-hover.link-area-box .fusion-read-more::before,\n\t\t\t.fusion-content-boxes-2 .fusion-content-box-hover .link-area-link-icon-hover .icon .circle-no,\n\t\t\t.fusion-content-boxes-2 .fusion-content-box-hover .link-area-box-hover .icon .circle-no {\n\t\t\t\tcolor: #000000 !important;\n\t\t\t}\n\t\t\t.fusion-content-boxes-2 .fusion-content-box-hover .heading-link:hover .icon i.circle-yes,\n\t\t\t.fusion-content-boxes-2 .fusion-content-box-hover .link-area-box:hover .heading-link .icon i.circle-yes,\n\t\t\t.fusion-content-boxes-2 .fusion-content-box-hover .link-area-link-icon-hover .heading .icon i.circle-yes,\n\t\t\t.fusion-content-boxes-2 .fusion-content-box-hover .link-area-box-hover .heading .icon i.circle-yes {\n\t\t\t\tbackground-color: #000000 !important;\n\t\t\t\tborder-color: #000000 !important;\n\t\t\t}\n\t\t\t\t.fusion-content-boxes-2 .fusion-content-box-hover .link-area-link-icon-hover.icon-hover-animation-pulsate .fontawesome-icon:after,\n\t\t\t\t.fusion-content-boxes-2 .fusion-content-box-hover .link-area-box-hover.icon-hover-animation-pulsate .fontawesome-icon:after,\n\t\t\t\t.fusion-content-boxes-2 .fusion-content-box-hover .link-area-link-icon-hover.icon-wrapper-hover-animation-pulsate .icon span:after,\n\t\t\t\t.fusion-content-boxes-2 .fusion-content-box-hover .link-area-box-hover.icon-wrapper-hover-animation-pulsate .icon span:after {\n\t\t\t\t\t-webkit-box-shadow:0 0 0 2px rgba(255,255,255,0.1), 0 0 10px 10px #000000, 0 0 0 10px rgba(255,255,255,0.5);\n\t\t\t\t\t-moz-box-shadow:0 0 0 2px rgba(255,255,255,0.1), 0 0 10px 10px #000000, 0 0 0 10px rgba(255,255,255,0.5);\n\t\t\t\t\tbox-shadow: 0 0 0 2px rgba(255,255,255,0.1), 0 0 10px 10px #000000, 0 0 0 10px rgba(255,255,255,0.5);\n\t\t\t\t}\n\t\t\t<\/style><div class=\"fusion-column content-box-column content-box-column content-box-column-1 col-lg-12 col-md-12 col-sm-12 fusion-content-box-hover  content-box-column-last content-box-column-last-in-row\"><div class=\"col content-wrapper content-wrapper-boxed link-area-link-icon icon-hover-animation-pulsate fusion-animated\" style=\"background-color:rgba(255,255,255,0);\" data-animationType=\"fadeInRight\" data-animationDuration=\"0.3\" data-animationOffset=\"100%\"><div class=\"heading heading-with-icon icon-left\"><div class=\"icon\"><i style=\"border-color:#333333;border-width:1px;background-color:#000000;height:64px;width:64px;line-height:64px;top:-82px;margin-left:-32px;border-radius:50%;color:#ffffff;font-size:32px;\" class=\"fa fontawesome-icon fa-area-chart circle-yes\"><\/i><\/div><h2 class=\"content-box-heading\" style=\"font-size:22px;line-height:27px;\">POLITICAS DE CALIDAD<\/h2><\/div><div class=\"fusion-clearfix\"><\/div><div class=\"content-container\" style=\"color:#000000;\">\n<h3 style=\"text-align: center;\">Es nuestro compromiso el proporcionar soluciones a sus requerimientos de impresi\u00f3n, que cumplan con sus expectativas de eficiencia, calidad y productividad, con personal competente, comprometido con la calidad en el servicio, la satisfacci\u00f3n del cliente y con la mejora continua de nuestro sistema de calidad.<\/h3>\n<\/div><\/div><\/div><div class=\"fusion-clearfix\"><\/div><div class=\"fusion-clearfix\"><\/div><\/div><\/div><\/div><div class=\"fusion-clearfix\"><\/div>\n\t\t\t<\/div>\n\t\t\t<span class=\"fusion-column-inner-bg hover-type-zoomin\">\n\t\t\t\t<a >\n\t\t\t\t\t<span class=\"fusion-column-inner-bg-image\" style=\"background-color:rgba(255,255,255,0.71);background-position:left top;background-repeat:no-repeat;-webkit-background-size:cover;-moz-background-size:cover;-o-background-size:cover;background-size:cover;\">\n\t\t\t\t\t<\/span>\n\t\t\t\t<\/a>\n\t\t\t<\/span>\n\t\t<\/div><div  class=\"fusion-layout-column fusion_builder_column fusion_builder_column_1_3  fusion-one-third fusion-column-last fusion-column-inner-bg-wrapper 1_3\"  style='margin-top:20px;margin-bottom:20px;width:33.33%;width:calc(33.33% - ( ( 4% + 4% ) * 0.3333 ) );'>\n\t\t\t<div class=\"fusion-column-wrapper\"  style=\"padding: 0 0px 0px 0px;\" data-bg-url=\"\">\n\t\t\t\t<div class=\"fusion-column-table\"><div class=\"fusion-column-tablecell\"><div class=\"fusion-content-boxes content-boxes columns row fusion-columns-1 fusion-columns-total-1 fusion-content-boxes-3 content-boxes-icon-boxed content-left\" data-animationOffset=\"100%\" style=\"margin-top:0px;margin-bottom:0px;\"><style type=\"text\/css\" scoped=\"scoped\">.fusion-content-boxes-3 .heading h2{color:#000000;}\n\t\t\t.fusion-content-boxes-3 .fusion-content-box-hover .link-area-link-icon-hover .heading h2,\n\t\t\t.fusion-content-boxes-3 .fusion-content-box-hover .link-area-link-icon-hover .heading .heading-link h2,\n\t\t\t.fusion-content-boxes-3 .fusion-content-box-hover .link-area-box-hover .heading h2,\n\t\t\t.fusion-content-boxes-3 .fusion-content-box-hover .link-area-box-hover .heading .heading-link h2,\n\t\t\t.fusion-content-boxes-3 .fusion-content-box-hover .link-area-link-icon-hover.link-area-box .fusion-read-more,\n\t\t\t.fusion-content-boxes-3 .fusion-content-box-hover .link-area-link-icon-hover.link-area-box .fusion-read-more::after,\n\t\t\t.fusion-content-boxes-3 .fusion-content-box-hover .link-area-link-icon-hover.link-area-box .fusion-read-more::before,\n\t\t\t.fusion-content-boxes-3 .fusion-content-box-hover .fusion-read-more:hover:after,\n\t\t\t.fusion-content-boxes-3 .fusion-content-box-hover .fusion-read-more:hover:before,\n\t\t\t.fusion-content-boxes-3 .fusion-content-box-hover .fusion-read-more:hover,\n\t\t\t.fusion-content-boxes-3 .fusion-content-box-hover .link-area-box-hover.link-area-box .fusion-read-more,\n\t\t\t.fusion-content-boxes-3 .fusion-content-box-hover .link-area-box-hover.link-area-box .fusion-read-more::after,\n\t\t\t.fusion-content-boxes-3 .fusion-content-box-hover .link-area-box-hover.link-area-box .fusion-read-more::before,\n\t\t\t.fusion-content-boxes-3 .fusion-content-box-hover .link-area-link-icon-hover .icon .circle-no,\n\t\t\t.fusion-content-boxes-3 .fusion-content-box-hover .link-area-box-hover .icon .circle-no {\n\t\t\t\tcolor: #000000 !important;\n\t\t\t}\n\t\t\t.fusion-content-boxes-3 .fusion-content-box-hover .heading-link:hover .icon i.circle-yes,\n\t\t\t.fusion-content-boxes-3 .fusion-content-box-hover .link-area-box:hover .heading-link .icon i.circle-yes,\n\t\t\t.fusion-content-boxes-3 .fusion-content-box-hover .link-area-link-icon-hover .heading .icon i.circle-yes,\n\t\t\t.fusion-content-boxes-3 .fusion-content-box-hover .link-area-box-hover .heading .icon i.circle-yes {\n\t\t\t\tbackground-color: #000000 !important;\n\t\t\t\tborder-color: #000000 !important;\n\t\t\t}<\/style><div class=\"fusion-column content-box-column content-box-column content-box-column-1 col-lg-12 col-md-12 col-sm-12 fusion-content-box-hover  content-box-column-last content-box-column-last-in-row\"><div class=\"col content-wrapper content-wrapper-boxed link-area-link-icon icon-hover-animation-fade fusion-animated\" style=\"background-color:rgba(255,255,255,0);\" data-animationType=\"fadeInUp\" data-animationDuration=\"0.3\" data-animationOffset=\"100%\"><div class=\"heading heading-with-icon icon-left\"><div class=\"icon\"><i style=\"border-color:#333333;border-width:1px;background-color:#000000;height:64px;width:64px;line-height:64px;top:-82px;margin-left:-32px;border-radius:50%;color:#ffffff;font-size:32px;\" class=\"fa fontawesome-icon fa-check circle-yes\"><\/i><\/div><h2 class=\"content-box-heading\" style=\"font-size:22px;line-height:27px;\">MISION Y VISION<\/h2><\/div><div class=\"fusion-clearfix\"><\/div><div class=\"content-container\" style=\"color:#000000;\">\n<h3 style=\"text-align: center;\">Es nuestra misi\u00f3n el satisfacer las necesidades de nuestros clientes como proveedores confiables que cumplan o excedan sus expectativas de servicio calidad precio y oportunidad. Nuestra visi\u00f3n esta enfocada en posicionarnos a nivel nacional como una de las mejores alternativas en calidad\u00a0y precio de nuestros equipos y servicios.<\/h3>\n<\/div><\/div><\/div><div class=\"fusion-clearfix\"><\/div><div class=\"fusion-clearfix\"><\/div><\/div><\/div><\/div><div class=\"fusion-clearfix\"><\/div>\n\t\t\t<\/div>\n\t\t\t<span class=\"fusion-column-inner-bg hover-type-zoomin\">\n\t\t\t\t<a >\n\t\t\t\t\t<span class=\"fusion-column-inner-bg-image\" style=\"background-color:rgba(255,255,255,0.71);background-position:left top;background-repeat:no-repeat;-webkit-background-size:cover;-moz-background-size:cover;-o-background-size:cover;background-size:cover;\">\n\t\t\t\t\t<\/span>\n\t\t\t\t<\/a>\n\t\t\t<\/span>\n\t\t<\/div><div  class=\"fusion-layout-column fusion_builder_column fusion_builder_column_1_1  fusion-one-full fusion-column-first fusion-column-last 1_1\"  style='margin-top:0px;margin-bottom:20px;'>\n\t\t\t<div class=\"fusion-column-wrapper\"  style=\"background-color:rgba(255,255,255,0.7);background-position:left top;background-repeat:no-repeat;-webkit-background-size:cover;-moz-background-size:cover;-o-background-size:cover;background-size:cover;\"  data-bg-url=\"\">\n\t\t\t\t<h2 style=\"text-align: center;\">\u00daNETE A NUESTRAS REDES SOCIALES<\/h2>\n<div class=\"aligncenter\"><div class=\"fusion-social-links\"><div class=\"fusion-social-networks boxed-icons\"><div class=\"fusion-social-networks-wrapper\"><a class=\"fusion-social-network-icon fusion-tooltip fusion-facebook fusion-icon-facebook\" style=\"color:#ffffff;background-color:#3b5998;border-color:#3b5998;border-radius:5px;\" target=\"_blank\" rel=\"noopener noreferrer\" href=\"https:\/\/www.facebook.com\/Solucion-Digital-del-Baj%C3%ADo-SA-de-CV-1889446241292161\/\" data-placement=\"top\" data-title=\"Facebook\" data-toggle=\"tooltip\" title=\"Facebook\"><\/a><a class=\"fusion-social-network-icon fusion-tooltip fusion-googleplus fusion-icon-googleplus\" style=\"color:#ffffff;background-color:#dc4e41;border-color:#dc4e41;border-radius:5px;\" target=\"_blank\" rel=\"noopener noreferrer\" href=\"https:\/\/plus.google.com\/112053593147981002149\" data-placement=\"top\" data-title=\"Google+\" data-toggle=\"tooltip\" title=\"Google+\"><\/a><a class=\"fusion-social-network-icon fusion-tooltip fusion-youtube fusion-icon-youtube\" style=\"color:#ffffff;background-color:#cd201f;border-color:#cd201f;border-radius:5px;\" target=\"_blank\" rel=\"noopener noreferrer\" href=\"#\" data-placement=\"top\" data-title=\"Youtube\" data-toggle=\"tooltip\" title=\"Youtube\"><\/a><\/div><\/div><\/div><\/div><div class=\"fusion-clearfix\"><\/div>\n\t\t\t<\/div>\n\t\t<\/div><\/div><\/div><div  class=\"fusion-fullwidth fullwidth-box fusion-parallax-none nonhundred-percent-fullwidth\"  style='background-color: rgba(255,255,255,0);background-image: url(\"http:\/\/soluciondigitaldelbajio.com.mx\/site\/wp-content\/uploads\/2017\/01\/bg-unete-ahora.jpg\");background-position: center center;background-repeat: no-repeat;padding-top:20px;padding-right:0px;padding-bottom:20px;padding-left:0px;-webkit-background-size:cover;-moz-background-size:cover;-o-background-size:cover;background-size:cover;background-attachment:none;'><div class=\"fusion-builder-row fusion-row \"><div  class=\"fusion-layout-column fusion_builder_column fusion_builder_column_1_1  fusion-one-full fusion-column-first fusion-column-last 1_1\"  style='margin-top:100px;margin-bottom:100px;'>\n\t\t\t<div class=\"fusion-column-wrapper\"  style=\"padding: 0px 0px 0px 0px;background-position:left top;background-repeat:no-repeat;-webkit-background-size:cover;-moz-background-size:cover;-o-background-size:cover;background-size:cover;\"  data-bg-url=\"\">\n\t\t\t\t<h1 style=\"text-align: center;\"><span style=\"color: #ffffff;\">REGISTRATE EN NUESTRO BOLETIN<\/span><\/h1>\n<h2 style=\"text-align: center;\"><span style=\"color: #ffffff;\">RECIBE NUESTRAS MAS RECIENTES NOTICIAS Y PROMOCIONES<\/span><\/h2>\n<p style=\"text-align: center;\">\n<div class=\"wpcf7 no-js\" id=\"wpcf7-f187-o1\" lang=\"en-US\" dir=\"ltr\" data-wpcf7-id=\"187\">\n<div class=\"screen-reader-response\"><p role=\"status\" aria-live=\"polite\" aria-atomic=\"true\"><\/p> <ul><\/ul><\/div>\n<form action=\"\/site\/wp-json\/wp\/v2\/pages\/270#wpcf7-f187-o1\" method=\"post\" class=\"wpcf7-form init\" aria-label=\"Contact form\" novalidate=\"novalidate\" data-status=\"init\">\n<div style=\"display: none;\">\n<input type=\"hidden\" name=\"_wpcf7\" value=\"187\" \/>\n<input type=\"hidden\" name=\"_wpcf7_version\" value=\"6.0.6\" \/>\n<input type=\"hidden\" name=\"_wpcf7_locale\" value=\"en_US\" \/>\n<input type=\"hidden\" name=\"_wpcf7_unit_tag\" value=\"wpcf7-f187-o1\" \/>\n<input type=\"hidden\" name=\"_wpcf7_container_post\" value=\"0\" \/>\n<input type=\"hidden\" name=\"_wpcf7_posted_data_hash\" value=\"\" \/>\n<\/div>\n<p><label><span class=\"wpcf7-form-control-wrap\" data-name=\"your-email\"><input size=\"40\" maxlength=\"400\" class=\"wpcf7-form-control wpcf7-email wpcf7-validates-as-required wpcf7-text wpcf7-validates-as-email contact\" aria-required=\"true\" aria-invalid=\"false\" placeholder=\"ESCRIBE TU EMAIL AQU\u00cd\" value=\"\" type=\"email\" name=\"your-email\" \/><\/span><\/label><br \/>\n\t<center><input class=\"wpcf7-form-control wpcf7-submit has-spinner\" type=\"submit\" value=\"&nbsp;&nbsp;&nbsp;&nbsp;REGISTRATE&nbsp;&nbsp;&nbsp;&nbsp;\" \/>\n\t<\/center>\n<\/p><div class=\"wpcf7-response-output\" aria-hidden=\"true\"><\/div>\n<\/form>\n<\/div>\n<\/p>\n<div class=\"fusion-clearfix\"><\/div>\n\t\t\t<\/div>\n\t\t<\/div><\/div><\/div><\/p>\n","protected":false},"excerpt":{"rendered":"","protected":false},"author":1,"featured_media":0,"parent":0,"menu_order":0,"comment_status":"closed","ping_status":"closed","template":"100-width.php","meta":{"footnotes":""},"class_list":["post-270","page","type-page","status-publish","hentry"],"aioseo_notices":[],"_links":{"self":[{"href":"https:\/\/soluciondigitaldelbajio.com.mx\/site\/wp-json\/wp\/v2\/pages\/270","targetHints":{"allow":["GET"]}}],"collection":[{"href":"https:\/\/soluciondigitaldelbajio.com.mx\/site\/wp-json\/wp\/v2\/pages"}],"about":[{"href":"https:\/\/soluciondigitaldelbajio.com.mx\/site\/wp-json\/wp\/v2\/types\/page"}],"author":[{"embeddable":true,"href":"https:\/\/soluciondigitaldelbajio.com.mx\/site\/wp-json\/wp\/v2\/users\/1"}],"replies":[{"embeddable":true,"href":"https:\/\/soluciondigitaldelbajio.com.mx\/site\/wp-json\/wp\/v2\/comments?post=270"}],"version-history":[{"count":23,"href":"https:\/\/soluciondigitaldelbajio.com.mx\/site\/wp-json\/wp\/v2\/pages\/270\/revisions"}],"predecessor-version":[{"id":294,"href":"https:\/\/soluciondigitaldelbajio.com.mx\/site\/wp-json\/wp\/v2\/pages\/270\/revisions\/294"}],"wp:attachment":[{"href":"https:\/\/soluciondigitaldelbajio.com.mx\/site\/wp-json\/wp\/v2\/media?parent=270"}],"curies":[{"name":"wp","href":"https:\/\/api.w.org\/{rel}","templated":true}]}}