{"id":349,"date":"2017-01-19T00:13:29","date_gmt":"2017-01-19T00:13:29","guid":{"rendered":"http:\/\/soluciondigitaldelbajio.com.mx\/site\/?page_id=349"},"modified":"2017-03-02T17:00:11","modified_gmt":"2017-03-02T17:00:11","slug":"servicio-tecnicos-certificados-canon-ricoh-kyocera-oce-mexico","status":"publish","type":"page","link":"https:\/\/soluciondigitaldelbajio.com.mx\/site\/servicio-tecnicos-certificados-canon-ricoh-kyocera-oce-mexico\/","title":{"rendered":"SERVICIOS"},"content":{"rendered":"<p><div  class=\"fusion-fullwidth fullwidth-box video-background nonhundred-percent-fullwidth\"  style='background-color: rgba(255,255,255,0);background-position: center center;background-repeat: no-repeat;padding-top:20px;padding-right:0px;padding-bottom:20px;padding-left:0px;'><div class=\"fullwidth-video\"><video preload=\"auto\" autoplay loop muted><source src=\"http:\/\/soluciondigitaldelbajio.com.mx\/site\/wp-content\/uploads\/2017\/01\/fondo-servicios.mp4\" type=\"video\/mp4\"><\/video><\/div><div class=\"fusion-builder-row fusion-row \"><div  class=\"fusion-layout-column fusion_builder_column fusion_builder_column_1_1  fusion-one-full fusion-column-first fusion-column-last 1_1\"  style='margin-top:20px;margin-bottom:20px;'>\n\t\t\t<div class=\"fusion-column-wrapper fusion-animated\"  data-animationType=zoomInLeft data-animationDuration=0.3 data-animationOffset=100% style=\"background-color:rgba(255,255,255,0.59);padding: 20px 20px 20px 20px;background-position:left top;background-repeat:no-repeat;-webkit-background-size:cover;-moz-background-size:cover;-o-background-size:cover;background-size:cover;\"  data-bg-url=\"\">\n\t\t\t\t<div class=\"fusion-column-table\"><div class=\"fusion-column-tablecell\"><h1 style=\"text-align: center;\"><span style=\"color: #000000;\">P\u00d3LIZAS DE SERVICIO<\/span><\/h1>\n<h2 style=\"text-align: center;\"><span style=\"color: #000000;\">OBTENGA EL MEJOR PROVECHO AL CONTRATAR NUESTRA P\u00d3LIZA MENSUAL\u00a0<\/span><\/h2>\n<h3 style=\"text-align: center;\"><span style=\"color: #000000;\">Nuestras p\u00f3lizas de servicio est\u00e1n dise\u00f1adas de acuerdo a sus necesidades y requerimientos, pero al contratarlas obtiene m\u00faltiples beneficios para su grupo de trabajo ya que obtiene servicio t\u00e9cnico certificado, mantenimientos de acuerdo a su vol\u00famen de trabajo para que su equipo funcione siempre up time.<\/span><\/h3>\n<h3 style=\"text-align: center;\">Cont\u00e1ctenos para presentarle m\u00e1s informaci\u00f3n y asesorarle de acuerdo a sus necesidades.<\/h3>\n<div class=\"fusion-button-wrapper fusion-aligncenter\"><style type=\"text\/css\" scoped=\"scoped\">.fusion-button.button-1 .fusion-button-text, .fusion-button.button-1 i {color:#fff;}.fusion-button.button-1 {border-width:0px;border-color:#fff;}.fusion-button.button-1 .fusion-button-icon-divider{border-color:#fff;}.fusion-button.button-1:hover .fusion-button-text, .fusion-button.button-1:hover i,.fusion-button.button-1:focus .fusion-button-text, .fusion-button.button-1:focus i,.fusion-button.button-1:active .fusion-button-text, .fusion-button.button-1:active{color:#f4f4f4;}.fusion-button.button-1:hover, .fusion-button.button-1:focus, .fusion-button.button-1:active{border-width:0px;border-color:#f4f4f4;}.fusion-button.button-1:hover .fusion-button-icon-divider, .fusion-button.button-1:hover .fusion-button-icon-divider, .fusion-button.button-1:active .fusion-button-icon-divider{border-color:#f4f4f4;}.fusion-button.button-1{background: #0073aa;\n\t\t\t\t\tbackground-image: -webkit-gradient( linear, left bottom, left top, from( #025983 ), to( #0073aa ) );\n\t\t\t\t\tbackground-image: -webkit-linear-gradient( bottom, #025983, #0073aa );\n\t\t\t\t\tbackground-image:   -moz-linear-gradient( bottom, #025983, #0073aa );\n\t\t\t\t\tbackground-image:     -o-linear-gradient( bottom, #025983, #0073aa );\n\t\t\t\t\tbackground-image: linear-gradient( to top, #025983, #0073aa );}.fusion-button.button-1:hover,.button-1:focus,.fusion-button.button-1:active{background: #025983;\n\t\t\t\t\tbackground-image: -webkit-gradient( linear, left bottom, left top, from( #0073aa ), to( #025983 ) );\n\t\t\t\t\tbackground-image: -webkit-linear-gradient( bottom, #0073aa, #025983 );\n\t\t\t\t\tbackground-image:   -moz-linear-gradient( bottom, #0073aa, #025983 );\n\t\t\t\t\tbackground-image:     -o-linear-gradient( bottom, #0073aa, #025983 );\n\t\t\t\t\tbackground-image: linear-gradient( to top, #0073aa, #025983 );}.fusion-button.button-1{width:auto;}<\/style><a class=\"fusion-button button-flat button-round button-large button-custom button-1\" target=\"_self\" title=\"Solicitar informaci\u00f3n\" href=\"http:\/\/soluciondigitaldelbajio.com.mx\/site\/distribuidor-canon-ricoh-kyocera-oce-san-luis-potosi\/?your-subject= Interesado en P\u00f3lizas de Servicio\"><span class=\"fusion-button-icon-divider button-icon-divider-left\"><i class=\"fa fa-bars\"><\/i><\/span><span class=\"fusion-button-text fusion-button-text-left\">Solicitar Informaci\u00f3n<\/span><\/a><\/div>\n<\/div><\/div><div class=\"fusion-clearfix\"><\/div>\n\t\t\t<\/div>\n\t\t<\/div><\/div><\/div><div class=\"fusion-bg-parallax\"  data-bg-align=\"center center\" data-direction=\"left\" data-mute=\"false\" data-opacity=\"100\" data-velocity=\"-0.3\" data-mobile-enabled=\"true\" data-break_parents=\"0\" data-bg-image=\"http:\/\/soluciondigitaldelbajio.com.mx\/site\/wp-content\/uploads\/2017\/01\/bg-mundo.jpg\" data-bg-repeat=\"false\" data-bg-height=\"\" data-bg-width=\"\"><\/div><div  class=\"fusion-fullwidth fullwidth-box fusion-parallax-left nonhundred-percent-fullwidth\"  style='background-color: rgba(255,255,255,0);background-image: url(\"http:\/\/soluciondigitaldelbajio.com.mx\/site\/wp-content\/uploads\/2017\/01\/bg-mundo.jpg\");background-position: center center;background-repeat: no-repeat;padding-top:50px;padding-right:0px;padding-bottom:50px;padding-left:0px;-webkit-background-size:cover;-moz-background-size:cover;-o-background-size:cover;background-size:cover;background-attachment:left;'><div class=\"fusion-builder-row fusion-row \"><div  class=\"fusion-layout-column fusion_builder_column fusion_builder_column_1_2  fusion-one-half fusion-column-first fusion-column-inner-bg-wrapper 1_2\"  style='margin-top:0px;margin-bottom:0px;width:50%;width:calc(50% - ( ( 4% ) * 0.5 ) );margin-right: 4%;'>\n\t\t\t<div class=\"fusion-column-wrapper\"  style=\"padding: 30px 30px 30px 30px;\" data-bg-url=\"\">\n\t\t\t\t<h1 style=\"text-align: center;\">VENTA DE EQUIPO<\/h1>\n<p>Contamos con una amplia gama de equipos <strong>Nuevos<\/strong> o <strong>Remanufacturados<\/strong>, para satisfacer las necesidades del cliente. No importa si eres una peque\u00f1a, mediana o grande empresa, en <strong>Soluci\u00f3n Digital del Bajio S.A. de C.V.<\/strong> tenemos la mejor opci\u00f3n para ti.<\/p>\n<p>Contamos con:<\/p>\n<ul>\n<li>Equipos Multifuncionales Blanco y Negro<\/li>\n<li>Equipos Multifuncionales de Color.<\/li>\n<li>Impresoras<\/li>\n<li>Esc\u00e1ners<\/li>\n<li>Plotters<\/li>\n<li>Prensas Digitales<\/li>\n<\/ul>\n<div class=\"fusion-clearfix\"><\/div>\n\t\t\t<\/div>\n\t\t\t<span class=\"fusion-column-inner-bg hover-type-zoomin\">\n\t\t\t\t<a >\n\t\t\t\t\t<span class=\"fusion-column-inner-bg-image\" style=\"background-color:rgba(255,255,255,0.7);background-position:left top;background-repeat:no-repeat;-webkit-background-size:cover;-moz-background-size:cover;-o-background-size:cover;background-size:cover;\">\n\t\t\t\t\t<\/span>\n\t\t\t\t<\/a>\n\t\t\t<\/span>\n\t\t<\/div><div  class=\"fusion-layout-column fusion_builder_column fusion_builder_column_1_2  fusion-one-half fusion-column-last fusion-column-inner-bg-wrapper 1_2\"  style='margin-top:0px;margin-bottom:20px;width:50%;width:calc(50% - ( ( 4% ) * 0.5 ) );'>\n\t\t\t<div class=\"fusion-column-wrapper\"  style=\"padding: 30px 30px 30px 30px;\" data-bg-url=\"\">\n\t\t\t\t<h1 style=\"text-align: center;\">RENTA DE EQUIPO<\/h1>\n<p>Aproveche las ventajas de rentar un equipo ya sea por contrato mensual, anual o eventos especiales.<\/p>\n<ul>\n<li>Ahorre en Servicio T\u00e9cnico y Consumibles<\/li>\n<li>Capacitaci\u00f3n de uso y soporte remoto inclu\u00eddo<\/li>\n<li>Contamos con equipos disponibles para entrega inmediata.<\/li>\n<li>Tenemos las mejores opciones para cubrir sus necesidades y vol\u00famenes de copiado.<\/li>\n<li>Equipos de \u00faltima tecnolog\u00eda a su disposici\u00f3n.<\/li>\n<li>El mejor costo por copia del mercado.<\/li>\n<li>Nuestras rentas incluyen el mejor servicio, refacciones y consumibles originales.<\/li>\n<li>Renta desde un d\u00eda en eventos especiales.<\/li>\n<li>Somos su mejor opci\u00f3n. Cont\u00e1ctenos Click Aqu\u00ed.<\/li>\n<\/ul>\n<div class=\"fusion-clearfix\"><\/div>\n\t\t\t<\/div>\n\t\t\t<span class=\"fusion-column-inner-bg hover-type-zoomin\">\n\t\t\t\t<a >\n\t\t\t\t\t<span class=\"fusion-column-inner-bg-image\" style=\"background-color:rgba(255,255,255,0.7);background-position:left top;background-repeat:no-repeat;-webkit-background-size:cover;-moz-background-size:cover;-o-background-size:cover;background-size:cover;\">\n\t\t\t\t\t<\/span>\n\t\t\t\t<\/a>\n\t\t\t<\/span>\n\t\t<\/div><div  class=\"fusion-layout-column fusion_builder_column fusion_builder_column_1_1  fusion-one-full fusion-column-first fusion-column-last fusion-column-inner-bg-wrapper 1_1\"  style='margin-top:20px;margin-bottom:20px;'>\n\t\t\t<div class=\"fusion-column-wrapper fusion-animated\"  data-animationType=zoomInLeft data-animationDuration=0.3 data-animationOffset=100% style=\"padding: 20px 20px 20px 20px;\" data-bg-url=\"http:\/\/soluciondigitaldelbajio.com.mx\/site\/wp-content\/uploads\/2017\/01\/bg-centro-copiado.jpg\">\n\t\t\t\t<h1 style=\"text-align: center;\"><span style=\"color: #ffffff;\">CENTRO DE COPIADO<\/span><\/h1>\n<h2 style=\"text-align: center;\"><span style=\"color: #ffffff;\">\u00bfTiene problemas para sacar sus copias, imprimir sus manuales y todo tipo de papeler\u00eda? Ya no se preocupe.<\/span><\/h2>\n<h3 style=\"text-align: center;\"><span style=\"color: #ffffff;\">Con un click en su computadora nos puede mandar por correo electr\u00f3nico su trabajo y listo se lo enviamos a cualquier ciudad de la Rep\u00fablica Mexicana. En San Luis Potos\u00ed, \u00a0Monterrey, Saltillo y Reynosa tenemos personal que se lo entregar\u00e1 en su domicilio. Para otras ciudades se las envi\u00e1mos por paqueter\u00eda, la que sea de su confianza. La m\u00e1s alta calidad y confianza.<\/span><\/h3>\n<p style=\"text-align: left;\"><span style=\"color: #ffffff;\">Servicios<\/span><br \/>\n<span style=\"color: #ffffff;\"> \u2022 Copias a color, blanco y negro, acetatos, impresi\u00f3n, digitalizada.<\/span><br \/>\n<span style=\"color: #ffffff;\"> \u2022 Recibimos trabajos por correo electr\u00f3nico, recolecci\u00f3n y entrega por volumen.<\/span><br \/>\n<span style=\"color: #ffffff;\"> \u2022 Nosotros sabemos c\u00f3mo.<\/span><br \/>\n<span style=\"color: #ffffff;\"> \u2022 Somos su mejor opci\u00f3n.<\/span><br \/>\n<span style=\"color: #ffffff;\"> \u2022 Queremos atenderlo y que reciba el mejor servicio, cont\u00e1ctenos ahora y con gusto lo atenderemos.<\/span><\/p>\n<div class=\"fusion-clearfix\"><\/div>\n\t\t\t<\/div>\n\t\t\t<span class=\"fusion-column-inner-bg hover-type-zoomin\">\n\t\t\t\t<a href=\"http:\/\/soluciondigitaldelbajio.com.mx\/site\/distribuidor-canon-ricoh-kyocera-oce-san-luis-potosi\/?your-subject= Interesado en Centros de Copiado\">\n\t\t\t\t\t<span class=\"fusion-column-inner-bg-image\" style=\"background-image: url('http:\/\/soluciondigitaldelbajio.com.mx\/site\/wp-content\/uploads\/2017\/01\/bg-centro-copiado.jpg');background-position:left top;background-repeat:no-repeat;-webkit-background-size:cover;-moz-background-size:cover;-o-background-size:cover;background-size:cover;\">\n\t\t\t\t\t<\/span>\n\t\t\t\t<\/a>\n\t\t\t<\/span>\n\t\t<\/div><div  class=\"fusion-layout-column fusion_builder_column fusion_builder_column_1_2  fusion-one-half fusion-column-first fusion-column-inner-bg-wrapper 1_2\"  style='margin-top:20px;margin-bottom:0px;width:50%;width:calc(50% - ( ( 4% ) * 0.5 ) );margin-right: 4%;'>\n\t\t\t<div class=\"fusion-column-wrapper\"  style=\"padding: 30px 30px 30px 30px;\" data-bg-url=\"\">\n\t\t\t\t<h1 style=\"text-align: center;\">VENTA DE CONSUMIBLES Y REFACCIONES<\/h1>\n<p>Venta de consumibles y refacciones para tus equipos, manejamos todas las marcas al mejor precio en el mercado.<\/p>\n<p>Cont\u00e1ctanos para tener una atenci\u00f3n m\u00e1s personalizada.<\/p>\n<div class=\"fusion-clearfix\"><\/div>\n\t\t\t<\/div>\n\t\t\t<span class=\"fusion-column-inner-bg hover-type-zoomin\">\n\t\t\t\t<a >\n\t\t\t\t\t<span class=\"fusion-column-inner-bg-image\" style=\"background-color:rgba(255,255,255,0.7);background-position:left top;background-repeat:no-repeat;-webkit-background-size:cover;-moz-background-size:cover;-o-background-size:cover;background-size:cover;\">\n\t\t\t\t\t<\/span>\n\t\t\t\t<\/a>\n\t\t\t<\/span>\n\t\t<\/div><div  class=\"fusion-layout-column fusion_builder_column fusion_builder_column_1_2  fusion-one-half fusion-column-last fusion-column-inner-bg-wrapper 1_2\"  style='margin-top:20px;margin-bottom:20px;width:50%;width:calc(50% - ( ( 4% ) * 0.5 ) );'>\n\t\t\t<div class=\"fusion-column-wrapper\"  style=\"padding: 30px 30px 30px 30px;\" data-bg-url=\"\">\n\t\t\t\t<h1 style=\"text-align: center;\">SERVICIO T\u00c9CNICO CERTIFICADO<\/h1>\n<p>Contamos con un gran n\u00famero de t\u00e9cnicos especializados, capacitados y certificados por cada una de nuestras marcas, con el fin de tener el tiempo de respuesta m\u00e1s r\u00e1pido y eficiente de la localidad.<\/p>\n<div class=\"fusion-clearfix\"><\/div>\n\t\t\t<\/div>\n\t\t\t<span class=\"fusion-column-inner-bg hover-type-zoomin\">\n\t\t\t\t<a >\n\t\t\t\t\t<span class=\"fusion-column-inner-bg-image\" style=\"background-color:rgba(255,255,255,0.7);background-position:left top;background-repeat:no-repeat;-webkit-background-size:cover;-moz-background-size:cover;-o-background-size:cover;background-size:cover;\">\n\t\t\t\t\t<\/span>\n\t\t\t\t<\/a>\n\t\t\t<\/span>\n\t\t<\/div><div  class=\"fusion-layout-column fusion_builder_column fusion_builder_column_1_1  fusion-one-full fusion-column-first fusion-column-last 1_1\"  style='margin-top:0px;margin-bottom:20px;'>\n\t\t\t<div class=\"fusion-column-wrapper\"  style=\"background-position:left top;background-repeat:no-repeat;-webkit-background-size:cover;-moz-background-size:cover;-o-background-size:cover;background-size:cover;\"  data-bg-url=\"\">\n\t\t\t\t<div class=\"fusion-button-wrapper fusion-aligncenter\"><style type=\"text\/css\" scoped=\"scoped\">.fusion-button.button-2 .fusion-button-text, .fusion-button.button-2 i {color:#ffffff;}.fusion-button.button-2 {border-width:0px;border-color:#ffffff;}.fusion-button.button-2 .fusion-button-icon-divider{border-color:#ffffff;}.fusion-button.button-2:hover .fusion-button-text, .fusion-button.button-2:hover i,.fusion-button.button-2:focus .fusion-button-text, .fusion-button.button-2:focus i,.fusion-button.button-2:active .fusion-button-text, .fusion-button.button-2:active{color:#f4f4f4;}.fusion-button.button-2:hover, .fusion-button.button-2:focus, .fusion-button.button-2:active{border-width:0px;border-color:#f4f4f4;}.fusion-button.button-2:hover .fusion-button-icon-divider, .fusion-button.button-2:hover .fusion-button-icon-divider, .fusion-button.button-2:active .fusion-button-icon-divider{border-color:#f4f4f4;}.fusion-button.button-2{width:auto;}<\/style><a class=\"fusion-button button-flat button-round button-xlarge button-default button-2\" target=\"_self\" title=\"SOLICITAR INFORMACI\u00d3N DE NUESTROS SERVICIOS AQU\u00cd\" href=\"http:\/\/soluciondigitaldelbajio.com.mx\/site\/distribuidor-canon-ricoh-kyocera-oce-san-luis-potosi\/?your-subject= Interesado en Servicios Soluci\u00f3n Digital del Baj\u00edo\"><span class=\"fusion-button-icon-divider button-icon-divider-left\"><i class=\"fa fa-align-justify\"><\/i><\/span><span class=\"fusion-button-text fusion-button-text-left\">SOLICITAR INFORMACI\u00d3N DE NUESTROS SERVICIOS AQU\u00cd<\/span><\/a><\/div><div class=\"fusion-clearfix\"><\/div>\n\t\t\t<\/div>\n\t\t<\/div><div  class=\"fusion-layout-column fusion_builder_column fusion_builder_column_1_1  fusion-one-full fusion-column-first fusion-column-last 1_1\"  style='margin-top:20px;margin-bottom:20px;'>\n\t\t\t<div class=\"fusion-column-wrapper\"  style=\"background-color:rgba(255,255,255,0.7);background-position:left top;background-repeat:no-repeat;-webkit-background-size:cover;-moz-background-size:cover;-o-background-size:cover;background-size:cover;\"  data-bg-url=\"\">\n\t\t\t\t<h2 style=\"text-align: center;\">\u00daNETE A NUESTRAS REDES SOCIALES<\/h2>\n<div class=\"aligncenter\"><div class=\"fusion-social-links\"><div class=\"fusion-social-networks boxed-icons\"><div class=\"fusion-social-networks-wrapper\"><a class=\"fusion-social-network-icon fusion-tooltip fusion-facebook fusion-icon-facebook\" style=\"color:#ffffff;background-color:#3b5998;border-color:#3b5998;border-radius:5px;\" target=\"_blank\" rel=\"noopener noreferrer\" href=\"https:\/\/www.facebook.com\/Solucion-Digital-del-Baj%C3%ADo-SA-de-CV-1889446241292161\/\" data-placement=\"top\" data-title=\"Facebook\" data-toggle=\"tooltip\" title=\"Facebook\"><\/a><a class=\"fusion-social-network-icon fusion-tooltip fusion-googleplus fusion-icon-googleplus\" style=\"color:#ffffff;background-color:#dc4e41;border-color:#dc4e41;border-radius:5px;\" target=\"_blank\" rel=\"noopener noreferrer\" href=\"https:\/\/plus.google.com\/112053593147981002149\" data-placement=\"top\" data-title=\"Google+\" data-toggle=\"tooltip\" title=\"Google+\"><\/a><a class=\"fusion-social-network-icon fusion-tooltip fusion-youtube fusion-icon-youtube\" style=\"color:#ffffff;background-color:#cd201f;border-color:#cd201f;border-radius:5px;\" target=\"_blank\" rel=\"noopener noreferrer\" href=\"#\" data-placement=\"top\" data-title=\"Youtube\" data-toggle=\"tooltip\" title=\"Youtube\"><\/a><\/div><\/div><\/div><\/div><div class=\"fusion-clearfix\"><\/div>\n\t\t\t<\/div>\n\t\t<\/div><\/div><\/div><div  class=\"fusion-fullwidth fullwidth-box fusion-parallax-none nonhundred-percent-fullwidth\"  style='background-color: rgba(255,255,255,0);background-image: url(\"http:\/\/soluciondigitaldelbajio.com.mx\/site\/wp-content\/uploads\/2017\/01\/bg-unete-ahora.jpg\");background-position: center center;background-repeat: no-repeat;padding-top:20px;padding-right:0px;padding-bottom:20px;padding-left:0px;-webkit-background-size:cover;-moz-background-size:cover;-o-background-size:cover;background-size:cover;background-attachment:none;'><div class=\"fusion-builder-row fusion-row \"><div  class=\"fusion-layout-column fusion_builder_column fusion_builder_column_1_1  fusion-one-full fusion-column-first fusion-column-last 1_1\"  style='margin-top:100px;margin-bottom:100px;'>\n\t\t\t<div class=\"fusion-column-wrapper\"  style=\"padding: 0px 0px 0px 0px;background-position:left top;background-repeat:no-repeat;-webkit-background-size:cover;-moz-background-size:cover;-o-background-size:cover;background-size:cover;\"  data-bg-url=\"\">\n\t\t\t\t<h1 style=\"text-align: center;\"><span style=\"color: #ffffff;\">REGISTRATE EN NUESTRO BOLETIN<\/span><\/h1>\n<h2 style=\"text-align: center;\"><span style=\"color: #ffffff;\">RECIBE NUESTRAS MAS RECIENTES NOTICIAS Y PROMOCIONES<\/span><\/h2>\n<p style=\"text-align: center;\">\n<div class=\"wpcf7 no-js\" id=\"wpcf7-f187-o1\" lang=\"en-US\" dir=\"ltr\" data-wpcf7-id=\"187\">\n<div class=\"screen-reader-response\"><p role=\"status\" aria-live=\"polite\" aria-atomic=\"true\"><\/p> <ul><\/ul><\/div>\n<form action=\"\/site\/wp-json\/wp\/v2\/pages\/349#wpcf7-f187-o1\" method=\"post\" class=\"wpcf7-form init\" aria-label=\"Contact form\" novalidate=\"novalidate\" data-status=\"init\">\n<div style=\"display: none;\">\n<input type=\"hidden\" name=\"_wpcf7\" value=\"187\" \/>\n<input type=\"hidden\" name=\"_wpcf7_version\" value=\"6.0.6\" \/>\n<input type=\"hidden\" name=\"_wpcf7_locale\" value=\"en_US\" \/>\n<input type=\"hidden\" name=\"_wpcf7_unit_tag\" value=\"wpcf7-f187-o1\" \/>\n<input type=\"hidden\" name=\"_wpcf7_container_post\" value=\"0\" \/>\n<input type=\"hidden\" name=\"_wpcf7_posted_data_hash\" value=\"\" \/>\n<\/div>\n<p><label><span class=\"wpcf7-form-control-wrap\" data-name=\"your-email\"><input size=\"40\" maxlength=\"400\" class=\"wpcf7-form-control wpcf7-email wpcf7-validates-as-required wpcf7-text wpcf7-validates-as-email contact\" aria-required=\"true\" aria-invalid=\"false\" placeholder=\"ESCRIBE TU EMAIL AQU\u00cd\" value=\"\" type=\"email\" name=\"your-email\" \/><\/span><\/label><br \/>\n\t<center><input class=\"wpcf7-form-control wpcf7-submit has-spinner\" type=\"submit\" value=\"&nbsp;&nbsp;&nbsp;&nbsp;REGISTRATE&nbsp;&nbsp;&nbsp;&nbsp;\" \/>\n\t<\/center>\n<\/p><div class=\"wpcf7-response-output\" aria-hidden=\"true\"><\/div>\n<\/form>\n<\/div>\n<\/p>\n<div class=\"fusion-clearfix\"><\/div>\n\t\t\t<\/div>\n\t\t<\/div><\/div><\/div><\/p>\n","protected":false},"excerpt":{"rendered":"","protected":false},"author":1,"featured_media":0,"parent":0,"menu_order":0,"comment_status":"closed","ping_status":"closed","template":"100-width.php","meta":{"footnotes":""},"class_list":["post-349","page","type-page","status-publish","hentry"],"aioseo_notices":[],"_links":{"self":[{"href":"https:\/\/soluciondigitaldelbajio.com.mx\/site\/wp-json\/wp\/v2\/pages\/349","targetHints":{"allow":["GET"]}}],"collection":[{"href":"https:\/\/soluciondigitaldelbajio.com.mx\/site\/wp-json\/wp\/v2\/pages"}],"about":[{"href":"https:\/\/soluciondigitaldelbajio.com.mx\/site\/wp-json\/wp\/v2\/types\/page"}],"author":[{"embeddable":true,"href":"https:\/\/soluciondigitaldelbajio.com.mx\/site\/wp-json\/wp\/v2\/users\/1"}],"replies":[{"embeddable":true,"href":"https:\/\/soluciondigitaldelbajio.com.mx\/site\/wp-json\/wp\/v2\/comments?post=349"}],"version-history":[{"count":36,"href":"https:\/\/soluciondigitaldelbajio.com.mx\/site\/wp-json\/wp\/v2\/pages\/349\/revisions"}],"predecessor-version":[{"id":776,"href":"https:\/\/soluciondigitaldelbajio.com.mx\/site\/wp-json\/wp\/v2\/pages\/349\/revisions\/776"}],"wp:attachment":[{"href":"https:\/\/soluciondigitaldelbajio.com.mx\/site\/wp-json\/wp\/v2\/media?parent=349"}],"curies":[{"name":"wp","href":"https:\/\/api.w.org\/{rel}","templated":true}]}}