{"id":158,"date":"2017-01-10T01:41:47","date_gmt":"2017-01-10T01:41:47","guid":{"rendered":"http:\/\/soluciondigitaldelbajio.com.mx\/site\/index.php\/product\/escaner-canon-imageformula-p-208\/"},"modified":"2017-02-21T03:20:27","modified_gmt":"2017-02-21T03:20:27","slug":"escaner-canon-imageformula-p-208","status":"publish","type":"product","link":"https:\/\/soluciondigitaldelbajio.com.mx\/site\/product\/escaner-canon-imageformula-p-208\/","title":{"rendered":"Escaner Canon imageFORMULA P-208"},"content":{"rendered":"<ul>\n<li>Tipo: Alimentador<\/li>\n<li>Velocidad: 8 ppm<\/li>\n<li>Tama\u00f1o de papel: Carta\/Oficio<\/li>\n<li>D\u00faplex<\/li>\n<li>Interface: USB 2.0<\/li>\n<li>Capacidad de alimentador: 10 hojas<\/li>\n<li>Volumen Diario Recomendado: 100<\/li>\n<\/ul>\n","protected":false},"excerpt":{"rendered":"<p>El compacto y ligero esc\u00e1ner m\u00f3vil <strong>P-208<\/strong> es la elecci\u00f3n perfecta para los trabajadores que necesitan realizar desplazamientos y para cualquier usuario dom\u00e9stico. Gracias a su alimentador autom\u00e1tico de documentos de diez hojas y a su escaneado a doble cara de alta velocidad, siempre mantiene una alta productividad.<\/p>\n<p><strong>Disponible en venta y renta.<\/strong><br \/>\n<strong>Disponible Soporte t\u00e9cnico.<\/strong><\/p>\n[fusion_button link=\"http:\/\/soluciondigitaldelbajio.com.mx\/site\/distribuidor-canon-ricoh-kyocera-oce-san-luis-potosi\/?your-subject= Canon imageFORMULA p208\" title=\"Solicitar informaci\u00f3n de producto\" target=\"_self\" alignment=\"\" modal=\"\" hide_on_mobile=\"small-visibility,medium-visibility,large-visibility\" class=\"\" id=\"\" color=\"custom\" button_gradient_top_color=\"#0073aa\" button_gradient_bottom_color=\"#025983\" button_gradient_top_color_hover=\"#025983\" button_gradient_bottom_color_hover=\"#0073aa\" accent_color=\"#fff\" accent_hover_color=\"\" type=\"\" bevel_color=\"\" border_width=\"\" size=\"large\" stretch=\"default\" shape=\"\" icon=\"fa-usd\" icon_position=\"left\" icon_divider=\"yes\" animation_type=\"slide\" animation_direction=\"right\" animation_speed=\"0.3\" animation_offset=\"\"]Solicitar Informaci\u00f3n[\/fusion_button]\n","protected":false},"featured_media":163,"comment_status":"closed","ping_status":"closed","template":"","meta":[],"product_cat":[7,10,11],"product_tag":[],"class_list":{"0":"post-158","1":"product","2":"type-product","3":"status-publish","4":"has-post-thumbnail","6":"product_cat-copiadoras-impresoras-escaners-multifuncionals-san-luis-potosi","7":"product_cat-escaners","8":"product_cat-escaners-personales-portatiles","10":"first","11":"instock","12":"shipping-taxable","13":"product-type-simple"},"aioseo_notices":[],"_links":{"self":[{"href":"https:\/\/soluciondigitaldelbajio.com.mx\/site\/wp-json\/wp\/v2\/product\/158","targetHints":{"allow":["GET"]}}],"collection":[{"href":"https:\/\/soluciondigitaldelbajio.com.mx\/site\/wp-json\/wp\/v2\/product"}],"about":[{"href":"https:\/\/soluciondigitaldelbajio.com.mx\/site\/wp-json\/wp\/v2\/types\/product"}],"replies":[{"embeddable":true,"href":"https:\/\/soluciondigitaldelbajio.com.mx\/site\/wp-json\/wp\/v2\/comments?post=158"}],"wp:featuredmedia":[{"embeddable":true,"href":"https:\/\/soluciondigitaldelbajio.com.mx\/site\/wp-json\/wp\/v2\/media\/163"}],"wp:attachment":[{"href":"https:\/\/soluciondigitaldelbajio.com.mx\/site\/wp-json\/wp\/v2\/media?parent=158"}],"wp:term":[{"taxonomy":"product_cat","embeddable":true,"href":"https:\/\/soluciondigitaldelbajio.com.mx\/site\/wp-json\/wp\/v2\/product_cat?post=158"},{"taxonomy":"product_tag","embeddable":true,"href":"https:\/\/soluciondigitaldelbajio.com.mx\/site\/wp-json\/wp\/v2\/product_tag?post=158"}],"curies":[{"name":"wp","href":"https:\/\/api.w.org\/{rel}","templated":true}]}}