{"id":184,"date":"2017-01-10T04:26:45","date_gmt":"2017-01-10T04:26:45","guid":{"rendered":"http:\/\/soluciondigitaldelbajio.com.mx\/site\/index.php\/product\/escaner-canon-imageformula-dr-m140\/"},"modified":"2017-02-21T03:19:20","modified_gmt":"2017-02-21T03:19:20","slug":"escaner-canon-imageformula-dr-m140","status":"publish","type":"product","link":"https:\/\/soluciondigitaldelbajio.com.mx\/site\/product\/escaner-canon-imageformula-dr-m140\/","title":{"rendered":"Escaner Canon imageFORMULA DR-M140"},"content":{"rendered":"<ul>\n<li>Tipo: Alimentador<\/li>\n<li>Velocidad: 40 ppm<\/li>\n<li>Tama\u00f1o de papel: Carta\/Oficio<\/li>\n<li>D\u00faplex<\/li>\n<li>Interface: USB 2.0<\/li>\n<li>Capacidad de alimentador: 50 hojas<\/li>\n<li>Volumen Diario Recomendado: 6,000<\/li>\n<\/ul>\n","protected":false},"excerpt":{"rendered":"<p>El esc\u00e1ner de documentos <strong>imageFORMULA DR-M140<\/strong> de Canon es una soluci\u00f3n compacta y vers\u00e1til para ayudar a reducir el papel y a mejorar los flujos de trabajo. Con un dise\u00f1o listo para usarse, un manejo fiable y las funciones avanzadas de calidad de imagen, el DR-M140 es un dispositivo orientado hacia el rendimiento que brinda la base de un sistema inteligente para la captura de documentos.<\/p>\n<p><strong>Disponible en venta y renta.<\/strong><br \/>\n<strong>Disponible Soporte t\u00e9cnico.<\/strong><\/p>\n[fusion_button link=\"http:\/\/soluciondigitaldelbajio.com.mx\/site\/distribuidor-canon-ricoh-kyocera-oce-san-luis-potosi\/?your-subject= Canon imageFORMULA DR-M140\" title=\"Solicitar informaci\u00f3n de producto\" target=\"_self\" alignment=\"\" modal=\"\" hide_on_mobile=\"small-visibility,medium-visibility,large-visibility\" class=\"\" id=\"\" color=\"custom\" button_gradient_top_color=\"#0073aa\" button_gradient_bottom_color=\"#025983\" button_gradient_top_color_hover=\"#025983\" button_gradient_bottom_color_hover=\"#0073aa\" accent_color=\"#fff\" accent_hover_color=\"\" type=\"\" bevel_color=\"\" border_width=\"\" size=\"large\" stretch=\"default\" shape=\"\" icon=\"fa-usd\" icon_position=\"left\" icon_divider=\"yes\" animation_type=\"slide\" animation_direction=\"right\" animation_speed=\"0.3\" animation_offset=\"\"]Solicitar Informaci\u00f3n[\/fusion_button]\n","protected":false},"featured_media":173,"comment_status":"closed","ping_status":"closed","template":"","meta":[],"product_cat":[7,12,10],"product_tag":[],"class_list":{"0":"post-184","1":"product","2":"type-product","3":"status-publish","4":"has-post-thumbnail","6":"product_cat-copiadoras-impresoras-escaners-multifuncionals-san-luis-potosi","7":"product_cat-escaneres-departamentales","8":"product_cat-escaners","10":"first","11":"instock","12":"shipping-taxable","13":"product-type-simple"},"aioseo_notices":[],"_links":{"self":[{"href":"https:\/\/soluciondigitaldelbajio.com.mx\/site\/wp-json\/wp\/v2\/product\/184","targetHints":{"allow":["GET"]}}],"collection":[{"href":"https:\/\/soluciondigitaldelbajio.com.mx\/site\/wp-json\/wp\/v2\/product"}],"about":[{"href":"https:\/\/soluciondigitaldelbajio.com.mx\/site\/wp-json\/wp\/v2\/types\/product"}],"replies":[{"embeddable":true,"href":"https:\/\/soluciondigitaldelbajio.com.mx\/site\/wp-json\/wp\/v2\/comments?post=184"}],"wp:featuredmedia":[{"embeddable":true,"href":"https:\/\/soluciondigitaldelbajio.com.mx\/site\/wp-json\/wp\/v2\/media\/173"}],"wp:attachment":[{"href":"https:\/\/soluciondigitaldelbajio.com.mx\/site\/wp-json\/wp\/v2\/media?parent=184"}],"wp:term":[{"taxonomy":"product_cat","embeddable":true,"href":"https:\/\/soluciondigitaldelbajio.com.mx\/site\/wp-json\/wp\/v2\/product_cat?post=184"},{"taxonomy":"product_tag","embeddable":true,"href":"https:\/\/soluciondigitaldelbajio.com.mx\/site\/wp-json\/wp\/v2\/product_tag?post=184"}],"curies":[{"name":"wp","href":"https:\/\/api.w.org\/{rel}","templated":true}]}}