{"id":194,"date":"2017-01-10T22:51:19","date_gmt":"2017-01-10T22:51:19","guid":{"rendered":"http:\/\/soluciondigitaldelbajio.com.mx\/site\/index.php\/product\/escaner-canon-imageformula-dr-c130\/"},"modified":"2017-02-21T03:05:43","modified_gmt":"2017-02-21T03:05:43","slug":"escaner-canon-imageformula-dr-c130","status":"publish","type":"product","link":"https:\/\/soluciondigitaldelbajio.com.mx\/site\/product\/escaner-canon-imageformula-dr-c130\/","title":{"rendered":"Escaner Canon imageFORMULA DR-C130"},"content":{"rendered":"<ul>\n<li>Tipo: Alimentador<\/li>\n<li>Velocidad: 25 ppm<\/li>\n<li>Tama\u00f1o de papel: Carta\/Oficio<\/li>\n<li>D\u00faplex<\/li>\n<li>Interface: USB 2.0<\/li>\n<li>Capacidad de alimentador: 30 hojas<\/li>\n<li>Volumen Diario Recomendado: 1,500<\/li>\n<\/ul>\n","protected":false},"excerpt":{"rendered":"<p>El esc\u00e1ner<strong> DR-C130<\/strong> es ideal para el uso por personas o por peque\u00f1os grupos de trabajo para el escaneo distribuido de muchos tipos de documentos. Se puede utilizar para integrar informaci\u00f3n en flujos de trabajos digitales para actividades tales como la automatizaci\u00f3n de procesos y la distribuci\u00f3n de informaci\u00f3n, lo que mejora, por consiguiente, la eficiencia y la colaboraci\u00f3n. Las empresas dedicadas al cuidado de la salud, a los seguros, servicios legales, la educaci\u00f3n y otras industrias pueden beneficiarse de su uso.<\/p>\n<p>Integre f\u00e1cilmente la informaci\u00f3n en flujos de trabajo con el esc\u00e1ner de documentos <strong>imageFORMULA DR-C130<\/strong> de Canon. Convierte de manera fiable los documentos en papel a im\u00e1genes de alta calidad y su tama\u00f1o compacto lo hace ideal para cualquier entorno de oficina.<\/p>\n<p><strong>Disponible en venta y renta.<\/strong><br \/>\n<strong>Disponible Soporte t\u00e9cnico.<\/strong><\/p>\n[fusion_button link=\"http:\/\/soluciondigitaldelbajio.com.mx\/site\/distribuidor-canon-ricoh-kyocera-oce-san-luis-potosi\/?your-subject=image formula drc130\" title=\"Solicitar informaci\u00f3n de producto\" target=\"_self\" alignment=\"\" modal=\"\" hide_on_mobile=\"small-visibility,medium-visibility,large-visibility\" class=\"\" id=\"\" color=\"custom\" button_gradient_top_color=\"#0073aa\" button_gradient_bottom_color=\"#025983\" button_gradient_top_color_hover=\"#025983\" button_gradient_bottom_color_hover=\"#0073aa\" accent_color=\"#fff\" accent_hover_color=\"\" type=\"\" bevel_color=\"\" border_width=\"\" size=\"large\" stretch=\"default\" shape=\"\" icon=\"fa-usd\" icon_position=\"left\" icon_divider=\"yes\" animation_type=\"slide\" animation_direction=\"right\" animation_speed=\"0.3\" animation_offset=\"\"]Solicitar Informaci\u00f3n[\/fusion_button]\n","protected":false},"featured_media":175,"comment_status":"closed","ping_status":"closed","template":"","meta":[],"product_cat":[7,13,10],"product_tag":[],"class_list":{"0":"post-194","1":"product","2":"type-product","3":"status-publish","4":"has-post-thumbnail","6":"product_cat-copiadoras-impresoras-escaners-multifuncionals-san-luis-potosi","7":"product_cat-escaner-para-grupos-de-trabajo","8":"product_cat-escaners","10":"first","11":"instock","12":"shipping-taxable","13":"product-type-simple"},"aioseo_notices":[],"_links":{"self":[{"href":"https:\/\/soluciondigitaldelbajio.com.mx\/site\/wp-json\/wp\/v2\/product\/194","targetHints":{"allow":["GET"]}}],"collection":[{"href":"https:\/\/soluciondigitaldelbajio.com.mx\/site\/wp-json\/wp\/v2\/product"}],"about":[{"href":"https:\/\/soluciondigitaldelbajio.com.mx\/site\/wp-json\/wp\/v2\/types\/product"}],"replies":[{"embeddable":true,"href":"https:\/\/soluciondigitaldelbajio.com.mx\/site\/wp-json\/wp\/v2\/comments?post=194"}],"wp:featuredmedia":[{"embeddable":true,"href":"https:\/\/soluciondigitaldelbajio.com.mx\/site\/wp-json\/wp\/v2\/media\/175"}],"wp:attachment":[{"href":"https:\/\/soluciondigitaldelbajio.com.mx\/site\/wp-json\/wp\/v2\/media?parent=194"}],"wp:term":[{"taxonomy":"product_cat","embeddable":true,"href":"https:\/\/soluciondigitaldelbajio.com.mx\/site\/wp-json\/wp\/v2\/product_cat?post=194"},{"taxonomy":"product_tag","embeddable":true,"href":"https:\/\/soluciondigitaldelbajio.com.mx\/site\/wp-json\/wp\/v2\/product_tag?post=194"}],"curies":[{"name":"wp","href":"https:\/\/api.w.org\/{rel}","templated":true}]}}