{"id":195,"date":"2017-01-10T22:53:37","date_gmt":"2017-01-10T22:53:37","guid":{"rendered":"http:\/\/soluciondigitaldelbajio.com.mx\/site\/index.php\/product\/escaner-canon-imageformula-dr-3010c\/"},"modified":"2017-02-21T03:05:10","modified_gmt":"2017-02-21T03:05:10","slug":"escaner-canon-imageformula-dr-3010c","status":"publish","type":"product","link":"https:\/\/soluciondigitaldelbajio.com.mx\/site\/product\/escaner-canon-imageformula-dr-3010c\/","title":{"rendered":"Escaner Canon imageFORMULA DR-3010C"},"content":{"rendered":"<ul>\n<li>Tipo: Alimentador<\/li>\n<li>Velocidad: 40 ppm<\/li>\n<li>Tama\u00f1o de papel: Carta\/Oficio<\/li>\n<li>D\u00faplex<\/li>\n<li>Interface: USB 2.0<\/li>\n<li>Capacidad de alimentador: 50 hojas<\/li>\n<li>Volumen Diario Recomendado: 3,000<\/li>\n<\/ul>\n","protected":false},"excerpt":{"rendered":"<p>El esc\u00e1ner <strong>imageFORMULA DR-3010C<\/strong> es el esc\u00e1ner compacto para grupos de trabajo m\u00e1s r\u00e1pido y confiable de Canon, que combina las mejores caracter\u00edsticas de los esc\u00e1neres de la Serie DR para brindar una mayor velocidad, una alta confiabilidad y una m\u00e1xima eficiencia y productividad.<\/p>\n<p><strong>Disponible en venta y renta.<\/strong><br \/>\n<strong>Disponible Soporte t\u00e9cnico.<\/strong><\/p>\n[fusion_button link=\"http:\/\/soluciondigitaldelbajio.com.mx\/site\/distribuidor-canon-ricoh-kyocera-oce-san-luis-potosi\/?your-subject=imageformula dr3010c\" title=\"Solicitar informaci\u00f3n de producto\" target=\"_self\" alignment=\"\" modal=\"\" hide_on_mobile=\"small-visibility,medium-visibility,large-visibility\" class=\"\" id=\"\" color=\"custom\" button_gradient_top_color=\"#0073aa\" button_gradient_bottom_color=\"#025983\" button_gradient_top_color_hover=\"#025983\" button_gradient_bottom_color_hover=\"#0073aa\" accent_color=\"#fff\" accent_hover_color=\"\" type=\"\" bevel_color=\"\" border_width=\"\" size=\"large\" stretch=\"default\" shape=\"\" icon=\"fa-usd\" icon_position=\"left\" icon_divider=\"yes\" animation_type=\"slide\" animation_direction=\"right\" animation_speed=\"0.3\" animation_offset=\"\"]Solicitar Informaci\u00f3n[\/fusion_button]\n","protected":false},"featured_media":174,"comment_status":"closed","ping_status":"closed","template":"","meta":[],"product_cat":[7,13,10],"product_tag":[],"class_list":{"0":"post-195","1":"product","2":"type-product","3":"status-publish","4":"has-post-thumbnail","6":"product_cat-copiadoras-impresoras-escaners-multifuncionals-san-luis-potosi","7":"product_cat-escaner-para-grupos-de-trabajo","8":"product_cat-escaners","10":"first","11":"instock","12":"shipping-taxable","13":"product-type-simple"},"aioseo_notices":[],"_links":{"self":[{"href":"https:\/\/soluciondigitaldelbajio.com.mx\/site\/wp-json\/wp\/v2\/product\/195","targetHints":{"allow":["GET"]}}],"collection":[{"href":"https:\/\/soluciondigitaldelbajio.com.mx\/site\/wp-json\/wp\/v2\/product"}],"about":[{"href":"https:\/\/soluciondigitaldelbajio.com.mx\/site\/wp-json\/wp\/v2\/types\/product"}],"replies":[{"embeddable":true,"href":"https:\/\/soluciondigitaldelbajio.com.mx\/site\/wp-json\/wp\/v2\/comments?post=195"}],"wp:featuredmedia":[{"embeddable":true,"href":"https:\/\/soluciondigitaldelbajio.com.mx\/site\/wp-json\/wp\/v2\/media\/174"}],"wp:attachment":[{"href":"https:\/\/soluciondigitaldelbajio.com.mx\/site\/wp-json\/wp\/v2\/media?parent=195"}],"wp:term":[{"taxonomy":"product_cat","embeddable":true,"href":"https:\/\/soluciondigitaldelbajio.com.mx\/site\/wp-json\/wp\/v2\/product_cat?post=195"},{"taxonomy":"product_tag","embeddable":true,"href":"https:\/\/soluciondigitaldelbajio.com.mx\/site\/wp-json\/wp\/v2\/product_tag?post=195"}],"curies":[{"name":"wp","href":"https:\/\/api.w.org\/{rel}","templated":true}]}}