{"id":197,"date":"2017-01-10T22:59:53","date_gmt":"2017-01-10T22:59:53","guid":{"rendered":"http:\/\/soluciondigitaldelbajio.com.mx\/site\/index.php\/product\/escaner-canon-imageformula-dr-x10c\/"},"modified":"2017-02-21T03:02:42","modified_gmt":"2017-02-21T03:02:42","slug":"escaner-canon-imageformula-dr-x10c","status":"publish","type":"product","link":"https:\/\/soluciondigitaldelbajio.com.mx\/site\/product\/escaner-canon-imageformula-dr-x10c\/","title":{"rendered":"Escaner Canon imageFORMULA DR-X10C"},"content":{"rendered":"<ul>\n<li>Tipo: Alimentador<\/li>\n<li>Velocidad: 128 ppm<\/li>\n<li>Tama\u00f1o de papel: Carta\/Oficio\/Doble Carta<\/li>\n<li>D\u00faplex<\/li>\n<li>Interface: USB 2.0<\/li>\n<li>Capacidad de alimentador: 500 hojas<\/li>\n<li>Volumen Diario Recomendado: 60,000<\/li>\n<\/ul>\n","protected":false},"excerpt":{"rendered":"<p style=\"text-align: center;\"><strong>\u201cTecnolog\u00eda de punta para un escaneo de imagen de Alta Calidad\u201d<\/strong><\/p>\n<p>El esc\u00e1ner de producci\u00f3n en color <strong>imageFORMULA DR-X10C<\/strong> de Canon, utiliza tecnolog\u00eda de punta para un escaneo de imagen de alta calidad a alta velocidad y tambi\u00e9n ofrece capacidades de manejo de documentos confiables y mayor durabilidad.<\/p>\n<p>El esc\u00e1ner <strong>DR-X10C<\/strong> ofrece y mantiene impresionantes velocidades de escaneo de hasta 128 paginaas por minutoy 256 im\u00e1genes por minuto*, ya sea en color, en escala de grises o en blanco y negro, debido en gran parte a que cuenta con un circuito integrado de procesamiento de imagen. Este circuito integrado puede manejar diversas funciones de procesamiento de imagen de forma simultanea y virtualmente independiente del funcionamiento de la PC conectada. Para compatibilidad con estas velocidades, se ofrece una conectividad r\u00e1pida mediante los puertos HI-Speed USB 2.0 y SCSI III. El esc\u00e1ner DR-X10C tambi\u00e9n permite la implementaci\u00f3n opcional de Kofax VirtualReScan (VRS).<\/p>\n<p><strong>Disponible en venta y renta.<\/strong><br \/>\n<strong>Disponible Soporte t\u00e9cnico.<\/strong><\/p>\n[fusion_button link=\"http:\/\/soluciondigitaldelbajio.com.mx\/site\/distribuidor-canon-ricoh-kyocera-oce-san-luis-potosi\/?your-subject=image formula drx10c\" title=\"Solicitar informaci\u00f3n de producto\" target=\"_self\" alignment=\"\" modal=\"\" hide_on_mobile=\"small-visibility,medium-visibility,large-visibility\" class=\"\" id=\"\" color=\"custom\" button_gradient_top_color=\"#0073aa\" button_gradient_bottom_color=\"#025983\" button_gradient_top_color_hover=\"#025983\" button_gradient_bottom_color_hover=\"#0073aa\" accent_color=\"#fff\" accent_hover_color=\"\" type=\"\" bevel_color=\"\" border_width=\"\" size=\"large\" stretch=\"default\" shape=\"\" icon=\"fa-usd\" icon_position=\"left\" icon_divider=\"yes\" animation_type=\"slide\" animation_direction=\"right\" animation_speed=\"0.3\" animation_offset=\"\"]Solicitar Informaci\u00f3n[\/fusion_button]\n","protected":false},"featured_media":168,"comment_status":"closed","ping_status":"closed","template":"","meta":[],"product_cat":[7,14,10],"product_tag":[],"class_list":{"0":"post-197","1":"product","2":"type-product","3":"status-publish","4":"has-post-thumbnail","6":"product_cat-copiadoras-impresoras-escaners-multifuncionals-san-luis-potosi","7":"product_cat-escaneres-de-produccion","8":"product_cat-escaners","10":"first","11":"instock","12":"shipping-taxable","13":"product-type-simple"},"aioseo_notices":[],"_links":{"self":[{"href":"https:\/\/soluciondigitaldelbajio.com.mx\/site\/wp-json\/wp\/v2\/product\/197","targetHints":{"allow":["GET"]}}],"collection":[{"href":"https:\/\/soluciondigitaldelbajio.com.mx\/site\/wp-json\/wp\/v2\/product"}],"about":[{"href":"https:\/\/soluciondigitaldelbajio.com.mx\/site\/wp-json\/wp\/v2\/types\/product"}],"replies":[{"embeddable":true,"href":"https:\/\/soluciondigitaldelbajio.com.mx\/site\/wp-json\/wp\/v2\/comments?post=197"}],"wp:featuredmedia":[{"embeddable":true,"href":"https:\/\/soluciondigitaldelbajio.com.mx\/site\/wp-json\/wp\/v2\/media\/168"}],"wp:attachment":[{"href":"https:\/\/soluciondigitaldelbajio.com.mx\/site\/wp-json\/wp\/v2\/media?parent=197"}],"wp:term":[{"taxonomy":"product_cat","embeddable":true,"href":"https:\/\/soluciondigitaldelbajio.com.mx\/site\/wp-json\/wp\/v2\/product_cat?post=197"},{"taxonomy":"product_tag","embeddable":true,"href":"https:\/\/soluciondigitaldelbajio.com.mx\/site\/wp-json\/wp\/v2\/product_tag?post=197"}],"curies":[{"name":"wp","href":"https:\/\/api.w.org\/{rel}","templated":true}]}}