{"id":199,"date":"2017-01-10T23:04:16","date_gmt":"2017-01-10T23:04:16","guid":{"rendered":"http:\/\/soluciondigitaldelbajio.com.mx\/site\/index.php\/product\/escaner-canon-imageformula-scanfront-330\/"},"modified":"2017-02-21T03:00:42","modified_gmt":"2017-02-21T03:00:42","slug":"escaner-canon-imageformula-scanfront-330","status":"publish","type":"product","link":"https:\/\/soluciondigitaldelbajio.com.mx\/site\/product\/escaner-canon-imageformula-scanfront-330\/","title":{"rendered":"Escaner Canon imageFORMULA ScanFront 330"},"content":{"rendered":"<ul>\n<li>Tipo: Alimentador<\/li>\n<li>Velocidad: 30 ppm<\/li>\n<li>Tama\u00f1o de papel: Carta\/Oficio<\/li>\n<li>D\u00faplex<\/li>\n<li>Interface: USB 2.0 y RED<\/li>\n<li>Capacidad de alimentador: 50 hojas<\/li>\n<li>Volumen Diario Recomendado: 3,000<\/li>\n<\/ul>\n","protected":false},"excerpt":{"rendered":"<p>El nuevo <strong>imageFORMULA 330<\/strong> es un esc\u00e1ner de documentos en red que permite la distribuci\u00f3n de documentos de forma sencilla, r\u00e1pida y segura. Env\u00eda a correo electr\u00f3nico, carpeta compartida, servidor de archivos FTP, fax, memoria USB e impresora. Da un volumen diario de escaneo es de 3,000 documentos. Todas estas caracter\u00edsticas a un precio muy competitivo.<\/p>\n<p><strong>Disponible en venta y renta.<\/strong><br \/>\n<strong>Disponible Soporte t\u00e9cnico.<\/strong><\/p>\n[fusion_button link=\"http:\/\/soluciondigitaldelbajio.com.mx\/site\/distribuidor-canon-ricoh-kyocera-oce-san-luis-potosi\/?your-subject=scanfront 330\" title=\"Solicitar informaci\u00f3n de producto\" target=\"_self\" alignment=\"\" modal=\"\" hide_on_mobile=\"small-visibility,medium-visibility,large-visibility\" class=\"\" id=\"\" color=\"custom\" button_gradient_top_color=\"#0073aa\" button_gradient_bottom_color=\"#025983\" button_gradient_top_color_hover=\"#025983\" button_gradient_bottom_color_hover=\"#0073aa\" accent_color=\"#fff\" accent_hover_color=\"\" type=\"\" bevel_color=\"\" border_width=\"\" size=\"large\" stretch=\"default\" shape=\"\" icon=\"fa-usd\" icon_position=\"left\" icon_divider=\"yes\" animation_type=\"slide\" animation_direction=\"right\" animation_speed=\"0.3\" animation_offset=\"\"]Solicitar Informaci\u00f3n[\/fusion_button]\n","protected":false},"featured_media":166,"comment_status":"closed","ping_status":"closed","template":"","meta":[],"product_cat":[7,15,10],"product_tag":[],"class_list":{"0":"post-199","1":"product","2":"type-product","3":"status-publish","4":"has-post-thumbnail","6":"product_cat-copiadoras-impresoras-escaners-multifuncionals-san-luis-potosi","7":"product_cat-escaneres-en-red","8":"product_cat-escaners","10":"first","11":"instock","12":"shipping-taxable","13":"product-type-simple"},"aioseo_notices":[],"_links":{"self":[{"href":"https:\/\/soluciondigitaldelbajio.com.mx\/site\/wp-json\/wp\/v2\/product\/199","targetHints":{"allow":["GET"]}}],"collection":[{"href":"https:\/\/soluciondigitaldelbajio.com.mx\/site\/wp-json\/wp\/v2\/product"}],"about":[{"href":"https:\/\/soluciondigitaldelbajio.com.mx\/site\/wp-json\/wp\/v2\/types\/product"}],"replies":[{"embeddable":true,"href":"https:\/\/soluciondigitaldelbajio.com.mx\/site\/wp-json\/wp\/v2\/comments?post=199"}],"wp:featuredmedia":[{"embeddable":true,"href":"https:\/\/soluciondigitaldelbajio.com.mx\/site\/wp-json\/wp\/v2\/media\/166"}],"wp:attachment":[{"href":"https:\/\/soluciondigitaldelbajio.com.mx\/site\/wp-json\/wp\/v2\/media?parent=199"}],"wp:term":[{"taxonomy":"product_cat","embeddable":true,"href":"https:\/\/soluciondigitaldelbajio.com.mx\/site\/wp-json\/wp\/v2\/product_cat?post=199"},{"taxonomy":"product_tag","embeddable":true,"href":"https:\/\/soluciondigitaldelbajio.com.mx\/site\/wp-json\/wp\/v2\/product_tag?post=199"}],"curies":[{"name":"wp","href":"https:\/\/api.w.org\/{rel}","templated":true}]}}