{"id":261,"date":"2015-07-16T15:34:49","date_gmt":"2015-07-16T15:34:49","guid":{"rendered":"http:\/\/1step.com.mx\/?post_type=product&#038;p=261"},"modified":"2017-02-21T16:40:24","modified_gmt":"2017-02-21T16:40:24","slug":"impresora-multifuncional-ricoh-mp-2501sp","status":"publish","type":"product","link":"https:\/\/soluciondigitaldelbajio.com.mx\/site\/product\/impresora-multifuncional-ricoh-mp-2501sp\/","title":{"rendered":"Multifuncional RICOH MP 2501SP  Doble Carta"},"content":{"rendered":"<ul>\n<li>Velocidad: 25 ppm<\/li>\n<li>Memoria del sistema: 1GB RAM<\/li>\n<li>Volumen mensual recomendado: 4,000 impresiones<\/li>\n<li>Gramajes de papel: 60 a 162 g<\/li>\n<li>Tama\u00f1o m\u00e1ximo de papel: 11 x 17<\/li>\n<li>Red<\/li>\n<\/ul>\n","protected":false},"excerpt":{"rendered":"<p><strong>Innovaci\u00f3n, valor y versatilidad en un dise\u00f1o integrado<\/strong><\/p>\n<p>Elija el <strong>RICOH MP 2501SP<\/strong> para obtener un rendimiento multifunci\u00f3n r\u00e1pido, confiable y asequible y, as\u00ed agilizar los flujos de documentos y reducir su costo total de propiedad. Este innovador MFP que ahorra espacio combina el copiado e impresi\u00f3n de calidad en papel hasta tama\u00f1o Doble Carta, capacidades de escaneo f\u00e1cil de utilizar, funciones avanzadas de seguridad y fax opcional. Para peque\u00f1as oficinas, util\u00edcelo como sus sistema principal, o implem\u00e9ntelo como una parte integral de la estrategia Ricoh Managed Document Services (MDS) y mejore la productividad de los grupos de trabajo en toda su empresa.<\/p>\n<p><strong>Disponible en venta y renta.<\/strong><br \/>\n<strong>Disponible Soporte t\u00e9cnico y Consumibles.<\/strong><\/p>\n[fusion_button link=\"http:\/\/soluciondigitaldelbajio.com.mx\/site\/distribuidor-canon-ricoh-kyocera-oce-san-luis-potosi\/?your-subject= RICOH MP 2501SP\" title=\"Solicitar informaci\u00f3n de producto\" target=\"_self\" alignment=\"\" modal=\"\" hide_on_mobile=\"small-visibility,medium-visibility,large-visibility\" class=\"\" id=\"\" color=\"custom\" button_gradient_top_color=\"#0073aa\" button_gradient_bottom_color=\"#025983\" button_gradient_top_color_hover=\"#025983\" button_gradient_bottom_color_hover=\"#0073aa\" accent_color=\"#fff\" accent_hover_color=\"\" type=\"\" bevel_color=\"\" border_width=\"\" size=\"large\" stretch=\"default\" shape=\"\" icon=\"fa-usd\" icon_position=\"left\" icon_divider=\"yes\" animation_type=\"slide\" animation_direction=\"right\" animation_speed=\"0.3\" animation_offset=\"\"]Solicitar Informaci\u00f3n[\/fusion_button]\n","protected":false},"featured_media":666,"comment_status":"closed","ping_status":"closed","template":"","meta":[],"product_cat":[9],"product_tag":[],"class_list":{"0":"post-261","1":"product","2":"type-product","3":"status-publish","4":"has-post-thumbnail","6":"product_cat-multifuncionales-bn","8":"first","9":"instock","10":"shipping-taxable","11":"product-type-simple"},"aioseo_notices":[],"_links":{"self":[{"href":"https:\/\/soluciondigitaldelbajio.com.mx\/site\/wp-json\/wp\/v2\/product\/261","targetHints":{"allow":["GET"]}}],"collection":[{"href":"https:\/\/soluciondigitaldelbajio.com.mx\/site\/wp-json\/wp\/v2\/product"}],"about":[{"href":"https:\/\/soluciondigitaldelbajio.com.mx\/site\/wp-json\/wp\/v2\/types\/product"}],"replies":[{"embeddable":true,"href":"https:\/\/soluciondigitaldelbajio.com.mx\/site\/wp-json\/wp\/v2\/comments?post=261"}],"wp:featuredmedia":[{"embeddable":true,"href":"https:\/\/soluciondigitaldelbajio.com.mx\/site\/wp-json\/wp\/v2\/media\/666"}],"wp:attachment":[{"href":"https:\/\/soluciondigitaldelbajio.com.mx\/site\/wp-json\/wp\/v2\/media?parent=261"}],"wp:term":[{"taxonomy":"product_cat","embeddable":true,"href":"https:\/\/soluciondigitaldelbajio.com.mx\/site\/wp-json\/wp\/v2\/product_cat?post=261"},{"taxonomy":"product_tag","embeddable":true,"href":"https:\/\/soluciondigitaldelbajio.com.mx\/site\/wp-json\/wp\/v2\/product_tag?post=261"}],"curies":[{"name":"wp","href":"https:\/\/api.w.org\/{rel}","templated":true}]}}