{"id":32,"date":"2017-01-07T04:30:32","date_gmt":"2017-01-07T04:30:32","guid":{"rendered":"http:\/\/soluciondigitaldelbajio.com.mx\/site\/?post_type=product&#038;p=32"},"modified":"2017-02-21T03:32:43","modified_gmt":"2017-02-21T03:32:43","slug":"multifuncional-canon-bn-image-class-d1370","status":"publish","type":"product","link":"https:\/\/soluciondigitaldelbajio.com.mx\/site\/product\/multifuncional-canon-bn-image-class-d1370\/","title":{"rendered":"Multifuncional Canon B\/N image CLASS D1370"},"content":{"rendered":"<ul>\n<li>Copiadora, impresora y esc\u00e1ner<\/li>\n<li>Velocidad: 35 ppm<\/li>\n<li>Tama\u00f1o de papel: Carta\/Oficio<\/li>\n<li>Impresi\u00f3n desde USB<\/li>\n<li>Red<\/li>\n<li>Fax<\/li>\n<li>Volumen Mensual Recomendado: 3,000<\/li>\n<\/ul>\n","protected":false},"excerpt":{"rendered":"<p><strong>Multifuncional compacto,<\/strong> dise\u00f1ado para peque\u00f1os negocios y grupos de trabajo, con el costo de adquisici\u00f3n m\u00e1s bajo del portafolio de productos de oficina y caracter\u00edsticas que te sorprender\u00e1n.<\/p>\n<p><strong>Disponible en Venta y Renta<\/strong><br \/>\n<strong> Disponible Soporte t\u00e9cnico y Consumibles.<\/strong><\/p>\n[fusion_button link=\"http:\/\/soluciondigitaldelbajio.com.mx\/site\/distribuidor-canon-ricoh-kyocera-oce-san-luis-potosi\/?your-subject= multifuncional class d1370\" title=\"Solicitar informaci\u00f3n de producto\" target=\"_self\" alignment=\"\" modal=\"\" hide_on_mobile=\"small-visibility,medium-visibility,large-visibility\" class=\"\" id=\"\" color=\"custom\" button_gradient_top_color=\"#0073aa\" button_gradient_bottom_color=\"#025983\" button_gradient_top_color_hover=\"#025983\" button_gradient_bottom_color_hover=\"#0073aa\" accent_color=\"#fff\" accent_hover_color=\"\" type=\"\" bevel_color=\"\" border_width=\"\" size=\"large\" stretch=\"default\" shape=\"\" icon=\"fa-usd\" icon_position=\"left\" icon_divider=\"yes\" animation_type=\"slide\" animation_direction=\"right\" animation_speed=\"0.3\" animation_offset=\"\"]Solicitar Informaci\u00f3n[\/fusion_button]\n","protected":false},"featured_media":33,"comment_status":"closed","ping_status":"closed","template":"","meta":[],"product_cat":[7,9],"product_tag":[],"class_list":{"0":"post-32","1":"product","2":"type-product","3":"status-publish","4":"has-post-thumbnail","6":"product_cat-copiadoras-impresoras-escaners-multifuncionals-san-luis-potosi","7":"product_cat-multifuncionales-bn","9":"first","10":"instock","11":"shipping-taxable","12":"product-type-simple"},"aioseo_notices":[],"_links":{"self":[{"href":"https:\/\/soluciondigitaldelbajio.com.mx\/site\/wp-json\/wp\/v2\/product\/32","targetHints":{"allow":["GET"]}}],"collection":[{"href":"https:\/\/soluciondigitaldelbajio.com.mx\/site\/wp-json\/wp\/v2\/product"}],"about":[{"href":"https:\/\/soluciondigitaldelbajio.com.mx\/site\/wp-json\/wp\/v2\/types\/product"}],"replies":[{"embeddable":true,"href":"https:\/\/soluciondigitaldelbajio.com.mx\/site\/wp-json\/wp\/v2\/comments?post=32"}],"wp:featuredmedia":[{"embeddable":true,"href":"https:\/\/soluciondigitaldelbajio.com.mx\/site\/wp-json\/wp\/v2\/media\/33"}],"wp:attachment":[{"href":"https:\/\/soluciondigitaldelbajio.com.mx\/site\/wp-json\/wp\/v2\/media?parent=32"}],"wp:term":[{"taxonomy":"product_cat","embeddable":true,"href":"https:\/\/soluciondigitaldelbajio.com.mx\/site\/wp-json\/wp\/v2\/product_cat?post=32"},{"taxonomy":"product_tag","embeddable":true,"href":"https:\/\/soluciondigitaldelbajio.com.mx\/site\/wp-json\/wp\/v2\/product_tag?post=32"}],"curies":[{"name":"wp","href":"https:\/\/api.w.org\/{rel}","templated":true}]}}