{"id":39,"date":"2017-01-07T04:47:46","date_gmt":"2017-01-07T04:47:46","guid":{"rendered":"http:\/\/soluciondigitaldelbajio.com.mx\/site\/index.php\/product\/multifuncional-canon-imagerunner-ir1435\/"},"modified":"2019-09-05T15:42:59","modified_gmt":"2019-09-05T15:42:59","slug":"canon-imagerunner-1435i","status":"publish","type":"product","link":"https:\/\/soluciondigitaldelbajio.com.mx\/site\/product\/canon-imagerunner-1435i\/","title":{"rendered":"Multifuncional Canon imageRUNNER 1435i+"},"content":{"rendered":"<ul>\n<li>Copiadora, impresora blanco y negro| esc\u00e1ner a Color<\/li>\n<li>Velocidad: 37 ppm<\/li>\n<li>Tama\u00f1o de papel: Carta\/Oficio<\/li>\n<li>D\u00faplex<\/li>\n<li>Alimentador autom\u00e1tico<\/li>\n<li>Red<\/li>\n<li>Volumen Mensual Recomendado: 8,000<\/li>\n<li>Capacidad maxima de 1,100 hojas<\/li>\n<\/ul>\n","protected":false},"excerpt":{"rendered":"<p>Los usuarios de servicios de impresi\u00f3n en M\u00e9xico exigen con m\u00e1s frecuencia equipos m\u00e1s veloces, con mejores funciones y con costos que les permitan ahorrar recursos. Canon, respondiendo a estas crecientes necesidades, lanza la serie <strong>iR1435<\/strong> que ofrece la mezcla perfecta entre precio y rendimiento.<\/p>\n<p>La <strong>serie iR1435<\/strong> est\u00e1 conformada por dos multifuncionales monocrom\u00e1ticos de tama\u00f1o A4, para bajo volumen y con velocidad de hasta 37 ppm:<\/p>\n<p>\u2022 <strong>imageRUNNER 1435iF<\/strong>: Copia, Escanea, Imprime (Est\u00e1ndar: UFR II LT, PCL, Adobe PS) y env\u00eda Fax.<br \/>\n\u2022 <strong>imageRUNNER 1435i:<\/strong> Copia, Escanea e Imprime (Est\u00e1ndar: UFR II LT).<\/p>\n<p>Los modelos de la serie iR1435 son ideales para negocios peque\u00f1os o departamentos dentro de grandes organizaciones con requerimientos de impresi\u00f3n de bajo volumen Blanco y Negro, tama\u00f1o carta y oficio.<\/p>\n<p><strong>Disponible en Venta y Renta<\/strong><br \/>\n<strong> Disponible Soporte t\u00e9cnico y Consumibles.<\/strong><\/p>\n[fusion_button link=\"http:\/\/soluciondigitaldelbajio.com.mx\/site\/distribuidor-canon-ricoh-kyocera-oce-san-luis-potosi\/?your-subject= Canon imagerunner ir1435\" title=\"Solicitar informaci\u00f3n de producto\" target=\"_self\" alignment=\"\" modal=\"\" hide_on_mobile=\"small-visibility,medium-visibility,large-visibility\" class=\"\" id=\"\" color=\"custom\" button_gradient_top_color=\"#0073aa\" button_gradient_bottom_color=\"#025983\" button_gradient_top_color_hover=\"#025983\" button_gradient_bottom_color_hover=\"#0073aa\" accent_color=\"#fff\" accent_hover_color=\"\" type=\"\" bevel_color=\"\" border_width=\"\" size=\"large\" stretch=\"default\" shape=\"\" icon=\"fa-usd\" icon_position=\"left\" icon_divider=\"yes\" animation_type=\"slide\" animation_direction=\"right\" animation_speed=\"0.3\" animation_offset=\"\"]Solicitar Informaci\u00f3n[\/fusion_button]\n","protected":false},"featured_media":40,"comment_status":"closed","ping_status":"closed","template":"","meta":[],"product_cat":[7,9],"product_tag":[],"class_list":{"0":"post-39","1":"product","2":"type-product","3":"status-publish","4":"has-post-thumbnail","6":"product_cat-copiadoras-impresoras-escaners-multifuncionals-san-luis-potosi","7":"product_cat-multifuncionales-bn","9":"first","10":"instock","11":"shipping-taxable","12":"product-type-simple"},"aioseo_notices":[],"_links":{"self":[{"href":"https:\/\/soluciondigitaldelbajio.com.mx\/site\/wp-json\/wp\/v2\/product\/39","targetHints":{"allow":["GET"]}}],"collection":[{"href":"https:\/\/soluciondigitaldelbajio.com.mx\/site\/wp-json\/wp\/v2\/product"}],"about":[{"href":"https:\/\/soluciondigitaldelbajio.com.mx\/site\/wp-json\/wp\/v2\/types\/product"}],"replies":[{"embeddable":true,"href":"https:\/\/soluciondigitaldelbajio.com.mx\/site\/wp-json\/wp\/v2\/comments?post=39"}],"wp:featuredmedia":[{"embeddable":true,"href":"https:\/\/soluciondigitaldelbajio.com.mx\/site\/wp-json\/wp\/v2\/media\/40"}],"wp:attachment":[{"href":"https:\/\/soluciondigitaldelbajio.com.mx\/site\/wp-json\/wp\/v2\/media?parent=39"}],"wp:term":[{"taxonomy":"product_cat","embeddable":true,"href":"https:\/\/soluciondigitaldelbajio.com.mx\/site\/wp-json\/wp\/v2\/product_cat?post=39"},{"taxonomy":"product_tag","embeddable":true,"href":"https:\/\/soluciondigitaldelbajio.com.mx\/site\/wp-json\/wp\/v2\/product_tag?post=39"}],"curies":[{"name":"wp","href":"https:\/\/api.w.org\/{rel}","templated":true}]}}