{"id":445,"date":"2017-02-12T23:14:23","date_gmt":"2017-02-12T23:14:23","guid":{"rendered":"http:\/\/soluciondigitaldelbajio.com.mx\/site\/producto\/escaner-canon-image-formula-dr-2020u-venta-renta\/"},"modified":"2017-02-21T02:42:27","modified_gmt":"2017-02-21T02:42:27","slug":"escaner-canon-image-formula-dr-2020u-venta-renta-precios-mexico","status":"publish","type":"product","link":"https:\/\/soluciondigitaldelbajio.com.mx\/site\/product\/escaner-canon-image-formula-dr-2020u-venta-renta-precios-mexico\/","title":{"rendered":"Escaner Canon imageFORMULA DR-2020U"},"content":{"rendered":"<ul>\n<li>Tipo: Cama Plana y Alimentador<\/li>\n<li>Velocidad: 20 ppm<\/li>\n<li>Tama\u00f1o de papel: Carta\/Oficio<\/li>\n<li>D\u00faplex<\/li>\n<li>Interface: USB 2.0<\/li>\n<li>Capacidad de alimentador: 50 hojas<\/li>\n<li>Volumen Diario Recomendado: 1,000<\/li>\n<\/ul>\n","protected":false},"excerpt":{"rendered":"<p>El <strong>esc\u00e1ner DR-2020U<\/strong> ofrece un escaneo vers\u00e1til de tres v\u00edas capaz de manejar la gama m\u00e1s amplia de tipos de documentos. Escanee tandas hasta de 50 documentos con el ADF, o escanee documentos de tama\u00f1os poco comunes como libros o revistas, tarjetas pl\u00e1sticas en relieve o documentos delicados con la platina plana. Adem\u00e1s de usar la platina plana, este esc\u00e1ner tambi\u00e9n simplifica el escaneo de tarjetas de presentaci\u00f3n con una bandeja dedicada para la alimentaci\u00f3n de tarjetas de presentaci\u00f3n.<\/p>\n<p><strong>Disponible en venta y renta.<\/strong><br \/>\n<strong>Disponible Soporte t\u00e9cnico.<\/strong><\/p>\n[fusion_button link=\"http:\/\/soluciondigitaldelbajio.com.mx\/site\/distribuidor-canon-ricoh-kyocera-oce-san-luis-potosi\/?your-subject=image formula dr 2020u\" title=\"Solicitar informaci\u00f3n de producto\" target=\"_self\" alignment=\"\" modal=\"\" hide_on_mobile=\"small-visibility,medium-visibility,large-visibility\" class=\"\" id=\"\" color=\"custom\" button_gradient_top_color=\"#0073aa\" button_gradient_bottom_color=\"#025983\" button_gradient_top_color_hover=\"#025983\" button_gradient_bottom_color_hover=\"#0073aa\" accent_color=\"#fff\" accent_hover_color=\"\" type=\"\" bevel_color=\"\" border_width=\"\" size=\"large\" stretch=\"default\" shape=\"\" icon=\"fa-usd\" icon_position=\"left\" icon_divider=\"yes\" animation_type=\"slide\" animation_direction=\"right\" animation_speed=\"0.3\" animation_offset=\"\"]Solicitar Informaci\u00f3n[\/fusion_button]\n","protected":false},"featured_media":446,"comment_status":"closed","ping_status":"closed","template":"","meta":[],"product_cat":[13],"product_tag":[],"class_list":{"0":"post-445","1":"product","2":"type-product","3":"status-publish","4":"has-post-thumbnail","6":"product_cat-escaner-para-grupos-de-trabajo","8":"first","9":"instock","10":"shipping-taxable","11":"product-type-simple"},"aioseo_notices":[],"_links":{"self":[{"href":"https:\/\/soluciondigitaldelbajio.com.mx\/site\/wp-json\/wp\/v2\/product\/445","targetHints":{"allow":["GET"]}}],"collection":[{"href":"https:\/\/soluciondigitaldelbajio.com.mx\/site\/wp-json\/wp\/v2\/product"}],"about":[{"href":"https:\/\/soluciondigitaldelbajio.com.mx\/site\/wp-json\/wp\/v2\/types\/product"}],"replies":[{"embeddable":true,"href":"https:\/\/soluciondigitaldelbajio.com.mx\/site\/wp-json\/wp\/v2\/comments?post=445"}],"wp:featuredmedia":[{"embeddable":true,"href":"https:\/\/soluciondigitaldelbajio.com.mx\/site\/wp-json\/wp\/v2\/media\/446"}],"wp:attachment":[{"href":"https:\/\/soluciondigitaldelbajio.com.mx\/site\/wp-json\/wp\/v2\/media?parent=445"}],"wp:term":[{"taxonomy":"product_cat","embeddable":true,"href":"https:\/\/soluciondigitaldelbajio.com.mx\/site\/wp-json\/wp\/v2\/product_cat?post=445"},{"taxonomy":"product_tag","embeddable":true,"href":"https:\/\/soluciondigitaldelbajio.com.mx\/site\/wp-json\/wp\/v2\/product_tag?post=445"}],"curies":[{"name":"wp","href":"https:\/\/api.w.org\/{rel}","templated":true}]}}