{"id":454,"date":"2017-02-12T23:34:35","date_gmt":"2017-02-12T23:34:35","guid":{"rendered":"http:\/\/soluciondigitaldelbajio.com.mx\/site\/producto\/plotter-canon-image-prograf-ipf-770-para-venta-y-renta-area-del-bajio\/"},"modified":"2017-02-21T02:40:49","modified_gmt":"2017-02-21T02:40:49","slug":"plotter-canon-image-prograf-ipf-770-para-venta-y-renta-area-del-bajio","status":"publish","type":"product","link":"https:\/\/soluciondigitaldelbajio.com.mx\/site\/product\/plotter-canon-image-prograf-ipf-770-para-venta-y-renta-area-del-bajio\/","title":{"rendered":"Plotter Canon Image PROGRAF iPF 770"},"content":{"rendered":"<ul>\n<li>Ancho de impresi\u00f3n: 36\u201d<\/li>\n<li>Colores: 5 (C,M,Y,K,BK)<\/li>\n<li>N\u00famero de tintas: 6<\/li>\n<li>N\u00famero de cabezales: 1<\/li>\n<li>Cartuchos de arranque: 90 ml<\/li>\n<li>Subtanque: Si<\/li>\n<li>Tama\u00f1o de la gota: 4 pl<\/li>\n<li>Resoluci\u00f3n M\u00e1xima: 2,400 x 1,200 dpi<\/li>\n<li>Tipo de alimentaci\u00f3n: Hoja suelta y rollo<\/li>\n<li>Memoria RAM: 256 MB<\/li>\n<li>Disco Duro: No<\/li>\n<\/ul>\n","protected":false},"excerpt":{"rendered":"<p>Impresora compacta b\u00e1sica de 5 colores, perfecta para CAD\/GIS y carteler\u00eda de alta calidad. Combine calidad y econom\u00eda con esta impresora de 5 colores de alta velocidad y 36 pulgadas. Obtenga resultados n\u00edtidos en CAD\/GIS y carteler\u00eda gracias a la nueva tinta magenta.<\/p>\n<p><strong>Disponible en venta y renta.<\/strong><br \/>\n<strong>Disponible Soporte t\u00e9cnico.<\/strong><\/p>\n[fusion_button link=\"http:\/\/soluciondigitaldelbajio.com.mx\/site\/distribuidor-canon-ricoh-kyocera-oce-san-luis-potosi\/?your-subject=prograf ipf770\" title=\"Solicitar informaci\u00f3n de producto\" target=\"_self\" alignment=\"\" modal=\"\" hide_on_mobile=\"small-visibility,medium-visibility,large-visibility\" class=\"\" id=\"\" color=\"custom\" button_gradient_top_color=\"#0073aa\" button_gradient_bottom_color=\"#025983\" button_gradient_top_color_hover=\"#025983\" button_gradient_bottom_color_hover=\"#0073aa\" accent_color=\"#fff\" accent_hover_color=\"\" type=\"\" bevel_color=\"\" border_width=\"\" size=\"large\" stretch=\"default\" shape=\"\" icon=\"fa-usd\" icon_position=\"left\" icon_divider=\"yes\" animation_type=\"slide\" animation_direction=\"right\" animation_speed=\"0.3\" animation_offset=\"\"]Solicitar Informaci\u00f3n[\/fusion_button]\n","protected":false},"featured_media":449,"comment_status":"closed","ping_status":"closed","template":"","meta":[],"product_cat":[21],"product_tag":[],"class_list":{"0":"post-454","1":"product","2":"type-product","3":"status-publish","4":"has-post-thumbnail","6":"product_cat-segmento-tecnico","8":"first","9":"instock","10":"shipping-taxable","11":"product-type-simple"},"aioseo_notices":[],"_links":{"self":[{"href":"https:\/\/soluciondigitaldelbajio.com.mx\/site\/wp-json\/wp\/v2\/product\/454","targetHints":{"allow":["GET"]}}],"collection":[{"href":"https:\/\/soluciondigitaldelbajio.com.mx\/site\/wp-json\/wp\/v2\/product"}],"about":[{"href":"https:\/\/soluciondigitaldelbajio.com.mx\/site\/wp-json\/wp\/v2\/types\/product"}],"replies":[{"embeddable":true,"href":"https:\/\/soluciondigitaldelbajio.com.mx\/site\/wp-json\/wp\/v2\/comments?post=454"}],"wp:featuredmedia":[{"embeddable":true,"href":"https:\/\/soluciondigitaldelbajio.com.mx\/site\/wp-json\/wp\/v2\/media\/449"}],"wp:attachment":[{"href":"https:\/\/soluciondigitaldelbajio.com.mx\/site\/wp-json\/wp\/v2\/media?parent=454"}],"wp:term":[{"taxonomy":"product_cat","embeddable":true,"href":"https:\/\/soluciondigitaldelbajio.com.mx\/site\/wp-json\/wp\/v2\/product_cat?post=454"},{"taxonomy":"product_tag","embeddable":true,"href":"https:\/\/soluciondigitaldelbajio.com.mx\/site\/wp-json\/wp\/v2\/product_tag?post=454"}],"curies":[{"name":"wp","href":"https:\/\/api.w.org\/{rel}","templated":true}]}}