{"id":461,"date":"2017-02-13T00:04:01","date_gmt":"2017-02-13T00:04:01","guid":{"rendered":"http:\/\/soluciondigitaldelbajio.com.mx\/site\/producto\/plotter-plotter-canon-image-prograf-ipf-8400s-venta-y-renta-precios-mexico\/"},"modified":"2017-02-21T02:34:26","modified_gmt":"2017-02-21T02:34:26","slug":"plotter-plotter-canon-image-prograf-ipf-8400s-venta-y-renta-precios-mexico","status":"publish","type":"product","link":"https:\/\/soluciondigitaldelbajio.com.mx\/site\/product\/plotter-plotter-canon-image-prograf-ipf-8400s-venta-y-renta-precios-mexico\/","title":{"rendered":"Plotter Canon image PROGRAF iPF 8400S"},"content":{"rendered":"<ul>\n<li>Ancho de impresi\u00f3n: 44\u201d<\/li>\n<li>Colores: 8 (C,PC,M,PM,Y,BK,MBK,GY)<\/li>\n<li>N\u00famero de tintas: 8<\/li>\n<li>N\u00famero de cabezales: 2<\/li>\n<li>Cartuchos de arranque: 330 ml<\/li>\n<li>Subtanque: Si<\/li>\n<li>Tama\u00f1o de la gota: 4 pl<\/li>\n<li>Resoluci\u00f3n M\u00e1xima: 2,400 x 1,200 dpi<\/li>\n<li>Tipo de alimentaci\u00f3n: Rollo y alimentaci\u00f3n manual de carga superior y frontal.<\/li>\n<li>Memoria RAM: 384 MB<\/li>\n<li>Disco Duro: 250 GB<\/li>\n<\/ul>\n","protected":false},"excerpt":{"rendered":"<p>Dise\u00f1ada para aplicaciones de producci\u00f3n, pruebas, fotograf\u00eda y dise\u00f1o, la impresora<strong> iPF8400S<\/strong> de gran formato ofrece impresiones de 44 pulgadas\/B0 de alta calidad a bajo precio y una excelente velocidad.<\/p>\n<p><strong>Disponible en venta y renta.<\/strong><br \/>\n<strong>Disponible Soporte t\u00e9cnico.<\/strong><\/p>\n[fusion_button link=\"http:\/\/soluciondigitaldelbajio.com.mx\/site\/distribuidor-canon-ricoh-kyocera-oce-san-luis-potosi\/?your-subject=prograf 8400s\" title=\"Solicitar informaci\u00f3n de producto\" target=\"_self\" alignment=\"\" modal=\"\" hide_on_mobile=\"small-visibility,medium-visibility,large-visibility\" class=\"\" id=\"\" color=\"custom\" button_gradient_top_color=\"#0073aa\" button_gradient_bottom_color=\"#025983\" button_gradient_top_color_hover=\"#025983\" button_gradient_bottom_color_hover=\"#0073aa\" accent_color=\"#fff\" accent_hover_color=\"\" type=\"\" bevel_color=\"\" border_width=\"\" size=\"large\" stretch=\"default\" shape=\"\" icon=\"fa-usd\" icon_position=\"left\" icon_divider=\"yes\" animation_type=\"slide\" animation_direction=\"right\" animation_speed=\"0.3\" animation_offset=\"\"]Solicitar Informaci\u00f3n[\/fusion_button]\n","protected":false},"featured_media":462,"comment_status":"closed","ping_status":"closed","template":"","meta":[],"product_cat":[24],"product_tag":[],"class_list":{"0":"post-461","1":"product","2":"type-product","3":"status-publish","4":"has-post-thumbnail","6":"product_cat-segmento-de-produccion","8":"first","9":"instock","10":"shipping-taxable","11":"product-type-simple"},"aioseo_notices":[],"_links":{"self":[{"href":"https:\/\/soluciondigitaldelbajio.com.mx\/site\/wp-json\/wp\/v2\/product\/461","targetHints":{"allow":["GET"]}}],"collection":[{"href":"https:\/\/soluciondigitaldelbajio.com.mx\/site\/wp-json\/wp\/v2\/product"}],"about":[{"href":"https:\/\/soluciondigitaldelbajio.com.mx\/site\/wp-json\/wp\/v2\/types\/product"}],"replies":[{"embeddable":true,"href":"https:\/\/soluciondigitaldelbajio.com.mx\/site\/wp-json\/wp\/v2\/comments?post=461"}],"wp:featuredmedia":[{"embeddable":true,"href":"https:\/\/soluciondigitaldelbajio.com.mx\/site\/wp-json\/wp\/v2\/media\/462"}],"wp:attachment":[{"href":"https:\/\/soluciondigitaldelbajio.com.mx\/site\/wp-json\/wp\/v2\/media?parent=461"}],"wp:term":[{"taxonomy":"product_cat","embeddable":true,"href":"https:\/\/soluciondigitaldelbajio.com.mx\/site\/wp-json\/wp\/v2\/product_cat?post=461"},{"taxonomy":"product_tag","embeddable":true,"href":"https:\/\/soluciondigitaldelbajio.com.mx\/site\/wp-json\/wp\/v2\/product_tag?post=461"}],"curies":[{"name":"wp","href":"https:\/\/api.w.org\/{rel}","templated":true}]}}