{"id":471,"date":"2017-02-13T02:02:48","date_gmt":"2017-02-13T02:02:48","guid":{"rendered":"http:\/\/soluciondigitaldelbajio.com.mx\/site\/producto\/impresora-canon-imagerunner-lbp-3580-consumibles-renta-venta-precios-mexico\/"},"modified":"2017-02-21T02:30:41","modified_gmt":"2017-02-21T02:30:41","slug":"impresora-canon-imagerunner-lbp-3580-consumibles-renta-venta-precios-mexico","status":"publish","type":"product","link":"https:\/\/soluciondigitaldelbajio.com.mx\/site\/product\/impresora-canon-imagerunner-lbp-3580-consumibles-renta-venta-precios-mexico\/","title":{"rendered":"Impresora Canon imageRUNNER LBP 3580"},"content":{"rendered":"<ul>\n<li>Equipo Blanco y Negro<\/li>\n<li>Velocidad: 42 ppm<\/li>\n<li>Tama\u00f1o de papel: Carta\/Oficio<\/li>\n<li>Red<\/li>\n<li>Impresi\u00f3n desde USB<\/li>\n<li>Memoria RAM de 768MB<\/li>\n<li>Volumen Mensual Recomendado: 4,000<\/li>\n<\/ul>\n","protected":false},"excerpt":{"rendered":"<p>Las impresora <strong>imageRUNNER LBP3580<\/strong> es la elecci\u00f3n perfecta para los grupos de trabajo corporativos y las oficinas peque\u00f1as. Con el uso del Sistema RAPID Fusing patentado por Canon, este modelo produce documentos monocrom\u00e1ticos ultra n\u00edtidos de hasta 42 ppm (Carta). De tama\u00f1o compacto e incre\u00edblemente bajo consumo de energ\u00eda (solo 1 W en el Modo Dormir Profundo), adem\u00e1s brinda r\u00e1pido tiempo de entrega de la primera impresi\u00f3n y la funci\u00f3n bilateral autom\u00e1tica. Para las operaciones de impresi\u00f3n m\u00e1s extensas, el casete de papel opcional brinda una capacidad total de hasta 1,600 hojas. El sensor innovador de nivel de papel de Canon evita los problemas de manera proactiva, ya que detiene temporalmente la impresi\u00f3n cuando la bandeja de salida est\u00e1 llena y, luego, reanuda autom\u00e1ticamente la impresi\u00f3n cuando se vac\u00eda la bandeja.<\/p>\n<p><strong>Disponible en venta y renta.<\/strong><br \/>\n<strong>Disponible Soporte t\u00e9cnico.<\/strong><\/p>\n[fusion_button link=\"http:\/\/soluciondigitaldelbajio.com.mx\/site\/distribuidor-canon-ricoh-kyocera-oce-san-luis-potosi\/?your-subject=lbp3580\" title=\"Solicitar informaci\u00f3n de producto\" target=\"_self\" alignment=\"\" modal=\"\" hide_on_mobile=\"small-visibility,medium-visibility,large-visibility\" class=\"\" id=\"\" color=\"custom\" button_gradient_top_color=\"#0073aa\" button_gradient_bottom_color=\"#025983\" button_gradient_top_color_hover=\"#025983\" button_gradient_bottom_color_hover=\"#0073aa\" accent_color=\"#fff\" accent_hover_color=\"\" type=\"\" bevel_color=\"\" border_width=\"\" size=\"large\" stretch=\"default\" shape=\"\" icon=\"fa-usd\" icon_position=\"left\" icon_divider=\"yes\" animation_type=\"slide\" animation_direction=\"right\" animation_speed=\"0.3\" animation_offset=\"\"]Solicitar Informaci\u00f3n[\/fusion_button]\n","protected":false},"featured_media":472,"comment_status":"closed","ping_status":"closed","template":"","meta":[],"product_cat":[30],"product_tag":[],"class_list":{"0":"post-471","1":"product","2":"type-product","3":"status-publish","4":"has-post-thumbnail","6":"product_cat-impresoras","8":"first","9":"instock","10":"shipping-taxable","11":"product-type-simple"},"aioseo_notices":[],"_links":{"self":[{"href":"https:\/\/soluciondigitaldelbajio.com.mx\/site\/wp-json\/wp\/v2\/product\/471","targetHints":{"allow":["GET"]}}],"collection":[{"href":"https:\/\/soluciondigitaldelbajio.com.mx\/site\/wp-json\/wp\/v2\/product"}],"about":[{"href":"https:\/\/soluciondigitaldelbajio.com.mx\/site\/wp-json\/wp\/v2\/types\/product"}],"replies":[{"embeddable":true,"href":"https:\/\/soluciondigitaldelbajio.com.mx\/site\/wp-json\/wp\/v2\/comments?post=471"}],"wp:featuredmedia":[{"embeddable":true,"href":"https:\/\/soluciondigitaldelbajio.com.mx\/site\/wp-json\/wp\/v2\/media\/472"}],"wp:attachment":[{"href":"https:\/\/soluciondigitaldelbajio.com.mx\/site\/wp-json\/wp\/v2\/media?parent=471"}],"wp:term":[{"taxonomy":"product_cat","embeddable":true,"href":"https:\/\/soluciondigitaldelbajio.com.mx\/site\/wp-json\/wp\/v2\/product_cat?post=471"},{"taxonomy":"product_tag","embeddable":true,"href":"https:\/\/soluciondigitaldelbajio.com.mx\/site\/wp-json\/wp\/v2\/product_tag?post=471"}],"curies":[{"name":"wp","href":"https:\/\/api.w.org\/{rel}","templated":true}]}}