{"id":474,"date":"2017-02-13T02:10:12","date_gmt":"2017-02-13T02:10:12","guid":{"rendered":"http:\/\/soluciondigitaldelbajio.com.mx\/site\/producto\/impresora-canon-imagerunner-lbp-3480-renta-venta-consumibles-precios-mexico\/"},"modified":"2017-02-21T02:29:52","modified_gmt":"2017-02-21T02:29:52","slug":"impresora-canon-imagerunner-lbp-3480-renta-venta-consumibles-precios-mexico","status":"publish","type":"product","link":"https:\/\/soluciondigitaldelbajio.com.mx\/site\/product\/impresora-canon-imagerunner-lbp-3480-renta-venta-consumibles-precios-mexico\/","title":{"rendered":"Impresora Canon imageRUNNER LBP 3480"},"content":{"rendered":"<ul>\n<li>Equipo Blanco y Negro<\/li>\n<li>Velocidad: 35 ppm<\/li>\n<li>Tama\u00f1o de papel: Carta\/Oficio<\/li>\n<li>Red<\/li>\n<li>Impresi\u00f3n desde USB<\/li>\n<li>Memoria RAM de 768MB<\/li>\n<li>Volumen Mensual Recomendado: 3,000<\/li>\n<\/ul>\n","protected":false},"excerpt":{"rendered":"<p>La impresora <strong>imageRUNNER LBP3480<\/strong> de Canon es la opci\u00f3n ideal para grupos de trabajo y peque\u00f1as oficinas. Con el uso del Sistema RAPID Fusing patentado por Canon, este modelo produce documentos monocrom\u00e1ticos ultra n\u00edtidos hasta 35 ppm (Carta). De tama\u00f1o compacto y bajo consumo de energ\u00eda (solo 1 W en el Modo Dormir Profundo), adem\u00e1s brinda impresionante tiempo de entrega de la primera impresi\u00f3n y la funci\u00f3n bilateral autom\u00e1tica. Para las operaciones de impresi\u00f3n m\u00e1s extensas, el casete de papel opcional brinda una capacidad hasta de 800 hojas en total. El sensor innovador de nivel de papel de Canon evita los problemas de manera proactiva, ya que detecta cuando la bandeja de salida est\u00e1 llena y, luego, reanuda autom\u00e1ticamente la impresi\u00f3n cuando se vac\u00eda la bandeja<\/p>\n<p><strong>Disponible en venta y renta.<\/strong><br \/>\n<strong>Disponible Soporte t\u00e9cnico.<\/strong><\/p>\n[fusion_button link=\"http:\/\/soluciondigitaldelbajio.com.mx\/site\/distribuidor-canon-ricoh-kyocera-oce-san-luis-potosi\/?your-subject=LBP 3480\" title=\"Solicitar informaci\u00f3n de producto\" target=\"_self\" alignment=\"\" modal=\"\" hide_on_mobile=\"small-visibility,medium-visibility,large-visibility\" class=\"\" id=\"\" color=\"custom\" button_gradient_top_color=\"#0073aa\" button_gradient_bottom_color=\"#025983\" button_gradient_top_color_hover=\"#025983\" button_gradient_bottom_color_hover=\"#0073aa\" accent_color=\"#fff\" accent_hover_color=\"\" type=\"\" bevel_color=\"\" border_width=\"\" size=\"large\" stretch=\"default\" shape=\"\" icon=\"fa-usd\" icon_position=\"left\" icon_divider=\"yes\" animation_type=\"slide\" animation_direction=\"right\" animation_speed=\"0.3\" animation_offset=\"\"]Solicitar Informaci\u00f3n[\/fusion_button]\n","protected":false},"featured_media":473,"comment_status":"closed","ping_status":"closed","template":"","meta":[],"product_cat":[30],"product_tag":[],"class_list":{"0":"post-474","1":"product","2":"type-product","3":"status-publish","4":"has-post-thumbnail","6":"product_cat-impresoras","8":"first","9":"instock","10":"shipping-taxable","11":"product-type-simple"},"aioseo_notices":[],"_links":{"self":[{"href":"https:\/\/soluciondigitaldelbajio.com.mx\/site\/wp-json\/wp\/v2\/product\/474","targetHints":{"allow":["GET"]}}],"collection":[{"href":"https:\/\/soluciondigitaldelbajio.com.mx\/site\/wp-json\/wp\/v2\/product"}],"about":[{"href":"https:\/\/soluciondigitaldelbajio.com.mx\/site\/wp-json\/wp\/v2\/types\/product"}],"replies":[{"embeddable":true,"href":"https:\/\/soluciondigitaldelbajio.com.mx\/site\/wp-json\/wp\/v2\/comments?post=474"}],"wp:featuredmedia":[{"embeddable":true,"href":"https:\/\/soluciondigitaldelbajio.com.mx\/site\/wp-json\/wp\/v2\/media\/473"}],"wp:attachment":[{"href":"https:\/\/soluciondigitaldelbajio.com.mx\/site\/wp-json\/wp\/v2\/media?parent=474"}],"wp:term":[{"taxonomy":"product_cat","embeddable":true,"href":"https:\/\/soluciondigitaldelbajio.com.mx\/site\/wp-json\/wp\/v2\/product_cat?post=474"},{"taxonomy":"product_tag","embeddable":true,"href":"https:\/\/soluciondigitaldelbajio.com.mx\/site\/wp-json\/wp\/v2\/product_tag?post=474"}],"curies":[{"name":"wp","href":"https:\/\/api.w.org\/{rel}","templated":true}]}}