{"id":477,"date":"2015-05-19T21:52:01","date_gmt":"2015-05-19T21:52:01","guid":{"rendered":"http:\/\/1step.com.mx\/?post_type=product&#038;p=197"},"modified":"2017-02-21T16:37:32","modified_gmt":"2017-02-21T16:37:32","slug":"impresora-ricoh-pro-l4160-en-mexico-renta-venta-consumibles","status":"publish","type":"product","link":"https:\/\/soluciondigitaldelbajio.com.mx\/site\/product\/impresora-ricoh-pro-l4160-en-mexico-renta-venta-consumibles\/","title":{"rendered":"Impresora RICOH Pro L4160 \/ L4130"},"content":{"rendered":"","protected":false},"excerpt":{"rendered":"<p>La impresora a color de formato ancho<strong> RICOH\u00ae Pro L4160<\/strong> produce brillantes r\u00f3tulos, pendones, revestimientos para muros, envolturas y m\u00e1s, para la publicidad en interiores o al aire libre y, carteles para los puntos de venta.<\/p>\n<p>Sus clientes notar\u00e1n c\u00f3mo sus gr\u00e1ficos tienen una apariencia v\u00edvida y n\u00edtida. Se dar\u00e1n cuenta de lo f\u00e1cil que es hacerlos.<\/p>\n<p>La impresora utiliza tinta ecol\u00f3gica acuosa de l\u00e1tex y un proceso de impresi\u00f3n hasta de seis colores, incluyendo naranja y verde, adem\u00e1s del blanco; obteniendo as\u00ed una gama de colores mucho m\u00e1s amplia.<\/p>\n<p><strong>Disponible en venta y renta.<\/strong><br \/>\n<strong>Disponible Soporte t\u00e9cnico y Consumibles.<\/strong><\/p>\n[fusion_button link=\"http:\/\/soluciondigitaldelbajio.com.mx\/site\/distribuidor-canon-ricoh-kyocera-oce-san-luis-potosi\/?your-subject= RICOH Pro L4160 \/ L4130\" title=\"Solicitar informaci\u00f3n de producto\" target=\"_self\" alignment=\"\" modal=\"\" hide_on_mobile=\"small-visibility,medium-visibility,large-visibility\" class=\"\" id=\"\" color=\"custom\" button_gradient_top_color=\"#0073aa\" button_gradient_bottom_color=\"#025983\" button_gradient_top_color_hover=\"#025983\" button_gradient_bottom_color_hover=\"#0073aa\" accent_color=\"#fff\" accent_hover_color=\"\" type=\"\" bevel_color=\"\" border_width=\"\" size=\"large\" stretch=\"default\" shape=\"\" icon=\"fa-usd\" icon_position=\"left\" icon_divider=\"yes\" animation_type=\"slide\" animation_direction=\"right\" animation_speed=\"0.3\" animation_offset=\"\"]Solicitar Informaci\u00f3n[\/fusion_button]\n","protected":false},"featured_media":681,"comment_status":"closed","ping_status":"closed","template":"","meta":[],"product_cat":[20],"product_tag":[],"class_list":{"0":"post-477","1":"product","2":"type-product","3":"status-publish","4":"has-post-thumbnail","6":"product_cat-impresoras-de-formato-ancho","8":"first","9":"instock","10":"shipping-taxable","11":"product-type-simple"},"aioseo_notices":[],"_links":{"self":[{"href":"https:\/\/soluciondigitaldelbajio.com.mx\/site\/wp-json\/wp\/v2\/product\/477","targetHints":{"allow":["GET"]}}],"collection":[{"href":"https:\/\/soluciondigitaldelbajio.com.mx\/site\/wp-json\/wp\/v2\/product"}],"about":[{"href":"https:\/\/soluciondigitaldelbajio.com.mx\/site\/wp-json\/wp\/v2\/types\/product"}],"replies":[{"embeddable":true,"href":"https:\/\/soluciondigitaldelbajio.com.mx\/site\/wp-json\/wp\/v2\/comments?post=477"}],"wp:featuredmedia":[{"embeddable":true,"href":"https:\/\/soluciondigitaldelbajio.com.mx\/site\/wp-json\/wp\/v2\/media\/681"}],"wp:attachment":[{"href":"https:\/\/soluciondigitaldelbajio.com.mx\/site\/wp-json\/wp\/v2\/media?parent=477"}],"wp:term":[{"taxonomy":"product_cat","embeddable":true,"href":"https:\/\/soluciondigitaldelbajio.com.mx\/site\/wp-json\/wp\/v2\/product_cat?post=477"},{"taxonomy":"product_tag","embeddable":true,"href":"https:\/\/soluciondigitaldelbajio.com.mx\/site\/wp-json\/wp\/v2\/product_tag?post=477"}],"curies":[{"name":"wp","href":"https:\/\/api.w.org\/{rel}","templated":true}]}}