{"id":478,"date":"2015-05-19T22:10:57","date_gmt":"2015-05-19T22:10:57","guid":{"rendered":"http:\/\/1step.com.mx\/?post_type=product&#038;p=205"},"modified":"2017-02-21T16:38:01","modified_gmt":"2017-02-21T16:38:01","slug":"impresora-multifuncional-color-ricoh-mpc306-mpc406","status":"publish","type":"product","link":"https:\/\/soluciondigitaldelbajio.com.mx\/site\/product\/impresora-multifuncional-color-ricoh-mpc306-mpc406\/","title":{"rendered":"Multifuncional RICOH MP C306"},"content":{"rendered":"<ul>\n<li>Velocidad de impresi\u00f3n y copiado hasta 31 ppm<\/li>\n<li>\u00a0Tama\u00f1o de papel: carta y oficio<\/li>\n<li>\u00a0Gramaje de papel: 60-220 g\/m2<\/li>\n<li>\u00a0D\u00faplex autom\u00e1tico<\/li>\n<li>\u00a0Memoria est\u00e1ndar: 2 GB RAM<\/li>\n<li>\u00a0Disco Duro de 320 GB<\/li>\n<li>\u00a0Lenguajes de impresi\u00f3n est\u00e1ndar: PCL5e\/6, Adobe PostScript3 Genuino, PDF directo<\/li>\n<li>\u00a0Red<\/li>\n<li>\u00a0Escaneo a carpeta, correo y USB.<\/li>\n<li>\u00a0Panel de Operaciones Inteligente S\u00faper VGA de 10.1&#8243;<\/li>\n<li>\u00a0Navegador de Web<\/li>\n<\/ul>\n<p>&nbsp;<\/p>\n","protected":false},"excerpt":{"rendered":"<h4><strong>Disponga de una operaci\u00f3n productiva a su alcance<\/strong><\/h4>\n<p>Utilice \u00ae el equipo <strong>Ricoh MP C306<\/strong> para simplificar la forma en que administra la informaci\u00f3n &#8211; ya sea que imprima, copie, escanee o env\u00ede por fax &#8211; de tal forma que pueda trabajar m\u00e1s r\u00e1pido y ser m\u00e1s productivo. Aproveche su gran pantalla t\u00e1ctil intuitiva para alternar entre trabajos con un solo toque. Imprima desde su tel\u00e9fono inteligente documentos a color muy atractivos y hasta de 216 x 356 mm.<\/p>\n<p><strong>Disponible en venta y renta.<\/strong><br \/>\n<strong>Disponible Soporte t\u00e9cnico y Consumibles.<\/strong><\/p>\n[fusion_button link=\"http:\/\/soluciondigitaldelbajio.com.mx\/site\/distribuidor-canon-ricoh-kyocera-oce-san-luis-potosi\/?your-subject= RICOH MP C306\" title=\"Solicitar informaci\u00f3n de producto\" target=\"_self\" alignment=\"\" modal=\"\" hide_on_mobile=\"small-visibility,medium-visibility,large-visibility\" class=\"\" id=\"\" color=\"custom\" button_gradient_top_color=\"#0073aa\" button_gradient_bottom_color=\"#025983\" button_gradient_top_color_hover=\"#025983\" button_gradient_bottom_color_hover=\"#0073aa\" accent_color=\"#fff\" accent_hover_color=\"\" type=\"\" bevel_color=\"\" border_width=\"\" size=\"large\" stretch=\"default\" shape=\"\" icon=\"fa-usd\" icon_position=\"left\" icon_divider=\"yes\" animation_type=\"slide\" animation_direction=\"right\" animation_speed=\"0.3\" animation_offset=\"\"]Solicitar Informaci\u00f3n[\/fusion_button]\n","protected":false},"featured_media":680,"comment_status":"closed","ping_status":"closed","template":"","meta":[],"product_cat":[8],"product_tag":[],"class_list":{"0":"post-478","1":"product","2":"type-product","3":"status-publish","4":"has-post-thumbnail","6":"product_cat-multifuncionales-color","8":"first","9":"instock","10":"shipping-taxable","11":"product-type-simple"},"aioseo_notices":[],"_links":{"self":[{"href":"https:\/\/soluciondigitaldelbajio.com.mx\/site\/wp-json\/wp\/v2\/product\/478","targetHints":{"allow":["GET"]}}],"collection":[{"href":"https:\/\/soluciondigitaldelbajio.com.mx\/site\/wp-json\/wp\/v2\/product"}],"about":[{"href":"https:\/\/soluciondigitaldelbajio.com.mx\/site\/wp-json\/wp\/v2\/types\/product"}],"replies":[{"embeddable":true,"href":"https:\/\/soluciondigitaldelbajio.com.mx\/site\/wp-json\/wp\/v2\/comments?post=478"}],"wp:featuredmedia":[{"embeddable":true,"href":"https:\/\/soluciondigitaldelbajio.com.mx\/site\/wp-json\/wp\/v2\/media\/680"}],"wp:attachment":[{"href":"https:\/\/soluciondigitaldelbajio.com.mx\/site\/wp-json\/wp\/v2\/media?parent=478"}],"wp:term":[{"taxonomy":"product_cat","embeddable":true,"href":"https:\/\/soluciondigitaldelbajio.com.mx\/site\/wp-json\/wp\/v2\/product_cat?post=478"},{"taxonomy":"product_tag","embeddable":true,"href":"https:\/\/soluciondigitaldelbajio.com.mx\/site\/wp-json\/wp\/v2\/product_tag?post=478"}],"curies":[{"name":"wp","href":"https:\/\/api.w.org\/{rel}","templated":true}]}}