{"id":482,"date":"2015-07-16T14:49:58","date_gmt":"2015-07-16T14:49:58","guid":{"rendered":"http:\/\/1step.com.mx\/?post_type=product&#038;p=255"},"modified":"2017-02-21T16:39:40","modified_gmt":"2017-02-21T16:39:40","slug":"multifuncional-impresora-copiadora-ricoh-sp-4510sf-renta-venta-mexico-precios","status":"publish","type":"product","link":"https:\/\/soluciondigitaldelbajio.com.mx\/site\/product\/multifuncional-impresora-copiadora-ricoh-sp-4510sf-renta-venta-mexico-precios\/","title":{"rendered":"Multifuncional RICOH SP 4510SF  Carta | Oficio"},"content":{"rendered":"<ul>\n<li>Velocidad de impresi\u00f3n: 42 ppm<\/li>\n<li>Tama\u00f1o de papel: Carta y Oficio<\/li>\n<li>Memoria RAM de 1 GB<\/li>\n<li>Resoluci\u00f3n de impresi\u00f3n: hasta 1200 x 1200 ppp<\/li>\n<li>D\u00faplex Autom\u00e1tico<\/li>\n<li>Volumen mensual recomendado: 10,000 impresiones<\/li>\n<li>Gramajes de papel: 52 -162 g\/m2<\/li>\n<li>Red<\/li>\n<li>Lenguaje PCL6\/5e, Adobe PostScript3, PDF directo<\/li>\n<\/ul>\n<p>&nbsp;<\/p>\n","protected":false},"excerpt":{"rendered":"<h2>M\u00e1s control para realizar m\u00e1s tareas<\/h2>\n<p>Utilice el multifuncional RICOH SP 4510SF para realizar r\u00e1pida y diariamente una amplia gama de tareas de administraci\u00f3n de documentos &#8211; incluyendo la impresi\u00f3n, escaneo, fax y copiado- de tal forma que pueda avanzar de un proyecto a otro sin perder el ritmo. Coloque el compacto MFP en casi cualquier lugar, incluso en su escritorio, para ahorrar espacio y tiempo. Personalice el dispositivo para que se adapte a sus preferencias personales. Aproveche los controles de seguridad para proteger su informaci\u00f3n. Acceda de forma remota a los controles administrativos para mantener funcionando al SP 4510SF de manera eficiente.<\/p>\n<p><strong>Disponible en venta y renta.<\/strong><br \/>\n<strong>Disponible Soporte t\u00e9cnico y Consumibles.<\/strong><\/p>\n[fusion_button link=\"http:\/\/soluciondigitaldelbajio.com.mx\/site\/distribuidor-canon-ricoh-kyocera-oce-san-luis-potosi\/?your-subject= RICOH SP 4510SF\" title=\"Solicitar informaci\u00f3n de producto\" target=\"_self\" alignment=\"\" modal=\"\" hide_on_mobile=\"small-visibility,medium-visibility,large-visibility\" class=\"\" id=\"\" color=\"custom\" button_gradient_top_color=\"#0073aa\" button_gradient_bottom_color=\"#025983\" button_gradient_top_color_hover=\"#025983\" button_gradient_bottom_color_hover=\"#0073aa\" accent_color=\"#fff\" accent_hover_color=\"\" type=\"\" bevel_color=\"\" border_width=\"\" size=\"large\" stretch=\"default\" shape=\"\" icon=\"fa-usd\" icon_position=\"left\" icon_divider=\"yes\" animation_type=\"slide\" animation_direction=\"right\" animation_speed=\"0.3\" animation_offset=\"\"]Solicitar Informaci\u00f3n[\/fusion_button]\n","protected":false},"featured_media":678,"comment_status":"closed","ping_status":"closed","template":"","meta":[],"product_cat":[9],"product_tag":[],"class_list":{"0":"post-482","1":"product","2":"type-product","3":"status-publish","4":"has-post-thumbnail","6":"product_cat-multifuncionales-bn","8":"first","9":"instock","10":"shipping-taxable","11":"product-type-simple"},"aioseo_notices":[],"_links":{"self":[{"href":"https:\/\/soluciondigitaldelbajio.com.mx\/site\/wp-json\/wp\/v2\/product\/482","targetHints":{"allow":["GET"]}}],"collection":[{"href":"https:\/\/soluciondigitaldelbajio.com.mx\/site\/wp-json\/wp\/v2\/product"}],"about":[{"href":"https:\/\/soluciondigitaldelbajio.com.mx\/site\/wp-json\/wp\/v2\/types\/product"}],"replies":[{"embeddable":true,"href":"https:\/\/soluciondigitaldelbajio.com.mx\/site\/wp-json\/wp\/v2\/comments?post=482"}],"wp:featuredmedia":[{"embeddable":true,"href":"https:\/\/soluciondigitaldelbajio.com.mx\/site\/wp-json\/wp\/v2\/media\/678"}],"wp:attachment":[{"href":"https:\/\/soluciondigitaldelbajio.com.mx\/site\/wp-json\/wp\/v2\/media?parent=482"}],"wp:term":[{"taxonomy":"product_cat","embeddable":true,"href":"https:\/\/soluciondigitaldelbajio.com.mx\/site\/wp-json\/wp\/v2\/product_cat?post=482"},{"taxonomy":"product_tag","embeddable":true,"href":"https:\/\/soluciondigitaldelbajio.com.mx\/site\/wp-json\/wp\/v2\/product_tag?post=482"}],"curies":[{"name":"wp","href":"https:\/\/api.w.org\/{rel}","templated":true}]}}