{"id":503,"date":"2015-07-20T15:56:02","date_gmt":"2015-07-20T15:56:02","guid":{"rendered":"http:\/\/1step.com.mx\/?post_type=product&#038;p=321"},"modified":"2017-02-21T16:05:48","modified_gmt":"2017-02-21T16:05:48","slug":"duplicador-digital-dd-6650p-impresora-copiadora-en-mexico","status":"publish","type":"product","link":"https:\/\/soluciondigitaldelbajio.com.mx\/site\/product\/duplicador-digital-dd-6650p-impresora-copiadora-en-mexico\/","title":{"rendered":"Duplicador Digital DD 6650P &#8211; para Alto Volumen"},"content":{"rendered":"<ul>\n<li>Velocidad de impresi\u00f3n: 60 y 135 ppm 6 pasos<\/li>\n<li>Tama\u00f1o del papel: m\u00ednimo 70 x 148 mm y m\u00e1ximo 325 x 447 mm<\/li>\n<li>Resoluci\u00f3n 600 x 600 dpi<\/li>\n<li>Capacidad de alimentaci\u00f3n de papel: 1,000 hojas (75 g\/m2)<\/li>\n<li>Funciones especiales: c\u00f3digos de usuario (200), combinar imagen (2 en 1, 4 en 1), repetir impresi\u00f3n (2\/4\/8\/16 en 1 personalizado), sobreimposici\u00f3n, detecci\u00f3n de alimentaci\u00f3n doble, iniciar calidad.<\/li>\n<\/ul>\n","protected":false},"excerpt":{"rendered":"<h4>Descubra la versatilidad de la calidad, salida de alta velocidad<\/h4>\n<p>Est\u00e9 preparado para cualquier cosa en cualquier momento con la altamente productiva duplicadora digital <strong>Ricoh DD 6650P.<\/strong> Este vers\u00e1til dispositivo, de alta velocidad produce hasta 135 im\u00e1genes por minuto con calidad similar al offset y con una confiabilidad incre\u00edble para manejar incluso las tareas m\u00e1s exigentes de manera m\u00e1s r\u00e1pida, m\u00e1s eficiente y econ\u00f3mica. Consume menos energ\u00eda que los sistemas de impresi\u00f3n de alta velocidad convencionales comparables, para producir un mayor impacto en su flujo de trabajo y un menor impacto sobre el medio ambiente.<\/p>\n<p><strong>Disponible en venta y renta.<\/strong><br \/>\n<strong>Disponible Soporte t\u00e9cnico y Consumibles.<\/strong><\/p>\n[fusion_button link=\"http:\/\/soluciondigitaldelbajio.com.mx\/site\/distribuidor-canon-ricoh-kyocera-oce-san-luis-potosi\/?your-subject= duplicador dd6650p\" title=\"Solicitar informaci\u00f3n de producto\" target=\"_self\" alignment=\"\" modal=\"\" hide_on_mobile=\"small-visibility,medium-visibility,large-visibility\" class=\"\" id=\"\" color=\"custom\" button_gradient_top_color=\"#0073aa\" button_gradient_bottom_color=\"#025983\" button_gradient_top_color_hover=\"#025983\" button_gradient_bottom_color_hover=\"#0073aa\" accent_color=\"#fff\" accent_hover_color=\"\" type=\"\" bevel_color=\"\" border_width=\"\" size=\"large\" stretch=\"default\" shape=\"\" icon=\"fa-usd\" icon_position=\"left\" icon_divider=\"yes\" animation_type=\"slide\" animation_direction=\"right\" animation_speed=\"0.3\" animation_offset=\"\"]Solicitar Informaci\u00f3n[\/fusion_button]\n","protected":false},"featured_media":636,"comment_status":"closed","ping_status":"closed","template":"","meta":[],"product_cat":[38],"product_tag":[],"class_list":{"0":"post-503","1":"product","2":"type-product","3":"status-publish","4":"has-post-thumbnail","6":"product_cat-duplicadores-duplicadoras-copiadoras-documentos-monterrey","8":"first","9":"instock","10":"shipping-taxable","11":"product-type-simple"},"aioseo_notices":[],"_links":{"self":[{"href":"https:\/\/soluciondigitaldelbajio.com.mx\/site\/wp-json\/wp\/v2\/product\/503","targetHints":{"allow":["GET"]}}],"collection":[{"href":"https:\/\/soluciondigitaldelbajio.com.mx\/site\/wp-json\/wp\/v2\/product"}],"about":[{"href":"https:\/\/soluciondigitaldelbajio.com.mx\/site\/wp-json\/wp\/v2\/types\/product"}],"replies":[{"embeddable":true,"href":"https:\/\/soluciondigitaldelbajio.com.mx\/site\/wp-json\/wp\/v2\/comments?post=503"}],"wp:featuredmedia":[{"embeddable":true,"href":"https:\/\/soluciondigitaldelbajio.com.mx\/site\/wp-json\/wp\/v2\/media\/636"}],"wp:attachment":[{"href":"https:\/\/soluciondigitaldelbajio.com.mx\/site\/wp-json\/wp\/v2\/media?parent=503"}],"wp:term":[{"taxonomy":"product_cat","embeddable":true,"href":"https:\/\/soluciondigitaldelbajio.com.mx\/site\/wp-json\/wp\/v2\/product_cat?post=503"},{"taxonomy":"product_tag","embeddable":true,"href":"https:\/\/soluciondigitaldelbajio.com.mx\/site\/wp-json\/wp\/v2\/product_tag?post=503"}],"curies":[{"name":"wp","href":"https:\/\/api.w.org\/{rel}","templated":true}]}}