{"id":506,"date":"2015-07-20T18:07:53","date_gmt":"2015-07-20T18:07:53","guid":{"rendered":"http:\/\/1step.com.mx\/?post_type=product&#038;p=331"},"modified":"2017-02-21T04:01:58","modified_gmt":"2017-02-21T04:01:58","slug":"proyector-ricoh-pj-wx2240-para-sala-juntas-oficinas-mexico","status":"publish","type":"product","link":"https:\/\/soluciondigitaldelbajio.com.mx\/site\/product\/proyector-ricoh-pj-wx2240-para-sala-juntas-oficinas-mexico\/","title":{"rendered":"Proyector RICOH PJ X2240 | PJ WX2240"},"content":{"rendered":"<p>&#8211; Resoluci\u00f3n WXGA<br \/>\n&#8211; Conexi\u00f3n HDMI, VGA, Video Compuesto<br \/>\n&#8211; 3,100 l\u00famenes<br \/>\n&#8211; Contraste 10,000:1<br \/>\n&#8211; 5,000 hrs de vida en l\u00e1mpara<br \/>\n&#8211; Libre de mantenimiento gracias a su tecnolog\u00eda Chi DLP<br \/>\n&#8211; 3 a\u00f1os de garant\u00eda y cambio f\u00edsico en caso de falla por defecto de f\u00e1brica<\/p>\n","protected":false},"excerpt":{"rendered":"<h4>Sistemas de Proyecci\u00f3n para Negocios<\/h4>\n<p>Elija el <strong>RICOH PJ WX2240<\/strong> para compartir informaci\u00f3n en una gran pantalla, con m\u00e1s personas y en m\u00e1s lugares y con una claridad sorprendente. Lleve el sistema de proyecci\u00f3n de negocios ligero y haga presentaciones, muestre videos, pel\u00edculas y mucho m\u00e1s&#8230; en colores brillantes y resoluciones n\u00edtidas, en tama\u00f1os de proyecci\u00f3n que van desde 30 pulgadas a 300 pulgadas de ancho &#8211; haci\u00e9ndolo perfecto ya sea para una sala de conferencias o un sal\u00f3n de clases.<\/p>\n[fusion_button link=\"http:\/\/soluciondigitaldelbajio.com.mx\/site\/distribuidor-canon-ricoh-kyocera-oce-san-luis-potosi\/?your-subject= RICOH  PJ X2240 | PJ WX2240\" title=\"Solicitar informaci\u00f3n de producto\" target=\"_self\" alignment=\"\" modal=\"\" hide_on_mobile=\"small-visibility,medium-visibility,large-visibility\" class=\"\" id=\"\" color=\"custom\" button_gradient_top_color=\"#0073aa\" button_gradient_bottom_color=\"#025983\" button_gradient_top_color_hover=\"#025983\" button_gradient_bottom_color_hover=\"#0073aa\" accent_color=\"#fff\" accent_hover_color=\"\" type=\"\" bevel_color=\"\" border_width=\"\" size=\"large\" stretch=\"default\" shape=\"\" icon=\"fa-usd\" icon_position=\"left\" icon_divider=\"yes\" animation_type=\"slide\" animation_direction=\"right\" animation_speed=\"0.3\" animation_offset=\"\"]Solicitar Informaci\u00f3n[\/fusion_button]\n","protected":false},"featured_media":632,"comment_status":"closed","ping_status":"closed","template":"","meta":[],"product_cat":[39],"product_tag":[],"class_list":{"0":"post-506","1":"product","2":"type-product","3":"status-publish","4":"has-post-thumbnail","6":"product_cat-equipos-de-proyeccion-proyectores-oficina-monterrey","8":"first","9":"instock","10":"shipping-taxable","11":"product-type-simple"},"aioseo_notices":[],"_links":{"self":[{"href":"https:\/\/soluciondigitaldelbajio.com.mx\/site\/wp-json\/wp\/v2\/product\/506","targetHints":{"allow":["GET"]}}],"collection":[{"href":"https:\/\/soluciondigitaldelbajio.com.mx\/site\/wp-json\/wp\/v2\/product"}],"about":[{"href":"https:\/\/soluciondigitaldelbajio.com.mx\/site\/wp-json\/wp\/v2\/types\/product"}],"replies":[{"embeddable":true,"href":"https:\/\/soluciondigitaldelbajio.com.mx\/site\/wp-json\/wp\/v2\/comments?post=506"}],"wp:featuredmedia":[{"embeddable":true,"href":"https:\/\/soluciondigitaldelbajio.com.mx\/site\/wp-json\/wp\/v2\/media\/632"}],"wp:attachment":[{"href":"https:\/\/soluciondigitaldelbajio.com.mx\/site\/wp-json\/wp\/v2\/media?parent=506"}],"wp:term":[{"taxonomy":"product_cat","embeddable":true,"href":"https:\/\/soluciondigitaldelbajio.com.mx\/site\/wp-json\/wp\/v2\/product_cat?post=506"},{"taxonomy":"product_tag","embeddable":true,"href":"https:\/\/soluciondigitaldelbajio.com.mx\/site\/wp-json\/wp\/v2\/product_tag?post=506"}],"curies":[{"name":"wp","href":"https:\/\/api.w.org\/{rel}","templated":true}]}}