{"id":507,"date":"2015-07-20T18:19:57","date_gmt":"2015-07-20T18:19:57","guid":{"rendered":"http:\/\/1step.com.mx\/?post_type=product&#038;p=333"},"modified":"2017-02-21T04:01:14","modified_gmt":"2017-02-21T04:01:14","slug":"venta-renta-proyectores-en-mexico-ricoh-pj-wx3340n-pj-x3340n","status":"publish","type":"product","link":"https:\/\/soluciondigitaldelbajio.com.mx\/site\/product\/venta-renta-proyectores-en-mexico-ricoh-pj-wx3340n-pj-x3340n\/","title":{"rendered":"Proyectores RICOH PJ WX3340N \/ PJ X3340N"},"content":{"rendered":"<p>Lleve a cabo el monitoreo y la gesti\u00f3n a distancia en las computadoras con SO Windows Vista, 7 y 8, y Mac OS X 10.6-10.8. Todo el software est\u00e1 incluido.<\/p>\n<p>Ofrecen un grado de luminosidad de 3,000 l\u00famenes, m\u00e1s un rango de contraste de 5,000:1 para una gran calidad de imagen con una excelente separaci\u00f3n de colores.<\/p>\n","protected":false},"excerpt":{"rendered":"<p>El PJ X3340N y el PJ WX3340N emplean la probada tecnolog\u00eda de proyecci\u00f3n de Procesamiento Digital de Luz (DLP) de Texas Instruments para una calidad de proyecci\u00f3n superior con soporte para m\u00e1s de 1.07 billones de colores.<\/p>\n<p>La innovadora tecnolog\u00eda de la lente de gran angular de Ricoh permite cortas distancias de proyecci\u00f3n. La aproximaci\u00f3n a la superficie de proyecci\u00f3n permite el uso de salas m\u00e1s peque\u00f1as para las reuniones y conferencias, manteniendo el tama\u00f1o suficiente de pantalla.<\/p>\n[fusion_button link=\"http:\/\/soluciondigitaldelbajio.com.mx\/site\/distribuidor-canon-ricoh-kyocera-oce-san-luis-potosi\/?your-subject= RICOH PJ WX3340N \/ PJ X3340N\" title=\"Solicitar informaci\u00f3n de producto\" target=\"_self\" alignment=\"\" modal=\"\" hide_on_mobile=\"small-visibility,medium-visibility,large-visibility\" class=\"\" id=\"\" color=\"custom\" button_gradient_top_color=\"#0073aa\" button_gradient_bottom_color=\"#025983\" button_gradient_top_color_hover=\"#025983\" button_gradient_bottom_color_hover=\"#0073aa\" accent_color=\"#fff\" accent_hover_color=\"\" type=\"\" bevel_color=\"\" border_width=\"\" size=\"large\" stretch=\"default\" shape=\"\" icon=\"fa-usd\" icon_position=\"left\" icon_divider=\"yes\" animation_type=\"slide\" animation_direction=\"right\" animation_speed=\"0.3\" animation_offset=\"\"]Solicitar Informaci\u00f3n[\/fusion_button]\n","protected":false},"featured_media":631,"comment_status":"closed","ping_status":"closed","template":"","meta":[],"product_cat":[39],"product_tag":[],"class_list":{"0":"post-507","1":"product","2":"type-product","3":"status-publish","4":"has-post-thumbnail","6":"product_cat-equipos-de-proyeccion-proyectores-oficina-monterrey","8":"first","9":"instock","10":"shipping-taxable","11":"product-type-simple"},"aioseo_notices":[],"_links":{"self":[{"href":"https:\/\/soluciondigitaldelbajio.com.mx\/site\/wp-json\/wp\/v2\/product\/507","targetHints":{"allow":["GET"]}}],"collection":[{"href":"https:\/\/soluciondigitaldelbajio.com.mx\/site\/wp-json\/wp\/v2\/product"}],"about":[{"href":"https:\/\/soluciondigitaldelbajio.com.mx\/site\/wp-json\/wp\/v2\/types\/product"}],"replies":[{"embeddable":true,"href":"https:\/\/soluciondigitaldelbajio.com.mx\/site\/wp-json\/wp\/v2\/comments?post=507"}],"wp:featuredmedia":[{"embeddable":true,"href":"https:\/\/soluciondigitaldelbajio.com.mx\/site\/wp-json\/wp\/v2\/media\/631"}],"wp:attachment":[{"href":"https:\/\/soluciondigitaldelbajio.com.mx\/site\/wp-json\/wp\/v2\/media?parent=507"}],"wp:term":[{"taxonomy":"product_cat","embeddable":true,"href":"https:\/\/soluciondigitaldelbajio.com.mx\/site\/wp-json\/wp\/v2\/product_cat?post=507"},{"taxonomy":"product_tag","embeddable":true,"href":"https:\/\/soluciondigitaldelbajio.com.mx\/site\/wp-json\/wp\/v2\/product_tag?post=507"}],"curies":[{"name":"wp","href":"https:\/\/api.w.org\/{rel}","templated":true}]}}