{"id":508,"date":"2015-07-20T18:29:12","date_gmt":"2015-07-20T18:29:12","guid":{"rendered":"http:\/\/1step.com.mx\/?post_type=product&#038;p=335"},"modified":"2017-02-21T04:00:17","modified_gmt":"2017-02-21T04:00:17","slug":"renta-venta-proyectores-en-mexico-ricoh-pj-x4240n-pj-wx4240n","status":"publish","type":"product","link":"https:\/\/soluciondigitaldelbajio.com.mx\/site\/product\/renta-venta-proyectores-en-mexico-ricoh-pj-x4240n-pj-wx4240n\/","title":{"rendered":"Proyectores RICOH PJ X4240N \/ PJ WX4240N"},"content":{"rendered":"<p>Proyectan im\u00e1genes de alta calidad con tama\u00f1os de proyectados de 127 &#8211; 304.8 cm (PJ X4240N) y de 152.4 &#8211; 355.6 cm (PJ W X4240N)<\/p>\n<p>Ethernet 10\/100\/100Base-TX y LAN Inal\u00e1mbrica IEEE 802.11 a\/b\/g\/n est\u00e1ndar para proyectar desde fuentes conectadas a la red y dispositivos inal\u00e1mbricos.<\/p>\n<p>Ejecute el monitoreo y la gesti\u00f3n a distancia en las computadoras con SO Windows Vista, 7 y 8, y MAC OS X 10.6-10.8.<\/p>\n<p>Todo el software est\u00e1 incluido.<\/p>\n<p>&nbsp;<\/p>\n","protected":false},"excerpt":{"rendered":"<p>Proyectores de tiro corto.<\/p>\n<p>El PJ X4240N y el PJ WX4240N emplean la probada tecnolog\u00eda de proyecci\u00f3n de Procesamiento Digital de Luz (DLP) de Texas Instruments para una calidad de proyecci\u00f3n superior con soporte para m\u00e1s de 1.07 billones de colores.<\/p>\n<p>Estos proyectores de corto alcance reducen significativamente los reflejos y sombras, por lo que los instructores pueden realizar presentaciones interactivas con mayor calidad.<\/p>\n[fusion_button link=\"http:\/\/soluciondigitaldelbajio.com.mx\/site\/distribuidor-canon-ricoh-kyocera-oce-san-luis-potosi\/?your-subject= RICOH PJ X4240N \/ PJ WX4240N\" title=\"Solicitar informaci\u00f3n de producto\" target=\"_self\" alignment=\"\" modal=\"\" hide_on_mobile=\"small-visibility,medium-visibility,large-visibility\" class=\"\" id=\"\" color=\"custom\" button_gradient_top_color=\"#0073aa\" button_gradient_bottom_color=\"#025983\" button_gradient_top_color_hover=\"#025983\" button_gradient_bottom_color_hover=\"#0073aa\" accent_color=\"#fff\" accent_hover_color=\"\" type=\"\" bevel_color=\"\" border_width=\"\" size=\"large\" stretch=\"default\" shape=\"\" icon=\"fa-usd\" icon_position=\"left\" icon_divider=\"yes\" animation_type=\"slide\" animation_direction=\"right\" animation_speed=\"0.3\" animation_offset=\"\"]Solicitar Informaci\u00f3n[\/fusion_button]\n","protected":false},"featured_media":630,"comment_status":"closed","ping_status":"closed","template":"","meta":[],"product_cat":[39],"product_tag":[],"class_list":{"0":"post-508","1":"product","2":"type-product","3":"status-publish","4":"has-post-thumbnail","6":"product_cat-equipos-de-proyeccion-proyectores-oficina-monterrey","8":"first","9":"instock","10":"shipping-taxable","11":"product-type-simple"},"aioseo_notices":[],"_links":{"self":[{"href":"https:\/\/soluciondigitaldelbajio.com.mx\/site\/wp-json\/wp\/v2\/product\/508","targetHints":{"allow":["GET"]}}],"collection":[{"href":"https:\/\/soluciondigitaldelbajio.com.mx\/site\/wp-json\/wp\/v2\/product"}],"about":[{"href":"https:\/\/soluciondigitaldelbajio.com.mx\/site\/wp-json\/wp\/v2\/types\/product"}],"replies":[{"embeddable":true,"href":"https:\/\/soluciondigitaldelbajio.com.mx\/site\/wp-json\/wp\/v2\/comments?post=508"}],"wp:featuredmedia":[{"embeddable":true,"href":"https:\/\/soluciondigitaldelbajio.com.mx\/site\/wp-json\/wp\/v2\/media\/630"}],"wp:attachment":[{"href":"https:\/\/soluciondigitaldelbajio.com.mx\/site\/wp-json\/wp\/v2\/media?parent=508"}],"wp:term":[{"taxonomy":"product_cat","embeddable":true,"href":"https:\/\/soluciondigitaldelbajio.com.mx\/site\/wp-json\/wp\/v2\/product_cat?post=508"},{"taxonomy":"product_tag","embeddable":true,"href":"https:\/\/soluciondigitaldelbajio.com.mx\/site\/wp-json\/wp\/v2\/product_tag?post=508"}],"curies":[{"name":"wp","href":"https:\/\/api.w.org\/{rel}","templated":true}]}}