{"id":510,"date":"2015-07-20T20:13:02","date_gmt":"2015-07-20T20:13:02","guid":{"rendered":"http:\/\/1step.com.mx\/?post_type=product&#038;p=339"},"modified":"2017-02-21T03:57:04","modified_gmt":"2017-02-21T03:57:04","slug":"venta-renta-proyectores-ricoh-en-monterrey-pj-wx5371n-pj-wx5361n-pj-x6180n","status":"publish","type":"product","link":"https:\/\/soluciondigitaldelbajio.com.mx\/site\/product\/venta-renta-proyectores-ricoh-en-monterrey-pj-wx5371n-pj-wx5361n-pj-x6180n\/","title":{"rendered":"Proyectores RICOH PJ WX5371N \/ PJ WX5361N \/ PJ X6180N"},"content":{"rendered":"<p><strong>PJ WX5371N<\/strong><\/p>\n<p>&#8211; Resoluci\u00f3n WXGA<br \/>\n&#8211; Conexiones HDMI, VGA, Video Compuesto<br \/>\n&#8211; 4,500 l\u00famenes<br \/>\n&#8211; Contraste 4,000:1<br \/>\n&#8211; Vida de la l\u00e1mpara 3 modos 3,500, 4,000, 6,000 hrs.<\/p>\n<p><strong>PJ WX5361N<\/strong><\/p>\n<p>&#8211; Resoluci\u00f3n XGA<br \/>\n&#8211; Conexiones HDMI, VGA, Video Compuesto<br \/>\n&#8211; 5,000\u00a0l\u00famenes<br \/>\n&#8211; Contraste 4,000:1<br \/>\n&#8211; Vida de la l\u00e1mpara 3 modos 3,500, 4,000, 6,000 hrs.<\/p>\n<p><strong>PJ X618N<\/strong><\/p>\n<p>&#8211; Resoluci\u00f3n: XGA<br \/>\n&#8211; Conexiones HDMI, VGA, Video Compuesto<br \/>\n&#8211; 6,000\u00a0l\u00famenes<br \/>\n&#8211; Contraste 2,000:1<br \/>\n&#8211; Vida de la l\u00e1mpara 2\u00a0modos 3,000, 4,000<br \/>\n&#8211; 5 diferentes lentes de acuerdo a la necesidad del lugar<\/p>\n","protected":false},"excerpt":{"rendered":"<p><strong>Alta Luminosidad<\/strong><\/p>\n<p>Aumenta la calidad de sus im\u00e1genes y presentaciones. Brillo excepcional con 4,500 l\u00famenes en el PJ W5361N y 5,000 l\u00famenes en el PJ X5371N lo que garantiza im\u00e1genes de alta calidad y audio superior. Con capacidad de red cableada o inal\u00e1mbrica, alto brillo y calidad, no necesita conexiones complejas y se integra f\u00e1cilmente a cualquier lugar.<\/p>\n[fusion_button link=\"http:\/\/soluciondigitaldelbajio.com.mx\/site\/distribuidor-canon-ricoh-kyocera-oce-san-luis-potosi\/?your-subject= Proyectores RICOH PJ WX5371N \/ PJ WX5361N \/ PJ X6180N\" title=\"Solicitar informaci\u00f3n de producto\" target=\"_self\" alignment=\"\" modal=\"\" hide_on_mobile=\"small-visibility,medium-visibility,large-visibility\" class=\"\" id=\"\" color=\"custom\" button_gradient_top_color=\"#0073aa\" button_gradient_bottom_color=\"#025983\" button_gradient_top_color_hover=\"#025983\" button_gradient_bottom_color_hover=\"#0073aa\" accent_color=\"#fff\" accent_hover_color=\"\" type=\"\" bevel_color=\"\" border_width=\"\" size=\"large\" stretch=\"default\" shape=\"\" icon=\"fa-usd\" icon_position=\"left\" icon_divider=\"yes\" animation_type=\"slide\" animation_direction=\"right\" animation_speed=\"0.3\" animation_offset=\"\"]Solicitar Informaci\u00f3n[\/fusion_button]\n","protected":false},"featured_media":625,"comment_status":"closed","ping_status":"closed","template":"","meta":[],"product_cat":[39],"product_tag":[],"class_list":{"0":"post-510","1":"product","2":"type-product","3":"status-publish","4":"has-post-thumbnail","6":"product_cat-equipos-de-proyeccion-proyectores-oficina-monterrey","8":"first","9":"instock","10":"shipping-taxable","11":"product-type-simple"},"aioseo_notices":[],"_links":{"self":[{"href":"https:\/\/soluciondigitaldelbajio.com.mx\/site\/wp-json\/wp\/v2\/product\/510","targetHints":{"allow":["GET"]}}],"collection":[{"href":"https:\/\/soluciondigitaldelbajio.com.mx\/site\/wp-json\/wp\/v2\/product"}],"about":[{"href":"https:\/\/soluciondigitaldelbajio.com.mx\/site\/wp-json\/wp\/v2\/types\/product"}],"replies":[{"embeddable":true,"href":"https:\/\/soluciondigitaldelbajio.com.mx\/site\/wp-json\/wp\/v2\/comments?post=510"}],"wp:featuredmedia":[{"embeddable":true,"href":"https:\/\/soluciondigitaldelbajio.com.mx\/site\/wp-json\/wp\/v2\/media\/625"}],"wp:attachment":[{"href":"https:\/\/soluciondigitaldelbajio.com.mx\/site\/wp-json\/wp\/v2\/media?parent=510"}],"wp:term":[{"taxonomy":"product_cat","embeddable":true,"href":"https:\/\/soluciondigitaldelbajio.com.mx\/site\/wp-json\/wp\/v2\/product_cat?post=510"},{"taxonomy":"product_tag","embeddable":true,"href":"https:\/\/soluciondigitaldelbajio.com.mx\/site\/wp-json\/wp\/v2\/product_tag?post=510"}],"curies":[{"name":"wp","href":"https:\/\/api.w.org\/{rel}","templated":true}]}}