{"id":511,"date":"2015-07-20T20:26:23","date_gmt":"2015-07-20T20:26:23","guid":{"rendered":"http:\/\/1step.com.mx\/?post_type=product&#038;p=341"},"modified":"2017-02-21T03:56:30","modified_gmt":"2017-02-21T03:56:30","slug":"pantalla-interactiva-d5510","status":"publish","type":"product","link":"https:\/\/soluciondigitaldelbajio.com.mx\/site\/product\/pantalla-interactiva-d5510\/","title":{"rendered":"Pantalla Interactiva D5510"},"content":{"rendered":"","protected":false},"excerpt":{"rendered":"<p>Presenta, revisa y edita de manera remota y en tiempo real, todo gracias a la conectividad LAN y el software de colaboraci\u00f3n Ricoh.<br \/>\nLa nueva pantalla interactiva D5510 de escritura suave y de men\u00fa intuitivo es una herramienta colaborativa poderosa dando a sus presentaciones un alcance mucho mayor todo esto gracias a la capacidad de colaboraci\u00f3n en tiempo real, adem\u00e1s que otros participantes con pantalla interactiva pueden colaborar en tu documento dando una retroalimentaci\u00f3n inmediata.<\/p>\n<p>&#8211; Pantalla LCD Full HD<br \/>\n&#8211; 55 pulgadas<br \/>\n&#8211; Entradas HDMI, VGA, Display Port, USB.<\/p>\n[fusion_button link=\"http:\/\/soluciondigitaldelbajio.com.mx\/site\/distribuidor-canon-ricoh-kyocera-oce-san-luis-potosi\/?your-subject= pantalla interactiva d5510\" title=\"Solicitar informaci\u00f3n de producto\" target=\"_self\" alignment=\"\" modal=\"\" hide_on_mobile=\"small-visibility,medium-visibility,large-visibility\" class=\"\" id=\"\" color=\"custom\" button_gradient_top_color=\"#0073aa\" button_gradient_bottom_color=\"#025983\" button_gradient_top_color_hover=\"#025983\" button_gradient_bottom_color_hover=\"#0073aa\" accent_color=\"#fff\" accent_hover_color=\"\" type=\"\" bevel_color=\"\" border_width=\"\" size=\"large\" stretch=\"default\" shape=\"\" icon=\"fa-usd\" icon_position=\"left\" icon_divider=\"yes\" animation_type=\"slide\" animation_direction=\"right\" animation_speed=\"0.3\" animation_offset=\"\"]Solicitar Informaci\u00f3n[\/fusion_button]\n","protected":false},"featured_media":624,"comment_status":"closed","ping_status":"closed","template":"","meta":[],"product_cat":[40],"product_tag":[],"class_list":{"0":"post-511","1":"product","2":"type-product","3":"status-publish","4":"has-post-thumbnail","6":"product_cat-equipos-para-videoconferencia-pantallas-camaras-instalacion-configuracion","8":"first","9":"instock","10":"shipping-taxable","11":"product-type-simple"},"aioseo_notices":[],"_links":{"self":[{"href":"https:\/\/soluciondigitaldelbajio.com.mx\/site\/wp-json\/wp\/v2\/product\/511","targetHints":{"allow":["GET"]}}],"collection":[{"href":"https:\/\/soluciondigitaldelbajio.com.mx\/site\/wp-json\/wp\/v2\/product"}],"about":[{"href":"https:\/\/soluciondigitaldelbajio.com.mx\/site\/wp-json\/wp\/v2\/types\/product"}],"replies":[{"embeddable":true,"href":"https:\/\/soluciondigitaldelbajio.com.mx\/site\/wp-json\/wp\/v2\/comments?post=511"}],"wp:featuredmedia":[{"embeddable":true,"href":"https:\/\/soluciondigitaldelbajio.com.mx\/site\/wp-json\/wp\/v2\/media\/624"}],"wp:attachment":[{"href":"https:\/\/soluciondigitaldelbajio.com.mx\/site\/wp-json\/wp\/v2\/media?parent=511"}],"wp:term":[{"taxonomy":"product_cat","embeddable":true,"href":"https:\/\/soluciondigitaldelbajio.com.mx\/site\/wp-json\/wp\/v2\/product_cat?post=511"},{"taxonomy":"product_tag","embeddable":true,"href":"https:\/\/soluciondigitaldelbajio.com.mx\/site\/wp-json\/wp\/v2\/product_tag?post=511"}],"curies":[{"name":"wp","href":"https:\/\/api.w.org\/{rel}","templated":true}]}}