{"id":512,"date":"2015-07-20T20:41:59","date_gmt":"2015-07-20T20:41:59","guid":{"rendered":"http:\/\/1step.com.mx\/?post_type=product&#038;p=345"},"modified":"2017-02-21T03:55:05","modified_gmt":"2017-02-21T03:55:05","slug":"video-conferencia-ricoh-p3500-en-monterrey-mexico","status":"publish","type":"product","link":"https:\/\/soluciondigitaldelbajio.com.mx\/site\/product\/video-conferencia-ricoh-p3500-en-monterrey-mexico\/","title":{"rendered":"Equipo de Video Conferencia RICOH P3500"},"content":{"rendered":"<p><strong>Telepresencia M\u00f3vil<\/strong><\/p>\n<p>El sistema de Video Conferencia m\u00e1s sencillo y f\u00e1cil de usar para cualquier persona, en cualquier lugar y en cualquier momento.<\/p>\n<p>&#8211; Portable y ligero<br \/>\n&#8211; Del tama\u00f1o de una hoja tama\u00f1o carta<br \/>\n&#8211; Tan f\u00e1cil como realizar una llamada telef\u00f3nica<br \/>\n&#8211; S\u00f3lo se necesita 1MB de ancho de banda (econ\u00f3micos costos de operaci\u00f3n)<br \/>\n&#8211; Puede instalarse donde quiera que exista una toma el\u00e9ctrica y enlace de internet: oficina, casa, hotel, aeropuerto o WiFi hotspots<br \/>\n&#8211; Solo requiere una fuente de video (proyector, pantalla\/monitor) y conexi\u00f3n a internet (cable o inal\u00e1mbrica)<br \/>\n&#8211; No requiere reservar una sala exclusiva para videoconferencias<\/p>\n<p><strong>C\u00e1mara<\/strong><\/p>\n<p>&#8211; 1.3 megapixeles<br \/>\n&#8211; 94\u00b0 \u00e1ngulo de visualizaci\u00f3n<br \/>\n&#8211; Rotaci\u00f3n 270\u00b0<br \/>\n&#8211; Movimientos verticales 45\u00b0<br \/>\n&#8211; Inclinaci\u00f3n 135\u00b0<\/p>\n<p><strong>Altavoz<\/strong><\/p>\n<p>&#8211; Volumen m\u00e1ximo 84 dB<\/p>\n<p><strong>Micr\u00f3fono<\/strong><\/p>\n<p>&#8211; Omnidireccional<br \/>\n&#8211; Cancelaci\u00f3n de eco<br \/>\n&#8211; Reducci\u00f3n de ruido<\/p>\n<p><strong>Puerto USB<\/strong><\/p>\n<p>&#8211; Tipo A para micr\u00f3fono externo, altavoces o aud\u00edfonos<br \/>\n&#8211; Tipo B para compartir escritorio de una PC<\/p>\n<p>&nbsp;<\/p>\n","protected":false},"excerpt":{"rendered":"<h4>Comun\u00edquese en video y comparta informaci\u00f3n desde cualquier lugar y en cualquier momento<\/h4>\n<p>El Sistema de Comunicaci\u00f3n Unificada RICOH P3500 le permitir\u00e1 conectarse en video y compartir informaci\u00f3n de forma remota con personas ubicadas hasta en 20 localidades. Combine video, audio, texto, medios interactivos y m\u00e1s en un potente sistema, compacto y basado en la nube, que puede llevar con usted y configurar en minutos. Con una c\u00e1mara de gran angular puede capturar grupos grandes con una claridad incre\u00edble. Adem\u00e1s, puede aprovechar las Apps del Sistema de Comunicaci\u00f3n Unificada Ricoh (UCS) para mantenerse conectado desde cualquier computadora personal o dispositivo m\u00f3vil Android o Apple , sin necesidad de comprar equipo o hardware especial.<\/p>\n<h3><\/h3>\n[fusion_button link=\"http:\/\/soluciondigitaldelbajio.com.mx\/site\/distribuidor-canon-ricoh-kyocera-oce-san-luis-potosi\/?your-subject= video conferencia rico h p3500\" title=\"Solicitar informaci\u00f3n de producto\" target=\"_self\" alignment=\"\" modal=\"\" hide_on_mobile=\"small-visibility,medium-visibility,large-visibility\" class=\"\" id=\"\" color=\"custom\" button_gradient_top_color=\"#0073aa\" button_gradient_bottom_color=\"#025983\" button_gradient_top_color_hover=\"#025983\" button_gradient_bottom_color_hover=\"#0073aa\" accent_color=\"#fff\" accent_hover_color=\"\" type=\"\" bevel_color=\"\" border_width=\"\" size=\"large\" stretch=\"default\" shape=\"\" icon=\"fa-usd\" icon_position=\"left\" icon_divider=\"yes\" animation_type=\"slide\" animation_direction=\"right\" animation_speed=\"0.3\" animation_offset=\"\"]Solicitar Informaci\u00f3n[\/fusion_button]\n","protected":false},"featured_media":623,"comment_status":"closed","ping_status":"closed","template":"","meta":[],"product_cat":[40],"product_tag":[],"class_list":{"0":"post-512","1":"product","2":"type-product","3":"status-publish","4":"has-post-thumbnail","6":"product_cat-equipos-para-videoconferencia-pantallas-camaras-instalacion-configuracion","8":"first","9":"instock","10":"shipping-taxable","11":"product-type-simple"},"aioseo_notices":[],"_links":{"self":[{"href":"https:\/\/soluciondigitaldelbajio.com.mx\/site\/wp-json\/wp\/v2\/product\/512","targetHints":{"allow":["GET"]}}],"collection":[{"href":"https:\/\/soluciondigitaldelbajio.com.mx\/site\/wp-json\/wp\/v2\/product"}],"about":[{"href":"https:\/\/soluciondigitaldelbajio.com.mx\/site\/wp-json\/wp\/v2\/types\/product"}],"replies":[{"embeddable":true,"href":"https:\/\/soluciondigitaldelbajio.com.mx\/site\/wp-json\/wp\/v2\/comments?post=512"}],"wp:featuredmedia":[{"embeddable":true,"href":"https:\/\/soluciondigitaldelbajio.com.mx\/site\/wp-json\/wp\/v2\/media\/623"}],"wp:attachment":[{"href":"https:\/\/soluciondigitaldelbajio.com.mx\/site\/wp-json\/wp\/v2\/media?parent=512"}],"wp:term":[{"taxonomy":"product_cat","embeddable":true,"href":"https:\/\/soluciondigitaldelbajio.com.mx\/site\/wp-json\/wp\/v2\/product_cat?post=512"},{"taxonomy":"product_tag","embeddable":true,"href":"https:\/\/soluciondigitaldelbajio.com.mx\/site\/wp-json\/wp\/v2\/product_tag?post=512"}],"curies":[{"name":"wp","href":"https:\/\/api.w.org\/{rel}","templated":true}]}}