{"id":712,"date":"2017-02-14T23:46:56","date_gmt":"2017-02-14T23:46:56","guid":{"rendered":"http:\/\/soluciondigitaldelbajio.com.mx\/site\/producto\/multifuncional-canon-image-runner-advance-ir-8095-remanufacturada\/"},"modified":"2019-09-05T16:29:44","modified_gmt":"2019-09-05T16:29:44","slug":"multifuncional-canon-imagerunner-advance-8295-remanufacturada","status":"publish","type":"product","link":"https:\/\/soluciondigitaldelbajio.com.mx\/site\/product\/multifuncional-canon-imagerunner-advance-8295-remanufacturada\/","title":{"rendered":"Multifuncional Canon ImageRUNNER Advance 8295 Remanufacturada"},"content":{"rendered":"<p>Panel de Operaciones: Pantalla Vertical TFT a Todo Color SVGA de 10.4\u2033<\/p>\n<p>Memoria:<br \/>\n\u2013 Est\u00e1ndar: 1.5 GB de RAM<br \/>\n\u2013 M\u00e1xima: 2 GB de RAM<\/p>\n<p>Unidad de Disco Duro:<br \/>\n\u2013 Est\u00e1ndar: 80 GB<br \/>\n\u2013 M\u00e1xima: 250 GB<\/p>\n<p>Conexi\u00f3n de Interfaz de Red:<br \/>\n\u2013 Est\u00e1ndar: 10\/100\/1000Base-TX<br \/>\n\u2013 Opcional: LAN Inal\u00e1mbrica (IEEE 802.1x)<br \/>\n\u2013 Otras Interfaces<br \/>\n\u2014 Est\u00e1ndar:<br \/>\n\u2014 USB 2.0 (Anfitri\u00f3n) x 2<br \/>\n\u2014 USB 2.0 (Dispositivo)<br \/>\n\u2014 Opcional:<br \/>\n\u2014 Puerto del dispositivo [USB 2.0 (Anfitri\u00f3n) x 2], Interface Serial, Interface de Control de Copiado.<\/p>\n<p>Velocidad de Copiado\/Impresi\u00f3n (Carta):<br \/>\n\u2013 8105: 105 ppm<br \/>\n\u2013 8095: 95 ppm<br \/>\n\u2013 8085: 85 ppm<\/p>\n<p>Tiempo de Salida de la Primera Copia (Carta): 2.7 segundos o menos<\/p>\n<p>Fuentes de Papel [Bond de 20 lb (80 g\/m2)]:<br \/>\n\u2013 Est\u00e1ndar:<br \/>\nDos Gavetas de Papel de 1,500 hojas<br \/>\nDos Casetes de Papel de 550 hojas<br \/>\nAlimentador Manual M\u00faltiple de 100 hojas<br \/>\n\u2013 M\u00e1xima:<br \/>\n7,700 Hojas (con Alimentador por Volumen Opcional)<\/p>\n<p>Capacidad de Salida de Papel [Bond de 20 lb (80 g\/m2)]: 4,250 Hojas (con Finalizador de Folletos o Finalizador Engrapador)<\/p>\n<p>Tama\u00f1os de Salida de Papel:<br \/>\n\u2013 Bandejas: Carta<br \/>\n\u2013 Casetes: 13\u2033 x 19\u2033, 12\u2033 x 18\u2033, 11\u2033 x 17\u2033, Legal, Carta, Carta R, Executive, Mediacarta R, Tama\u00f1o Personalizado [de 5 1\/2\u2033 x 7 1\/8\u2033 a 13\u2033 x 19 1\/4\u2033 (de 140 mm x 182 mm a 330 mm x 488 mm)]<br \/>\n\u2013 Alimentador Manual M\u00faltiple: 13\u2033 x 19\u2033, 12\u2033 x 18\u2033, 11\u2033 x 17\u2033, Legal, Carta, Carta R, Executive, Mediacarta R, Tama\u00f1o Personalizado [de 4\u2033 x 5 7\/8\u2033 a 13\u2033 x 19 1\/4\u2033 (de 100 mm x 148 mm a 330 mm x 488 mm)]<\/p>\n","protected":false},"excerpt":{"rendered":"<p>La nueva familia de equipos de impresi\u00f3n <strong>imageRUNNER ADVANCE 8105\/8095\/8085<\/strong> es una familia de dispositivos de procesamiento de im\u00e1genes digitales en blanco y negro disponibles como impresoras y multifuncionales.<\/p>\n<p>La serie est\u00e1 dividida en tres productos: imageRUNNER ADVANCE 8105, imageRUNNER ADVANCE 8095 e imageRUNNER ADVANCE 8085 con velocidades de 105, 95 y 85 ppm (Ltr) respectivamente.<\/p>\n<p>Con una velocidad impresionantemente r\u00e1pida tanto de salida como de escaneo y con opciones flexibles de alimentaci\u00f3n de papel, adem\u00e1s de soluciones de acabado m\u00e1s poderosas, incluyendo el doblado m\u00faltiple, la perforaci\u00f3n profesional y el guillotinado de folletos, estos modelos se ajustar\u00e1n a las necesidades de los entornos de producci\u00f3n de medio-alto volumen.<\/p>\n<p><strong>Disponible en venta y renta<\/strong><br \/>\n<strong> Venta de consumibles<\/strong><\/p>\n[fusion_button link=\"http:\/\/soluciondigitaldelbajio.com.mx\/site\/distribuidor-canon-ricoh-kyocera-oce-san-luis-potosi\/?your-subject=IR8095 Remanufacturada\" title=\"Solicitar informaci\u00f3n de producto\" target=\"_self\" alignment=\"\" modal=\"\" hide_on_mobile=\"small-visibility,medium-visibility,large-visibility\" class=\"\" id=\"\" color=\"custom\" button_gradient_top_color=\"#0073aa\" button_gradient_bottom_color=\"#025983\" button_gradient_top_color_hover=\"#025983\" button_gradient_bottom_color_hover=\"#0073aa\" accent_color=\"#fff\" accent_hover_color=\"\" type=\"\" bevel_color=\"\" border_width=\"\" size=\"large\" stretch=\"default\" shape=\"\" icon=\"fa-usd\" icon_position=\"left\" icon_divider=\"yes\" animation_type=\"slide\" animation_direction=\"right\" animation_speed=\"0.3\" animation_offset=\"\"]Solicitar Informaci\u00f3n[\/fusion_button]\n","protected":false},"featured_media":713,"comment_status":"closed","ping_status":"closed","template":"","meta":[],"product_cat":[18],"product_tag":[],"class_list":{"0":"post-712","1":"product","2":"type-product","3":"status-publish","4":"has-post-thumbnail","6":"product_cat-copiadoras-multifuncionales-remanufacturados-venta-renta-precios-san-luis-potosi","8":"first","9":"instock","10":"shipping-taxable","11":"product-type-simple"},"aioseo_notices":[],"_links":{"self":[{"href":"https:\/\/soluciondigitaldelbajio.com.mx\/site\/wp-json\/wp\/v2\/product\/712","targetHints":{"allow":["GET"]}}],"collection":[{"href":"https:\/\/soluciondigitaldelbajio.com.mx\/site\/wp-json\/wp\/v2\/product"}],"about":[{"href":"https:\/\/soluciondigitaldelbajio.com.mx\/site\/wp-json\/wp\/v2\/types\/product"}],"replies":[{"embeddable":true,"href":"https:\/\/soluciondigitaldelbajio.com.mx\/site\/wp-json\/wp\/v2\/comments?post=712"}],"wp:featuredmedia":[{"embeddable":true,"href":"https:\/\/soluciondigitaldelbajio.com.mx\/site\/wp-json\/wp\/v2\/media\/713"}],"wp:attachment":[{"href":"https:\/\/soluciondigitaldelbajio.com.mx\/site\/wp-json\/wp\/v2\/media?parent=712"}],"wp:term":[{"taxonomy":"product_cat","embeddable":true,"href":"https:\/\/soluciondigitaldelbajio.com.mx\/site\/wp-json\/wp\/v2\/product_cat?post=712"},{"taxonomy":"product_tag","embeddable":true,"href":"https:\/\/soluciondigitaldelbajio.com.mx\/site\/wp-json\/wp\/v2\/product_tag?post=712"}],"curies":[{"name":"wp","href":"https:\/\/api.w.org\/{rel}","templated":true}]}}