{"id":783,"date":"2017-07-27T20:05:41","date_gmt":"2017-07-27T20:05:41","guid":{"rendered":"http:\/\/soluciondigitaldelbajio.com.mx\/site\/producto\/multifuncional-ricoh-sp-377-sfn-carta-oficio\/"},"modified":"2017-07-28T20:49:29","modified_gmt":"2017-07-28T20:49:29","slug":"multifuncional-ricoh-sp-377-sfn-carta-oficio","status":"publish","type":"product","link":"https:\/\/soluciondigitaldelbajio.com.mx\/site\/product\/multifuncional-ricoh-sp-377-sfn-carta-oficio\/","title":{"rendered":"Multifuncional RICOH SP 377 SFN Carta | Oficio"},"content":{"rendered":"<p>Multifuncional Monocrom\u00e1tico de Escritorio<\/p>\n<ul>\n<li>\u00a0Velocidad de impresi\u00f3n: 30 ppm<\/li>\n<li>\u00a0Tama\u00f1o de papel: Carta y Oficio<\/li>\n<li>\u00a0Wi-Fi<\/li>\n<li>\u00a0Red<\/li>\n<li>\u00a0D\u00faplex Autom\u00e1tico<\/li>\n<li>\u00a0Resoluci\u00f3n de impresi\u00f3n: 1200 x 1200 ppp<\/li>\n<\/ul>\n","protected":false},"excerpt":{"rendered":"<p><strong>Haga la conexi\u00f3n entre valor y versatilidad.<\/strong><\/p>\n<p>Encuentre la f\u00e1cil soluci\u00f3n a sus m\u00e1s demandantes retos de trabajo. Adquiera la impresora SP 377 DNwX o la multifuncional SP 377 SFNwX para su grupo de trabajo u oficina. Aproveche la gran variedad de ventajas desde el ahorro de espacio y presupuesto hasta el compartir r\u00e1p\u00ecdamente informaci\u00f3n con clientes y colaboradores, consistente y convenientemente. Seleccione diferentes opciones de conectividad, incluyendo wireless, LAN y Wi-Fi Direct para simplificar la ubicaci\u00f3n y configuraci\u00f3n, utilizando su dispositivo m\u00f3vil para imprimir y compartir la informaci\u00f3n. As\u00ed tambien con el cartucho de imprecion todo en uno, minimiza las tareas de mantenimiento y necesidad de asistencia t\u00e9cnica.<\/p>\n<p><strong>Disponible en venta y renta.<\/strong><br \/>\n<strong>Disponible Soporte t\u00e9cnico y Consumibles.<\/strong><\/p>\n[fusion_button link=\"http:\/\/soluciondigitaldelbajio.com.mx\/site\/distribuidor-canon-ricoh-kyocera-oce-san-luis-potosi\/?your-subject= RICOH SP 377\" title=\"Solicitar informaci\u00f3n de producto\" target=\"_self\" alignment=\"\" modal=\"\" hide_on_mobile=\"small-visibility,medium-visibility,large-visibility\" class=\"\" id=\"\" color=\"custom\" button_gradient_top_color=\"#0073aa\" button_gradient_bottom_color=\"#025983\" button_gradient_top_color_hover=\"#025983\" button_gradient_bottom_color_hover=\"#0073aa\" accent_color=\"#fff\" accent_hover_color=\"\" type=\"\" bevel_color=\"\" border_width=\"\" size=\"large\" stretch=\"default\" shape=\"\" icon=\"fa-usd\" icon_position=\"left\" icon_divider=\"yes\" animation_type=\"slide\" animation_direction=\"right\" animation_speed=\"0.3\" animation_offset=\"\"]Solicitar Informaci\u00f3n[\/fusion_button]\n","protected":false},"featured_media":784,"comment_status":"closed","ping_status":"closed","template":"","meta":[],"product_cat":[9],"product_tag":[],"class_list":{"0":"post-783","1":"product","2":"type-product","3":"status-publish","4":"has-post-thumbnail","6":"product_cat-multifuncionales-bn","8":"first","9":"instock","10":"shipping-taxable","11":"product-type-simple"},"aioseo_notices":[],"_links":{"self":[{"href":"https:\/\/soluciondigitaldelbajio.com.mx\/site\/wp-json\/wp\/v2\/product\/783","targetHints":{"allow":["GET"]}}],"collection":[{"href":"https:\/\/soluciondigitaldelbajio.com.mx\/site\/wp-json\/wp\/v2\/product"}],"about":[{"href":"https:\/\/soluciondigitaldelbajio.com.mx\/site\/wp-json\/wp\/v2\/types\/product"}],"replies":[{"embeddable":true,"href":"https:\/\/soluciondigitaldelbajio.com.mx\/site\/wp-json\/wp\/v2\/comments?post=783"}],"wp:featuredmedia":[{"embeddable":true,"href":"https:\/\/soluciondigitaldelbajio.com.mx\/site\/wp-json\/wp\/v2\/media\/784"}],"wp:attachment":[{"href":"https:\/\/soluciondigitaldelbajio.com.mx\/site\/wp-json\/wp\/v2\/media?parent=783"}],"wp:term":[{"taxonomy":"product_cat","embeddable":true,"href":"https:\/\/soluciondigitaldelbajio.com.mx\/site\/wp-json\/wp\/v2\/product_cat?post=783"},{"taxonomy":"product_tag","embeddable":true,"href":"https:\/\/soluciondigitaldelbajio.com.mx\/site\/wp-json\/wp\/v2\/product_tag?post=783"}],"curies":[{"name":"wp","href":"https:\/\/api.w.org\/{rel}","templated":true}]}}