{"id":787,"date":"2017-07-27T20:52:32","date_gmt":"2017-07-27T20:52:32","guid":{"rendered":"http:\/\/soluciondigitaldelbajio.com.mx\/site\/producto\/multifuncionales-ricoh-mp-6003\/"},"modified":"2017-07-28T20:42:33","modified_gmt":"2017-07-28T20:42:33","slug":"multifuncionales-ricoh-mp-6003","status":"publish","type":"product","link":"https:\/\/soluciondigitaldelbajio.com.mx\/site\/product\/multifuncionales-ricoh-mp-6003\/","title":{"rendered":"Multifuncionales RICOH MP 6003"},"content":{"rendered":"<p><strong>Especificaciones generales<\/strong><br \/>\nProceso de impresi\u00f3n : M\u00e9todo de 4 Tambores<br \/>\nProceso de impresi\u00f3n : 60-ppm B&amp;N &amp; TC (CARTA)<br \/>\nResoluci\u00f3n de copiado : 600 ppp<br \/>\nD\u00faplex: Est\u00e1ndar<br \/>\nCapacidad de salida Est\u00e1ndar: 500 hojas, M\u00e1ximo: 3,625 hojas<br \/>\nZoom : 25% &#8211; 400%, en incrementos de 1%<\/p>\n<p><strong>Especificaciones de la Impresora<\/strong><br \/>\nCPU : Procesador Intel Celeron U3405 1.07GHz<br \/>\nMemoria: 2GB RAM\/HDD de 250GB Est\u00e1ndar &amp; M\u00e1ximo<br \/>\nResoluci\u00f3n m\u00e1xima de impresi\u00f3n : 1200 x 1200 ppp<br \/>\nInterfaz Est\u00e1ndar: Ethernet 1000Base T\/100Base-TX\/ 10Base-T, USB2.0 Tipo A (3 Puertos), USB2.0 Tipo B &amp; Ranura para SD en el Panel de Operaci\u00f3n<\/p>\n<p><strong>Especificaciones del esc\u00e1ner<\/strong><br \/>\nResoluci\u00f3n de Escaneo: Escaneo en B&amp;N y TC a 100 &#8211; 600 ppp, Hasta 1200 ppp para escaneo TWAIN<br \/>\nVelocidad de escaneo: 110 ipm Simplex\/ 180 ipm D\u00faplex<br \/>\n\u00c1rea de escaneo: 297 mm &#8211; 432 mm<br \/>\nM\u00e9todo de compresi\u00f3n: B&amp;N: MH, MR, MMR, JBIG2, JPEG Color: JPEG<br \/>\nFormatos de archivo: Una Sola\/M\u00faltiples P\u00e1gina TIFF, PDF, PDF de Alta Compresi\u00f3n &amp; PDF\/A Una Sola P\u00e1gina JPEG<br \/>\nModo de escaneo: Escaneo-a-Email (con soporte para LDAP) Escaneo-a-Carpeta (SMB\/FTP\/NCP*) Escaneo-a-URL Escaneo-a-Dispositivos (USB\/Tarjeta SD) Escaneo TWAIN en Red<\/p>\n<p><strong>Especificaciones del facs\u00edmil (opcionales)<\/strong><br \/>\nTipo : Fax Opcional Tipo M4<br \/>\nResoluci\u00f3n :Fax Opcional Tipo M4<br \/>\nM\u00e9todo de compresi\u00f3n: MH, MR, MMR, JBIG<br \/>\nVelocidad de escaneo : 82 spm<br \/>\nMarcaci\u00f3n autom\u00e1tica: 2,000 n\u00fameros de Marcaci\u00f3n R\u00e1pida 100 n\u00fameros de Marcaci\u00f3n de Grupo<\/p>\n","protected":false},"excerpt":{"rendered":"<p>Potencia, precisi\u00f3n y productividad &#8211; s\u00f3lo para usted<\/p>\n<p>La Serie RICOH MP C6003 de Productos Multifunci\u00f3n (MFP) est\u00e1 dise\u00f1ada para trabajar de la manera en la que usted lo hace. Combine la producci\u00f3n de alta calidad y a todo color con capacidades para mejorar productividad, y as\u00ed poder aprovechar una gama m\u00e1s amplia de informaci\u00f3n de una manera m\u00e1s inteligente y novedosa. Transforme su MFP en un portal de informaci\u00f3n al conectarse a la nube desde su tel\u00e9fono inteligente, tablet u otro dispositivo m\u00f3vil; utilice estos sistemas potentes para imprimir, compartir y descubrir el valor de los servicios personalizados. Equipado con funciones avanzadas para la versatilidad y el ahorro de energ\u00eda en un dise\u00f1o compacto, es ideal para las oficinas que operan a un ritmo r\u00e1pido y tienen un gran carga de trabajo. El\u00edjalo como el sistema principal de su grupo de trabajo o como una parte integral de la estrategia Ricoh Managed Document Services (MDS), y aumente la productividad en toda la organizaci\u00f3n.<\/p>\n<p><strong>Disponible en venta y renta.<\/strong><br \/>\n<strong>Disponible Soporte t\u00e9cnico y Consumibles.<\/strong><\/p>\n[fusion_button link=\"http:\/\/soluciondigitaldelbajio.com.mx\/site\/distribuidor-canon-ricoh-kyocera-oce-san-luis-potosi\/?your-subject= RICOH MP 6003 \" title=\"Solicitar informaci\u00f3n de producto\" target=\"_self\" alignment=\"\" modal=\"\" hide_on_mobile=\"small-visibility,medium-visibility,large-visibility\" class=\"\" id=\"\" color=\"custom\" button_gradient_top_color=\"#0073aa\" button_gradient_bottom_color=\"#025983\" button_gradient_top_color_hover=\"#025983\" button_gradient_bottom_color_hover=\"#0073aa\" accent_color=\"#fff\" accent_hover_color=\"\" type=\"\" bevel_color=\"\" border_width=\"\" size=\"large\" stretch=\"default\" shape=\"\" icon=\"fa-usd\" icon_position=\"left\" icon_divider=\"yes\" animation_type=\"slide\" animation_direction=\"right\" animation_speed=\"0.3\" animation_offset=\"\"]Solicitar Informaci\u00f3n[\/fusion_button]\n","protected":false},"featured_media":788,"comment_status":"closed","ping_status":"closed","template":"","meta":[],"product_cat":[9],"product_tag":[],"class_list":{"0":"post-787","1":"product","2":"type-product","3":"status-publish","4":"has-post-thumbnail","6":"product_cat-multifuncionales-bn","8":"first","9":"instock","10":"shipping-taxable","11":"product-type-simple"},"aioseo_notices":[],"_links":{"self":[{"href":"https:\/\/soluciondigitaldelbajio.com.mx\/site\/wp-json\/wp\/v2\/product\/787","targetHints":{"allow":["GET"]}}],"collection":[{"href":"https:\/\/soluciondigitaldelbajio.com.mx\/site\/wp-json\/wp\/v2\/product"}],"about":[{"href":"https:\/\/soluciondigitaldelbajio.com.mx\/site\/wp-json\/wp\/v2\/types\/product"}],"replies":[{"embeddable":true,"href":"https:\/\/soluciondigitaldelbajio.com.mx\/site\/wp-json\/wp\/v2\/comments?post=787"}],"wp:featuredmedia":[{"embeddable":true,"href":"https:\/\/soluciondigitaldelbajio.com.mx\/site\/wp-json\/wp\/v2\/media\/788"}],"wp:attachment":[{"href":"https:\/\/soluciondigitaldelbajio.com.mx\/site\/wp-json\/wp\/v2\/media?parent=787"}],"wp:term":[{"taxonomy":"product_cat","embeddable":true,"href":"https:\/\/soluciondigitaldelbajio.com.mx\/site\/wp-json\/wp\/v2\/product_cat?post=787"},{"taxonomy":"product_tag","embeddable":true,"href":"https:\/\/soluciondigitaldelbajio.com.mx\/site\/wp-json\/wp\/v2\/product_tag?post=787"}],"curies":[{"name":"wp","href":"https:\/\/api.w.org\/{rel}","templated":true}]}}