{"id":791,"date":"2017-07-28T18:37:31","date_gmt":"2017-07-28T18:37:31","guid":{"rendered":"http:\/\/soluciondigitaldelbajio.com.mx\/site\/producto\/impresora-ricoh-sp-53005310dn\/"},"modified":"2017-07-28T20:33:32","modified_gmt":"2017-07-28T20:33:32","slug":"impresora-ricoh-sp-53005310dn","status":"publish","type":"product","link":"https:\/\/soluciondigitaldelbajio.com.mx\/site\/product\/impresora-ricoh-sp-53005310dn\/","title":{"rendered":"Impresora RICOH SP 5300\/5310DN"},"content":{"rendered":"<ul>\n<li>M\u00e1s productivas (procesador de 1,45 GHz, 2 GB de RAM, primer p\u00e1gina en 6 segundos, producci\u00f3n de 50\/60 ppm).<\/li>\n<li>Sin mantenimiento (tambor de larga duraci\u00f3n, sin mantenimiento hasta 500.000 p\u00e1ginas).<\/li>\n<li>Mayor capacidad (capacidad de 600 a 2.600 hojas, cambio autom\u00e1tico de bandeja, cartucho de t\u00f3ner de alta productividad).<\/li>\n<li>Habilitadas para flujos de trabajo (el controlador GWNX ofrece compatibilidad para soluciones integradas).<\/li>\n<li>Conexi\u00f3n sencilla (impresi\u00f3n desde tel\u00e9fonos inteligentes y compatibilidad con segunda red de impresi\u00f3n).<\/li>\n<li>Compatible con sistemas operativos Windows y Mac.<\/li>\n<li>Wi-Fi OPCIONAL.<\/li>\n<\/ul>\n","protected":false},"excerpt":{"rendered":"<p>Los modelos SP 5300DN y SP 5310DN, r\u00e1pidos, fiables y con asistencia sencilla, cumplir\u00e1n sin esfuerzo los requisitos de impresi\u00f3n en A4 de grupos de trabajo grandes. El procesador Intel de 1,45 GHz superr\u00e1pido suministra su primera impresi\u00f3n de alta resoluci\u00f3n en tan solo 6 segundos, y los documentos de varias p\u00e1ginas se generan a velocidades de 50 o 60 p\u00e1ginas por minuto. Gracias al suministro de papel ampliado a 2.600 hojas y las bandejas de papel de cambio autom\u00e1tico, los modelos SP 5300DN y SP 5310DN imprimir\u00e1n de forma pr\u00e1cticamente ininterrumpida. Las nuevas impresoras interact\u00faan sin problemas con tel\u00e9fonos inteligentes y son compatibles con soluciones de flujo de trabajo integrado, como StreamLine NX.<\/p>\n<p><strong>Disponible en venta y renta.<\/strong><br \/>\n<strong>Disponible Soporte t\u00e9cnico y Consumibles.<\/strong><\/p>\n[fusion_button link=\"http:\/\/soluciondigitaldelbajio.com.mx\/site\/distribuidor-canon-ricoh-kyocera-oce-san-luis-potosi\/?your-subject= SP 5300DN \/ SP 5310DN\" title=\"Solicitar informaci\u00f3n de producto\" target=\"_self\" alignment=\"\" modal=\"\" hide_on_mobile=\"small-visibility,medium-visibility,large-visibility\" class=\"\" id=\"\" color=\"custom\" button_gradient_top_color=\"#0073aa\" button_gradient_bottom_color=\"#025983\" button_gradient_top_color_hover=\"#025983\" button_gradient_bottom_color_hover=\"#0073aa\" accent_color=\"#fff\" accent_hover_color=\"\" type=\"\" bevel_color=\"\" border_width=\"\" size=\"large\" stretch=\"default\" shape=\"\" icon=\"fa-usd\" icon_position=\"left\" icon_divider=\"yes\" animation_type=\"slide\" animation_direction=\"right\" animation_speed=\"0.3\" animation_offset=\"\"]Solicitar Informaci\u00f3n[\/fusion_button]\n","protected":false},"featured_media":792,"comment_status":"closed","ping_status":"closed","template":"","meta":[],"product_cat":[43],"product_tag":[],"class_list":{"0":"post-791","1":"product","2":"type-product","3":"status-publish","4":"has-post-thumbnail","6":"product_cat-impresoras-bn","8":"first","9":"instock","10":"shipping-taxable","11":"product-type-simple"},"aioseo_notices":[],"_links":{"self":[{"href":"https:\/\/soluciondigitaldelbajio.com.mx\/site\/wp-json\/wp\/v2\/product\/791","targetHints":{"allow":["GET"]}}],"collection":[{"href":"https:\/\/soluciondigitaldelbajio.com.mx\/site\/wp-json\/wp\/v2\/product"}],"about":[{"href":"https:\/\/soluciondigitaldelbajio.com.mx\/site\/wp-json\/wp\/v2\/types\/product"}],"replies":[{"embeddable":true,"href":"https:\/\/soluciondigitaldelbajio.com.mx\/site\/wp-json\/wp\/v2\/comments?post=791"}],"wp:featuredmedia":[{"embeddable":true,"href":"https:\/\/soluciondigitaldelbajio.com.mx\/site\/wp-json\/wp\/v2\/media\/792"}],"wp:attachment":[{"href":"https:\/\/soluciondigitaldelbajio.com.mx\/site\/wp-json\/wp\/v2\/media?parent=791"}],"wp:term":[{"taxonomy":"product_cat","embeddable":true,"href":"https:\/\/soluciondigitaldelbajio.com.mx\/site\/wp-json\/wp\/v2\/product_cat?post=791"},{"taxonomy":"product_tag","embeddable":true,"href":"https:\/\/soluciondigitaldelbajio.com.mx\/site\/wp-json\/wp\/v2\/product_tag?post=791"}],"curies":[{"name":"wp","href":"https:\/\/api.w.org\/{rel}","templated":true}]}}