{"id":793,"date":"2017-07-28T19:03:53","date_gmt":"2017-07-28T19:03:53","guid":{"rendered":"http:\/\/soluciondigitaldelbajio.com.mx\/site\/producto\/impresora-ricoh-sp-c440dn\/"},"modified":"2017-07-28T19:07:15","modified_gmt":"2017-07-28T19:07:15","slug":"impresora-ricoh-sp-c440dn","status":"publish","type":"product","link":"https:\/\/soluciondigitaldelbajio.com.mx\/site\/product\/impresora-ricoh-sp-c440dn\/","title":{"rendered":"Impresora RICOH SP C440DN"},"content":{"rendered":"<ul>\n<li>Temporizador on\/off y ECO Night sensor que reducen el consumo y los costes energ\u00e9ticos.<\/li>\n<li>Funcionalidades de seguridad avanzadas, incluyendo puerto opcional NIC2, para proteger redes seguras.<\/li>\n<li>Funci\u00f3n ECOnomy para impresiones a color a un coste asumible.<\/li>\n<li>Funciones ecofriendly para ahorrar energ\u00eda y reducir la huella de carbono.<\/li>\n<li>Wi-Fi OPCIONAL<\/li>\n<\/ul>\n","protected":false},"excerpt":{"rendered":"<p>La avanzada impresora color SP C440DN de Ricoh posee un grupo de sofisticadas caracter\u00edsticas que proveen un coste de propiedad total inmejorable para una impresora A4 color de gama media. Una velocidad de salida de 40 p\u00e1ginas por minuto, combinada con una serie impresionante de funciones de seguridad, opciones flexibles para soporte de dispositivos extra\u00edbles y operatividad ecofriendly hacen de la impresora color SP C440DN la soluci\u00f3n ideal para tus necesidades de impresi\u00f3n en color. La opci\u00f3n XPS Direct Print permite imprimir sin drivers directamente desde el pc o un dispositivo USB, para una completa movilidad. Una capacidad m\u00e1xima de 2.300 hojas cubre por completo cualquier necesidad de productividad, incluida la creaci\u00f3n de &#8220;flyers&#8221; y etiquetas a todo color<\/p>\n<\/ul>\n<p><strong>Disponible en venta y renta.<\/strong><br \/>\n<strong>Disponible Soporte t\u00e9cnico y Consumibles.<\/strong><\/p>\n[fusion_button link=\"http:\/\/soluciondigitaldelbajio.com.mx\/site\/distribuidor-canon-ricoh-kyocera-oce-san-luis-potosi\/?your-subject= SPC 440 DN\" title=\"Solicitar informaci\u00f3n de producto\" target=\"_self\" alignment=\"\" modal=\"\" hide_on_mobile=\"small-visibility,medium-visibility,large-visibility\" class=\"\" id=\"\" color=\"custom\" button_gradient_top_color=\"#0073aa\" button_gradient_bottom_color=\"#025983\" button_gradient_top_color_hover=\"#025983\" button_gradient_bottom_color_hover=\"#0073aa\" accent_color=\"#fff\" accent_hover_color=\"\" type=\"\" bevel_color=\"\" border_width=\"\" size=\"large\" stretch=\"default\" shape=\"\" icon=\"fa-usd\" icon_position=\"left\" icon_divider=\"yes\" animation_type=\"slide\" animation_direction=\"right\" animation_speed=\"0.3\" animation_offset=\"\"]Solicitar Informaci\u00f3n[\/fusion_button]\n","protected":false},"featured_media":794,"comment_status":"closed","ping_status":"closed","template":"","meta":[],"product_cat":[42],"product_tag":[],"class_list":{"0":"post-793","1":"product","2":"type-product","3":"status-publish","4":"has-post-thumbnail","6":"product_cat-impresoras-color","8":"first","9":"instock","10":"shipping-taxable","11":"product-type-simple"},"aioseo_notices":[],"_links":{"self":[{"href":"https:\/\/soluciondigitaldelbajio.com.mx\/site\/wp-json\/wp\/v2\/product\/793","targetHints":{"allow":["GET"]}}],"collection":[{"href":"https:\/\/soluciondigitaldelbajio.com.mx\/site\/wp-json\/wp\/v2\/product"}],"about":[{"href":"https:\/\/soluciondigitaldelbajio.com.mx\/site\/wp-json\/wp\/v2\/types\/product"}],"replies":[{"embeddable":true,"href":"https:\/\/soluciondigitaldelbajio.com.mx\/site\/wp-json\/wp\/v2\/comments?post=793"}],"wp:featuredmedia":[{"embeddable":true,"href":"https:\/\/soluciondigitaldelbajio.com.mx\/site\/wp-json\/wp\/v2\/media\/794"}],"wp:attachment":[{"href":"https:\/\/soluciondigitaldelbajio.com.mx\/site\/wp-json\/wp\/v2\/media?parent=793"}],"wp:term":[{"taxonomy":"product_cat","embeddable":true,"href":"https:\/\/soluciondigitaldelbajio.com.mx\/site\/wp-json\/wp\/v2\/product_cat?post=793"},{"taxonomy":"product_tag","embeddable":true,"href":"https:\/\/soluciondigitaldelbajio.com.mx\/site\/wp-json\/wp\/v2\/product_tag?post=793"}],"curies":[{"name":"wp","href":"https:\/\/api.w.org\/{rel}","templated":true}]}}