{"id":795,"date":"2017-08-01T16:27:02","date_gmt":"2017-08-01T16:27:02","guid":{"rendered":"http:\/\/soluciondigitaldelbajio.com.mx\/site\/producto\/multifuncional-serie-ir-advance-4500\/"},"modified":"2017-08-01T17:01:41","modified_gmt":"2017-08-01T17:01:41","slug":"multifuncional-serie-ir-advance-4500","status":"publish","type":"product","link":"https:\/\/soluciondigitaldelbajio.com.mx\/site\/product\/multifuncional-serie-ir-advance-4500\/","title":{"rendered":"Multifuncional Serie iR ADVANCE 4500"},"content":{"rendered":"<p>Impresi\u00f3n, copiado, escaneo, env\u00edo, almacenamiento.<\/p>\n<ul>\n<li>Opcional: Fax<\/li>\n<li>Panel t\u00e1ctil en color WSVGA LCD TFT de 10.1\u2033<\/li>\n<li>Memoria: RAM de 3.0 GB<\/li>\n<li>Unidad de disco duro Est\u00e1ndar: 250 GB\/M\u00e1ximo: 1 TB<\/li>\n<li>Resoluci\u00f3n de impresi\u00f3n: 1200 ppp x 1200 ppp<\/li>\n<li>Imprima hasta 51 ppm en blanco y negro<\/li>\n<li>Escanee hasta 160 ipm (300 ppp) (B\/N, color, doble cara)<\/li>\n<li>Imprima hasta en tama\u00f1o 11\u201d x 17\u201d, A3<\/li>\n<li>Capacidad m\u00e1xima de papel de 6,330 hojas<\/li>\n<\/ul>\n","protected":false},"excerpt":{"rendered":"<p>La Serie image <strong>RUNNER ADVANCE 4500<\/strong> est\u00e1 dise\u00f1ada para ofrecer un funcionamiento consistente y fiable a departamentos y entornos laborales exigentes. Con un dise\u00f1o eficiente y compacto, estos sistemas inteligentes trabajan a la perfecci\u00f3n en los entornos de grupos de equipos, ofrecen una experiencia intuitiva para el usuario y se integran con las soluciones integrales para oficinas que ofrece Canon con el fin ayudar a resolver sus necesidades.<\/p>\n<p><strong>Disponible en venta y renta.<\/strong><br \/>\n<strong>Disponible Soporte t\u00e9cnico y Consumibles.<\/strong><\/p>\n[fusion_button link=\"http:\/\/soluciondigitaldelbajio.com.mx\/site\/distribuidor-canon-ricoh-kyocera-oce-san-luis-potosi\/?your-subject= Canon IR ADVANCE 4500\" title=\"Solicitar informaci\u00f3n de producto\" target=\"_self\" alignment=\"\" modal=\"\" hide_on_mobile=\"small-visibility,medium-visibility,large-visibility\" class=\"\" id=\"\" color=\"custom\" button_gradient_top_color=\"#0073aa\" button_gradient_bottom_color=\"#025983\" button_gradient_top_color_hover=\"#025983\" button_gradient_bottom_color_hover=\"#0073aa\" accent_color=\"#fff\" accent_hover_color=\"\" type=\"\" bevel_color=\"\" border_width=\"\" size=\"large\" stretch=\"default\" shape=\"\" icon=\"fa-usd\" icon_position=\"left\" icon_divider=\"yes\" animation_type=\"slide\" animation_direction=\"right\" animation_speed=\"0.3\" animation_offset=\"\"]Solicitar Informaci\u00f3n[\/fusion_button]\n","protected":false},"featured_media":796,"comment_status":"closed","ping_status":"closed","template":"","meta":[],"product_cat":[7,9],"product_tag":[],"class_list":{"0":"post-795","1":"product","2":"type-product","3":"status-publish","4":"has-post-thumbnail","6":"product_cat-copiadoras-impresoras-escaners-multifuncionals-san-luis-potosi","7":"product_cat-multifuncionales-bn","9":"first","10":"instock","11":"shipping-taxable","12":"product-type-simple"},"aioseo_notices":[],"_links":{"self":[{"href":"https:\/\/soluciondigitaldelbajio.com.mx\/site\/wp-json\/wp\/v2\/product\/795","targetHints":{"allow":["GET"]}}],"collection":[{"href":"https:\/\/soluciondigitaldelbajio.com.mx\/site\/wp-json\/wp\/v2\/product"}],"about":[{"href":"https:\/\/soluciondigitaldelbajio.com.mx\/site\/wp-json\/wp\/v2\/types\/product"}],"replies":[{"embeddable":true,"href":"https:\/\/soluciondigitaldelbajio.com.mx\/site\/wp-json\/wp\/v2\/comments?post=795"}],"wp:featuredmedia":[{"embeddable":true,"href":"https:\/\/soluciondigitaldelbajio.com.mx\/site\/wp-json\/wp\/v2\/media\/796"}],"wp:attachment":[{"href":"https:\/\/soluciondigitaldelbajio.com.mx\/site\/wp-json\/wp\/v2\/media?parent=795"}],"wp:term":[{"taxonomy":"product_cat","embeddable":true,"href":"https:\/\/soluciondigitaldelbajio.com.mx\/site\/wp-json\/wp\/v2\/product_cat?post=795"},{"taxonomy":"product_tag","embeddable":true,"href":"https:\/\/soluciondigitaldelbajio.com.mx\/site\/wp-json\/wp\/v2\/product_tag?post=795"}],"curies":[{"name":"wp","href":"https:\/\/api.w.org\/{rel}","templated":true}]}}