{"id":797,"date":"2017-08-01T17:17:15","date_gmt":"2017-08-01T17:17:15","guid":{"rendered":"http:\/\/soluciondigitaldelbajio.com.mx\/site\/producto\/multifuncional-serie-ir-advance-6500\/"},"modified":"2017-08-01T17:22:32","modified_gmt":"2017-08-01T17:22:32","slug":"multifuncional-serie-ir-advance-6500","status":"publish","type":"product","link":"https:\/\/soluciondigitaldelbajio.com.mx\/site\/product\/multifuncional-serie-ir-advance-6500\/","title":{"rendered":"Multifuncional Serie iR ADVANCE 6500"},"content":{"rendered":"<ul>\n<li>Copiadora, impresora blanco y negro | esc\u00e1ner a Color<\/li>\n<li>Velocidad: hasta 55-65-75 ppm seg\u00fan el modelo y tama\u00f1o de hoja<\/li>\n<li>Tama\u00f1o de papel: Carta\/Oficio\/Tabloide<\/li>\n<li>D\u00faplex<\/li>\n<li>Alimentador autom\u00e1tico<\/li>\n<li>Red<\/li>\n<li>Impresi\u00f3n desde USB<\/li>\n<li>Impresi\u00f3n M\u00f3vil<\/li>\n<li>Capacidad de hojas: 7700<\/li>\n<\/ul>\n","protected":false},"excerpt":{"rendered":"<p>La Serie imageRUNNER ADVANCE 6500 confomada por los equipos IRA6555I \/ IRA6565I \/ IRA6575I forman parte de la nueva Tercera Generaci\u00f3n imageRUNNER ADVANCE de Canon. Son dispositivos inteligentes de impresi\u00f3n que ofrecen impresi\u00f3n en blanco y negro, hasta tama\u00f1o doble carta, de alto volumen, con gran calidad, vers\u00e1tiles opciones de finalizado, innovadora tecnolog\u00eda que lleva a otro nivel los flujos de trabajo empresariales y la experiencia de los usuarios. Ahora con ULM Est\u00e1ndar, el software de Control de Costos y Administraci\u00f3n m\u00e1s completo del mercado de impresi\u00f3n..<\/p>\n<p><strong>Disponible en venta y renta.<\/strong><br \/>\n<strong>Disponible Soporte t\u00e9cnico y Consumibles.<\/strong><\/p>\n[fusion_button link=\"http:\/\/soluciondigitaldelbajio.com.mx\/site\/distribuidor-canon-ricoh-kyocera-oce-san-luis-potosi\/?your-subject= Canon IR ADVANCE 6500\" title=\"Solicitar informaci\u00f3n de producto\" target=\"_self\" alignment=\"\" modal=\"\" hide_on_mobile=\"small-visibility,medium-visibility,large-visibility\" class=\"\" id=\"\" color=\"custom\" button_gradient_top_color=\"#0073aa\" button_gradient_bottom_color=\"#025983\" button_gradient_top_color_hover=\"#025983\" button_gradient_bottom_color_hover=\"#0073aa\" accent_color=\"#fff\" accent_hover_color=\"\" type=\"\" bevel_color=\"\" border_width=\"\" size=\"large\" stretch=\"default\" shape=\"\" icon=\"fa-usd\" icon_position=\"left\" icon_divider=\"yes\" animation_type=\"slide\" animation_direction=\"right\" animation_speed=\"0.3\" animation_offset=\"\"]Solicitar Informaci\u00f3n[\/fusion_button]\n","protected":false},"featured_media":798,"comment_status":"closed","ping_status":"closed","template":"","meta":[],"product_cat":[7,9],"product_tag":[],"class_list":{"0":"post-797","1":"product","2":"type-product","3":"status-publish","4":"has-post-thumbnail","6":"product_cat-copiadoras-impresoras-escaners-multifuncionals-san-luis-potosi","7":"product_cat-multifuncionales-bn","9":"first","10":"instock","11":"shipping-taxable","12":"product-type-simple"},"aioseo_notices":[],"_links":{"self":[{"href":"https:\/\/soluciondigitaldelbajio.com.mx\/site\/wp-json\/wp\/v2\/product\/797","targetHints":{"allow":["GET"]}}],"collection":[{"href":"https:\/\/soluciondigitaldelbajio.com.mx\/site\/wp-json\/wp\/v2\/product"}],"about":[{"href":"https:\/\/soluciondigitaldelbajio.com.mx\/site\/wp-json\/wp\/v2\/types\/product"}],"replies":[{"embeddable":true,"href":"https:\/\/soluciondigitaldelbajio.com.mx\/site\/wp-json\/wp\/v2\/comments?post=797"}],"wp:featuredmedia":[{"embeddable":true,"href":"https:\/\/soluciondigitaldelbajio.com.mx\/site\/wp-json\/wp\/v2\/media\/798"}],"wp:attachment":[{"href":"https:\/\/soluciondigitaldelbajio.com.mx\/site\/wp-json\/wp\/v2\/media?parent=797"}],"wp:term":[{"taxonomy":"product_cat","embeddable":true,"href":"https:\/\/soluciondigitaldelbajio.com.mx\/site\/wp-json\/wp\/v2\/product_cat?post=797"},{"taxonomy":"product_tag","embeddable":true,"href":"https:\/\/soluciondigitaldelbajio.com.mx\/site\/wp-json\/wp\/v2\/product_tag?post=797"}],"curies":[{"name":"wp","href":"https:\/\/api.w.org\/{rel}","templated":true}]}}