{"id":799,"date":"2017-08-01T17:45:58","date_gmt":"2017-08-01T17:45:58","guid":{"rendered":"http:\/\/soluciondigitaldelbajio.com.mx\/site\/producto\/multifuncional-canon-ir-advance-c5500\/"},"modified":"2017-08-01T17:53:23","modified_gmt":"2017-08-01T17:53:23","slug":"multifuncional-canon-ir-advance-c5500","status":"publish","type":"product","link":"https:\/\/soluciondigitaldelbajio.com.mx\/site\/product\/multifuncional-canon-ir-advance-c5500\/","title":{"rendered":"Multifuncional Canon iR ADVANCE C5500"},"content":{"rendered":"<p>Impresi\u00f3n, copiado, escaneo, env\u00edo, almacenamiento<\/p>\n<ul>\n<li>Imprima hasta 60 ppm en color\/blanco y negro<\/li>\n<li>Escanee hasta 160 ipm (300 ppp) (B\/N, color, bilateral)<\/li>\n<li>Imprima hasta un tama\u00f1o de 12\u2033 \u00d7 18\u2033<\/li>\n<li>Capacidad m\u00e1xima de papel de 6,350 hojas<\/li>\n<li>Procesador dual personalizado de Canon (compartido)<\/li>\n<li>Panel plano en color WSVGA LCD TFT de 10.1\u2033<\/li>\n<li>Memoria RAM de 4.0 GB<\/li>\n<li>Unidad de disco duro Est\u00e1ndar 250 GB<\/li>\n<\/ul>\n","protected":false},"excerpt":{"rendered":"<p>La Serie imageRUNNER ADVANCE C5500i ofrece los primeros modelos a color que trabajan con la plataforma imageRUNNER ADVANCE de Tercera Generaci\u00f3n, basada en la tecnolog\u00eda de Canon mejorando la experiencia del usuario y ayudando a optimizar los flujos de trabajo en la oficina.<\/p>\n<p>Clientes y Usuarios Finales podr\u00e1n experimentar valor agregado a trav\u00e9s de la flexibilidad y escalabilidad de los nuevos modelos para crecer con las necesidades del cliente, adem\u00e1s de un sofisticado conjunto de caracter\u00edsticas y la plataforma de soluciones de oficina para satisfacer las demandas actuales y futuras de la organizaci\u00f3n, as\u00ed como una plataforma personalizada para los usuarios finales, la administraci\u00f3n y el servicio.<\/p>\n<p><strong>Disponible en venta y renta.<\/strong><br \/>\n<strong>Disponible Soporte t\u00e9cnico y Consumibles.<\/strong><\/p>\n[fusion_button link=\"http:\/\/soluciondigitaldelbajio.com.mx\/site\/distribuidor-canon-ricoh-kyocera-oce-san-luis-potosi\/?your-subject= Canon IR ADVANCE C5500\" title=\"Solicitar informaci\u00f3n de producto\" target=\"_self\" alignment=\"\" modal=\"\" hide_on_mobile=\"small-visibility,medium-visibility,large-visibility\" class=\"\" id=\"\" color=\"custom\" button_gradient_top_color=\"#0073aa\" button_gradient_bottom_color=\"#025983\" button_gradient_top_color_hover=\"#025983\" button_gradient_bottom_color_hover=\"#0073aa\" accent_color=\"#fff\" accent_hover_color=\"\" type=\"\" bevel_color=\"\" border_width=\"\" size=\"large\" stretch=\"default\" shape=\"\" icon=\"fa-usd\" icon_position=\"left\" icon_divider=\"yes\" animation_type=\"slide\" animation_direction=\"right\" animation_speed=\"0.3\" animation_offset=\"\"]Solicitar Informaci\u00f3n[\/fusion_button]\n","protected":false},"featured_media":800,"comment_status":"closed","ping_status":"closed","template":"","meta":[],"product_cat":[7,8],"product_tag":[],"class_list":{"0":"post-799","1":"product","2":"type-product","3":"status-publish","4":"has-post-thumbnail","6":"product_cat-copiadoras-impresoras-escaners-multifuncionals-san-luis-potosi","7":"product_cat-multifuncionales-color","9":"first","10":"instock","11":"shipping-taxable","12":"product-type-simple"},"aioseo_notices":[],"_links":{"self":[{"href":"https:\/\/soluciondigitaldelbajio.com.mx\/site\/wp-json\/wp\/v2\/product\/799","targetHints":{"allow":["GET"]}}],"collection":[{"href":"https:\/\/soluciondigitaldelbajio.com.mx\/site\/wp-json\/wp\/v2\/product"}],"about":[{"href":"https:\/\/soluciondigitaldelbajio.com.mx\/site\/wp-json\/wp\/v2\/types\/product"}],"replies":[{"embeddable":true,"href":"https:\/\/soluciondigitaldelbajio.com.mx\/site\/wp-json\/wp\/v2\/comments?post=799"}],"wp:featuredmedia":[{"embeddable":true,"href":"https:\/\/soluciondigitaldelbajio.com.mx\/site\/wp-json\/wp\/v2\/media\/800"}],"wp:attachment":[{"href":"https:\/\/soluciondigitaldelbajio.com.mx\/site\/wp-json\/wp\/v2\/media?parent=799"}],"wp:term":[{"taxonomy":"product_cat","embeddable":true,"href":"https:\/\/soluciondigitaldelbajio.com.mx\/site\/wp-json\/wp\/v2\/product_cat?post=799"},{"taxonomy":"product_tag","embeddable":true,"href":"https:\/\/soluciondigitaldelbajio.com.mx\/site\/wp-json\/wp\/v2\/product_tag?post=799"}],"curies":[{"name":"wp","href":"https:\/\/api.w.org\/{rel}","templated":true}]}}