{"id":801,"date":"2017-08-01T17:56:07","date_gmt":"2017-08-01T17:56:07","guid":{"rendered":"http:\/\/soluciondigitaldelbajio.com.mx\/site\/producto\/multifuncional-canon-ir-advance-c7500\/"},"modified":"2017-08-01T18:03:26","modified_gmt":"2017-08-01T18:03:26","slug":"multifuncional-canon-ir-advance-c7500","status":"publish","type":"product","link":"https:\/\/soluciondigitaldelbajio.com.mx\/site\/product\/multifuncional-canon-ir-advance-c7500\/","title":{"rendered":"Multifuncional Canon iR ADVANCE C7500"},"content":{"rendered":"<p><strong>Impresi\u00f3n, copiado, escaneo, env\u00edo, almacenamiento fax opcional<\/strong><\/p>\n<ul>\n<li>Velocidad en color y en blanco y negro a 70 y 80 ppm<\/li>\n<li>Pantalla t\u00e1ctil de tipo smartphone WVGA en color de 10,1 pulgadas (25,7 cm) personalizable<\/li>\n<li>Impresi\u00f3n en UFRII, PCL y Adobe PS3.<\/li>\n<li>Controladores EFI Fiery opcionales<\/li>\n<li>Capacidad para hasta 9300 hojas<\/li>\n<li>Impresionantes funciones que permiten producir publicaciones en la propia empresa<\/li>\n<li>Opciones de acabado profesional<\/li>\n<\/ul>\n","protected":false},"excerpt":{"rendered":"<p>Gran productividad y flujos de trabajo para los ambientes de oficina m\u00e1s exigentes.<\/p>\n<p>Dise\u00f1ada para mejorar el flujo de trabajo y brindar una calidad de imagen sobresaliente, la Serie <strong>imageRUNNER ADVANCE C7500<\/strong> ofrece a los entornos de trabajo de alto volumen una impresora multifuncional con la capacidad de producir contenidos en color de alta calidad para satisfacer necesidades diversas. Esta soluci\u00f3n de impresi\u00f3n a color todo en uno de Canon se integra con servicios y software intuitivos para proporcionar una soluci\u00f3n fiable, de alta velocidad y color para oficinas de nivel empresarial y entornos exigentes de varios usuarios, desde departamentos de mercadotecnia hasta centros de impresi\u00f3n en universidades.<\/p>\n<p><strong>Disponible en venta y renta.<\/strong><br \/>\n<strong>Disponible Soporte t\u00e9cnico y Consumibles.<\/strong><\/p>\n[fusion_button link=\"http:\/\/soluciondigitaldelbajio.com.mx\/site\/distribuidor-canon-ricoh-kyocera-oce-san-luis-potosi\/?your-subject= Canon IR ADVANCE C7500\" title=\"Solicitar informaci\u00f3n de producto\" target=\"_self\" alignment=\"\" modal=\"\" hide_on_mobile=\"small-visibility,medium-visibility,large-visibility\" class=\"\" id=\"\" color=\"custom\" button_gradient_top_color=\"#0073aa\" button_gradient_bottom_color=\"#025983\" button_gradient_top_color_hover=\"#025983\" button_gradient_bottom_color_hover=\"#0073aa\" accent_color=\"#fff\" accent_hover_color=\"\" type=\"\" bevel_color=\"\" border_width=\"\" size=\"large\" stretch=\"default\" shape=\"\" icon=\"fa-usd\" icon_position=\"left\" icon_divider=\"yes\" animation_type=\"slide\" animation_direction=\"right\" animation_speed=\"0.3\" animation_offset=\"\"]Solicitar Informaci\u00f3n[\/fusion_button]\n","protected":false},"featured_media":802,"comment_status":"closed","ping_status":"closed","template":"","meta":[],"product_cat":[7,8],"product_tag":[],"class_list":{"0":"post-801","1":"product","2":"type-product","3":"status-publish","4":"has-post-thumbnail","6":"product_cat-copiadoras-impresoras-escaners-multifuncionals-san-luis-potosi","7":"product_cat-multifuncionales-color","9":"first","10":"instock","11":"shipping-taxable","12":"product-type-simple"},"aioseo_notices":[],"_links":{"self":[{"href":"https:\/\/soluciondigitaldelbajio.com.mx\/site\/wp-json\/wp\/v2\/product\/801","targetHints":{"allow":["GET"]}}],"collection":[{"href":"https:\/\/soluciondigitaldelbajio.com.mx\/site\/wp-json\/wp\/v2\/product"}],"about":[{"href":"https:\/\/soluciondigitaldelbajio.com.mx\/site\/wp-json\/wp\/v2\/types\/product"}],"replies":[{"embeddable":true,"href":"https:\/\/soluciondigitaldelbajio.com.mx\/site\/wp-json\/wp\/v2\/comments?post=801"}],"wp:featuredmedia":[{"embeddable":true,"href":"https:\/\/soluciondigitaldelbajio.com.mx\/site\/wp-json\/wp\/v2\/media\/802"}],"wp:attachment":[{"href":"https:\/\/soluciondigitaldelbajio.com.mx\/site\/wp-json\/wp\/v2\/media?parent=801"}],"wp:term":[{"taxonomy":"product_cat","embeddable":true,"href":"https:\/\/soluciondigitaldelbajio.com.mx\/site\/wp-json\/wp\/v2\/product_cat?post=801"},{"taxonomy":"product_tag","embeddable":true,"href":"https:\/\/soluciondigitaldelbajio.com.mx\/site\/wp-json\/wp\/v2\/product_tag?post=801"}],"curies":[{"name":"wp","href":"https:\/\/api.w.org\/{rel}","templated":true}]}}