{"id":803,"date":"2017-08-01T18:10:03","date_gmt":"2017-08-01T18:10:03","guid":{"rendered":"http:\/\/soluciondigitaldelbajio.com.mx\/site\/producto\/multifuncional-serie-ir-advance-c3500\/"},"modified":"2017-08-01T18:38:46","modified_gmt":"2017-08-01T18:38:46","slug":"multifuncional-serie-ir-advance-c3500","status":"publish","type":"product","link":"https:\/\/soluciondigitaldelbajio.com.mx\/site\/product\/multifuncional-serie-ir-advance-c3500\/","title":{"rendered":"Multifuncional Serie iR ADVANCE C3500"},"content":{"rendered":"<p><strong>Impresi\u00f3n, copiado, escaneo, env\u00edo, almacenamiento y env\u00edo de fax opcional<\/strong><\/p>\n<ul>\n<li>Imprima hasta 30 ppm (B y N\/Color)<\/li>\n<li>Escanee hasta 160 ipm (300 ppp) (B y N, color, bilateral)<\/li>\n<li>Imprima hasta en tama\u00f1o 11\u201d x 17\u201d, A3<\/li>\n<li>Capacidad m\u00e1xima de papel de 2,300 hojas<\/li>\n<li>Panel t\u00e1ctil en color WSVGA LCD TFT de 25.6 cm (10.1\u2019\u2019)<\/li>\n<li>Est\u00e1ndar RAM de 3.0 GB<\/li>\n<li>Disco Duro Est\u00e1ndar de 250 GB<\/li>\n<\/ul>\n","protected":false},"excerpt":{"rendered":"<p>La serie imageRUNNER ADVANCE C3500 est\u00e1 dise\u00f1ada para brindar un rendimiento confiable del color con un dise\u00f1o eficiente y compacto. Estos sistemas inteligentes funcionan a la perfecci\u00f3n con el software integrado y los servicios de Canon, lo que lo hace una opci\u00f3n sobresaliente para los negocios de tama\u00f1o peque\u00f1o a mediano y los departamentos dentro de organizaciones de gran tama\u00f1o.<\/p>\n<p><strong>Disponible en venta y renta.<\/strong><br \/>\n<strong>Disponible Soporte t\u00e9cnico y Consumibles.<\/strong><\/p>\n[fusion_button link=\"http:\/\/soluciondigitaldelbajio.com.mx\/site\/distribuidor-canon-ricoh-kyocera-oce-san-luis-potosi\/?your-subject= Canon IR ADVANCE c3500\" title=\"Solicitar informaci\u00f3n de producto\" target=\"_self\" alignment=\"\" modal=\"\" hide_on_mobile=\"small-visibility,medium-visibility,large-visibility\" class=\"\" id=\"\" color=\"custom\" button_gradient_top_color=\"#0073aa\" button_gradient_bottom_color=\"#025983\" button_gradient_top_color_hover=\"#025983\" button_gradient_bottom_color_hover=\"#0073aa\" accent_color=\"#fff\" accent_hover_color=\"\" type=\"\" bevel_color=\"\" border_width=\"\" size=\"large\" stretch=\"default\" shape=\"\" icon=\"fa-usd\" icon_position=\"left\" icon_divider=\"yes\" animation_type=\"slide\" animation_direction=\"right\" animation_speed=\"0.3\" animation_offset=\"\"]Solicitar Informaci\u00f3n[\/fusion_button]\n","protected":false},"featured_media":804,"comment_status":"closed","ping_status":"closed","template":"","meta":[],"product_cat":[7,8],"product_tag":[],"class_list":{"0":"post-803","1":"product","2":"type-product","3":"status-publish","4":"has-post-thumbnail","6":"product_cat-copiadoras-impresoras-escaners-multifuncionals-san-luis-potosi","7":"product_cat-multifuncionales-color","9":"first","10":"instock","11":"shipping-taxable","12":"product-type-simple"},"aioseo_notices":[],"_links":{"self":[{"href":"https:\/\/soluciondigitaldelbajio.com.mx\/site\/wp-json\/wp\/v2\/product\/803","targetHints":{"allow":["GET"]}}],"collection":[{"href":"https:\/\/soluciondigitaldelbajio.com.mx\/site\/wp-json\/wp\/v2\/product"}],"about":[{"href":"https:\/\/soluciondigitaldelbajio.com.mx\/site\/wp-json\/wp\/v2\/types\/product"}],"replies":[{"embeddable":true,"href":"https:\/\/soluciondigitaldelbajio.com.mx\/site\/wp-json\/wp\/v2\/comments?post=803"}],"wp:featuredmedia":[{"embeddable":true,"href":"https:\/\/soluciondigitaldelbajio.com.mx\/site\/wp-json\/wp\/v2\/media\/804"}],"wp:attachment":[{"href":"https:\/\/soluciondigitaldelbajio.com.mx\/site\/wp-json\/wp\/v2\/media?parent=803"}],"wp:term":[{"taxonomy":"product_cat","embeddable":true,"href":"https:\/\/soluciondigitaldelbajio.com.mx\/site\/wp-json\/wp\/v2\/product_cat?post=803"},{"taxonomy":"product_tag","embeddable":true,"href":"https:\/\/soluciondigitaldelbajio.com.mx\/site\/wp-json\/wp\/v2\/product_tag?post=803"}],"curies":[{"name":"wp","href":"https:\/\/api.w.org\/{rel}","templated":true}]}}