{"id":906,"date":"2019-09-03T17:34:36","date_gmt":"2019-09-03T17:34:36","guid":{"rendered":"https:\/\/soluciondigitaldelbajio.com.mx\/site\/?post_type=product&#038;p=906"},"modified":"2019-09-03T17:35:24","modified_gmt":"2019-09-03T17:35:24","slug":"canon-tm-305","status":"publish","type":"product","link":"https:\/\/soluciondigitaldelbajio.com.mx\/site\/product\/canon-tm-305\/","title":{"rendered":"Plotter Canon TM 305"},"content":{"rendered":"<ul>\n<li>Beneficios\/Caracter\u00edsticas<\/li>\n<li>Ancho de impresora de 36\u201d<\/li>\n<li>Velocidad de impresi\u00f3n de hasta 40 segundos por hoja tama\u00f1o A0<\/li>\n<li>Nuevo juego de tintas LUCIA TD de 5 colores a base de pigmentos<\/li>\n<li>Nuevo cabezal de impresi\u00f3n para una calidad precisa<\/li>\n<li>Sistema de subtanques de tinta para impresi\u00f3n ininterrumpida<\/li>\n<li>Panel de operaci\u00f3n de pantalla t\u00e1ctil LCD en color de 3,0&#8243;<\/li>\n<li>M\u00e1xima resoluci\u00f3n de impresi\u00f3n de 2400 x 1200 ppp<\/li>\n<li>Impresi\u00f3n directa desde un dispositivo USB (SOLO MODELO TM 305)<\/li>\n<li>Disco duro para incrementar la productividad (SOLO MODELO TM 305)<\/li>\n<\/ul>\n","protected":false},"excerpt":{"rendered":"<p>Los modelos<strong>\u00a0TM 300<\/strong>\u00a0y\u00a0<strong>TM 305<\/strong>\u00a0de 36\u201d utilizan las tintas Canon LUCIA TD de 5 colores\u00a0 que producen l\u00edneas y textos definidos con colores densos. Los colores vibrantes se consiguen gracias a que los pigmentos quedan fijados en el papel. Esto permite a los clientes imprimir de forma econ\u00f3mica documentos de alta calidad y carteles sobre papeles m\u00e1s econ\u00f3micos sin recubrimiento.<\/p>\n","protected":false},"featured_media":907,"comment_status":"open","ping_status":"closed","template":"","meta":[],"product_cat":[20,21],"product_tag":[],"class_list":{"0":"post-906","1":"product","2":"type-product","3":"status-publish","4":"has-post-thumbnail","6":"product_cat-impresoras-de-formato-ancho","7":"product_cat-segmento-tecnico","9":"first","10":"instock","11":"shipping-taxable","12":"product-type-simple"},"aioseo_notices":[],"_links":{"self":[{"href":"https:\/\/soluciondigitaldelbajio.com.mx\/site\/wp-json\/wp\/v2\/product\/906","targetHints":{"allow":["GET"]}}],"collection":[{"href":"https:\/\/soluciondigitaldelbajio.com.mx\/site\/wp-json\/wp\/v2\/product"}],"about":[{"href":"https:\/\/soluciondigitaldelbajio.com.mx\/site\/wp-json\/wp\/v2\/types\/product"}],"replies":[{"embeddable":true,"href":"https:\/\/soluciondigitaldelbajio.com.mx\/site\/wp-json\/wp\/v2\/comments?post=906"}],"wp:featuredmedia":[{"embeddable":true,"href":"https:\/\/soluciondigitaldelbajio.com.mx\/site\/wp-json\/wp\/v2\/media\/907"}],"wp:attachment":[{"href":"https:\/\/soluciondigitaldelbajio.com.mx\/site\/wp-json\/wp\/v2\/media?parent=906"}],"wp:term":[{"taxonomy":"product_cat","embeddable":true,"href":"https:\/\/soluciondigitaldelbajio.com.mx\/site\/wp-json\/wp\/v2\/product_cat?post=906"},{"taxonomy":"product_tag","embeddable":true,"href":"https:\/\/soluciondigitaldelbajio.com.mx\/site\/wp-json\/wp\/v2\/product_tag?post=906"}],"curies":[{"name":"wp","href":"https:\/\/api.w.org\/{rel}","templated":true}]}}