{"id":910,"date":"2019-09-03T20:06:16","date_gmt":"2019-09-03T20:06:16","guid":{"rendered":"https:\/\/soluciondigitaldelbajio.com.mx\/site\/?post_type=product&#038;p=910"},"modified":"2019-09-03T20:08:56","modified_gmt":"2019-09-03T20:08:56","slug":"plotter-canon-pro2000","status":"publish","type":"product","link":"https:\/\/soluciondigitaldelbajio.com.mx\/site\/product\/plotter-canon-pro2000\/","title":{"rendered":"Plotter Canon PRO 2000"},"content":{"rendered":"<ul>\n<li>Cabezal de impresi\u00f3n PF-10 (1)<\/li>\n<li>Colores Negro Foto, Negro Mate, Cian, Magenta, Amarillo, Cian Foto,Magenta Foto, Gris, Gris Foto, Rojo, Azul y Chroma Optimizer<\/li>\n<li>Tanques de tinta incluidos 12 tanques: Tanque inicial de 160 ml, por cada color<\/li>\n<li>Capacidad del disco duro 320 GB<\/li>\n<li>Memoria de la impresora 3 GB<\/li>\n<li>Pedestal de la impresora Est\u00e1ndar<\/li>\n<li>Pantalla Pantalla t\u00e1ctil LCD en color de 3.5&#8243;<\/li>\n<li>Tama\u00f1o\/peso 46.0&#8243; (Al.) x 43.7&#8243; (An.) x 38.7&#8243; (Pr.)\/aproximadamente 101 kg<\/li>\n<\/ul>\n","protected":false},"excerpt":{"rendered":"<p>La impresora <strong>imagePROGRAF PRO 2000<\/strong> ofrece la mejor calidad de impresi\u00f3n fotogr\u00e1fica y produce im\u00e1genes de hasta 24 pulgadas a gran velocidad y de forma fiable.<\/p>\n<p>La i<strong>magePROGRAF PRO 2000 de 24<\/strong>\u201d est\u00e1 dise\u00f1ada para exceder las expectativas en la calidad de la imagen, uniformidad del color y en la productividad, es ideal para fot\u00f3grafos profesionales y artistas que trabajan con las artes finas.<\/p>\n<p>Los fot\u00f3grafos profesionales son capaces de lograr una exclusiva soluci\u00f3n desde la captura hasta la impresi\u00f3n conocida como &#8220;Crystal Fidelity&#8221;, al combinar el uso de c\u00e1maras profesionales Canon con impresoras profesionales de la Serie <strong>imagePROGRAF PRO<\/strong>. S\u00f3lo Canon puede ofrecer una soluci\u00f3n completa de procesamiento de la imagen.<\/p>\n","protected":false},"featured_media":911,"comment_status":"open","ping_status":"closed","template":"","meta":[],"product_cat":[20,23],"product_tag":[],"class_list":{"0":"post-910","1":"product","2":"type-product","3":"status-publish","4":"has-post-thumbnail","6":"product_cat-impresoras-de-formato-ancho","7":"product_cat-segmento-de-artes-graficas","9":"first","10":"instock","11":"shipping-taxable","12":"product-type-simple"},"aioseo_notices":[],"_links":{"self":[{"href":"https:\/\/soluciondigitaldelbajio.com.mx\/site\/wp-json\/wp\/v2\/product\/910","targetHints":{"allow":["GET"]}}],"collection":[{"href":"https:\/\/soluciondigitaldelbajio.com.mx\/site\/wp-json\/wp\/v2\/product"}],"about":[{"href":"https:\/\/soluciondigitaldelbajio.com.mx\/site\/wp-json\/wp\/v2\/types\/product"}],"replies":[{"embeddable":true,"href":"https:\/\/soluciondigitaldelbajio.com.mx\/site\/wp-json\/wp\/v2\/comments?post=910"}],"wp:featuredmedia":[{"embeddable":true,"href":"https:\/\/soluciondigitaldelbajio.com.mx\/site\/wp-json\/wp\/v2\/media\/911"}],"wp:attachment":[{"href":"https:\/\/soluciondigitaldelbajio.com.mx\/site\/wp-json\/wp\/v2\/media?parent=910"}],"wp:term":[{"taxonomy":"product_cat","embeddable":true,"href":"https:\/\/soluciondigitaldelbajio.com.mx\/site\/wp-json\/wp\/v2\/product_cat?post=910"},{"taxonomy":"product_tag","embeddable":true,"href":"https:\/\/soluciondigitaldelbajio.com.mx\/site\/wp-json\/wp\/v2\/product_tag?post=910"}],"curies":[{"name":"wp","href":"https:\/\/api.w.org\/{rel}","templated":true}]}}