{"id":913,"date":"2019-09-03T20:14:52","date_gmt":"2019-09-03T20:14:52","guid":{"rendered":"https:\/\/soluciondigitaldelbajio.com.mx\/site\/?post_type=product&#038;p=913"},"modified":"2019-09-03T20:14:52","modified_gmt":"2019-09-03T20:14:52","slug":"plotter-canon-pro-40004000s","status":"publish","type":"product","link":"https:\/\/soluciondigitaldelbajio.com.mx\/site\/product\/plotter-canon-pro-40004000s\/","title":{"rendered":"Plotter Canon PRO 4000\/4000S"},"content":{"rendered":"<ul>\n<li>Tecnolog\u00eda de la impresi\u00f3n FINE: Full-Photolithography Inkjet Nozzle Engineering<\/li>\n<li>Configuraci\u00f3n del cabezal Tipo integrado de 12 canales<\/li>\n<li>Configuraci\u00f3n de las boquillas 1,536 boquillas x 12 canales: 18,432 en total<\/li>\n<li>Tama\u00f1o m\u00ednimo de la gotita 4 picolitros por color<\/li>\n<li>Resoluci\u00f3n m\u00e1xima de impresi\u00f3n Hasta 2400 x 1200 ppp<\/li>\n<li>Informaci\u00f3n de la tinta Tipo: tecnolog\u00eda de tinta LUCIA PRO a base de pigmentos<\/li>\n<li>PFI-1100 (160 ml): PBK, MBK, C, M, Y, PC, PM, GY<\/li>\n<li>PFI-1300 (330 ml): PBK, MBK, C, M, Y, PC, PM, GY<\/li>\n<li>PFI-1700 (700 ml): PBK, MBK, C, M, Y, PC, PM, GY<\/li>\n<li>Cabezal de impresi\u00f3n PF-10 (1)<\/li>\n<li>Colores Photo Black, Matte Black, Cyan, Magenta, Yellow, Photo, Cyan, Photo Magenta, Gray<\/li>\n<li>Tanques de tinta incluidos 8 tanques: Tanque inicial de 330 ml, por cada color<\/li>\n<li>Capacidad del disco duro 320 GB<\/li>\n<li>Memoria de la impresora 3 GB<\/li>\n<li>Pedestal de la impresora Est\u00e1ndar<\/li>\n<li>Pantalla Pantalla t\u00e1ctil LCD en color de 3.5&#8243;<\/li>\n<li>Tama\u00f1o\/peso 46.0&#8243; (Al.) x 62.7&#8243; (An.) x 38.7&#8243; (Pro.)\/Aproximadamente 121 kg<\/li>\n<\/ul>\n","protected":false},"excerpt":{"rendered":"<p><strong>Dise\u00f1o ergon\u00f3mico que resulta perfecto&#8230;<\/strong><\/p>\n<p>La impresora <strong>imagePROGRAF PRO 4000S<\/strong> de 44\u201d consigue producir los trabajos de forma r\u00e1pida y fiable, por lo que resulta perfecta para los proveedores de servicios de impresi\u00f3n que necesitan una calidad fotogr\u00e1fica en sus carteles y posters.<\/p>\n<p>Adem\u00e1s cuenta con un dise\u00f1o ergon\u00f3mico que resulta perfecto para las operaciones de impresi\u00f3n en lugares donde hay que ahorrar tiempo y espacio como en los talleres de artes gr\u00e1ficas, publicidad y departamentos creativos.<\/p>\n","protected":false},"featured_media":914,"comment_status":"open","ping_status":"closed","template":"","meta":[],"product_cat":[20,23],"product_tag":[],"class_list":{"0":"post-913","1":"product","2":"type-product","3":"status-publish","4":"has-post-thumbnail","6":"product_cat-impresoras-de-formato-ancho","7":"product_cat-segmento-de-artes-graficas","9":"first","10":"instock","11":"shipping-taxable","12":"product-type-simple"},"aioseo_notices":[],"_links":{"self":[{"href":"https:\/\/soluciondigitaldelbajio.com.mx\/site\/wp-json\/wp\/v2\/product\/913","targetHints":{"allow":["GET"]}}],"collection":[{"href":"https:\/\/soluciondigitaldelbajio.com.mx\/site\/wp-json\/wp\/v2\/product"}],"about":[{"href":"https:\/\/soluciondigitaldelbajio.com.mx\/site\/wp-json\/wp\/v2\/types\/product"}],"replies":[{"embeddable":true,"href":"https:\/\/soluciondigitaldelbajio.com.mx\/site\/wp-json\/wp\/v2\/comments?post=913"}],"wp:featuredmedia":[{"embeddable":true,"href":"https:\/\/soluciondigitaldelbajio.com.mx\/site\/wp-json\/wp\/v2\/media\/914"}],"wp:attachment":[{"href":"https:\/\/soluciondigitaldelbajio.com.mx\/site\/wp-json\/wp\/v2\/media?parent=913"}],"wp:term":[{"taxonomy":"product_cat","embeddable":true,"href":"https:\/\/soluciondigitaldelbajio.com.mx\/site\/wp-json\/wp\/v2\/product_cat?post=913"},{"taxonomy":"product_tag","embeddable":true,"href":"https:\/\/soluciondigitaldelbajio.com.mx\/site\/wp-json\/wp\/v2\/product_tag?post=913"}],"curies":[{"name":"wp","href":"https:\/\/api.w.org\/{rel}","templated":true}]}}