{"id":915,"date":"2019-09-03T20:23:55","date_gmt":"2019-09-03T20:23:55","guid":{"rendered":"https:\/\/soluciondigitaldelbajio.com.mx\/site\/?post_type=product&#038;p=915"},"modified":"2019-09-03T20:23:55","modified_gmt":"2019-09-03T20:23:55","slug":"plotter-canon-pro-60006000s","status":"publish","type":"product","link":"https:\/\/soluciondigitaldelbajio.com.mx\/site\/product\/plotter-canon-pro-60006000s\/","title":{"rendered":"Plotter Canon PRO 6000\/6000S"},"content":{"rendered":"<ul>\n<li>Velocidad 10.5 min \/ A0 (Highest)<\/li>\n<li>Tama\u00f1o 60\u201d<\/li>\n<li>Dimensiones 46&#8243; x 78.7&#8243; x 30.2&#8243;<\/li>\n<li>Cantidad de colores 11+1 C, M, Y, PC, PM, GY, PGY, PBK, MBK, R, B, + CO<\/li>\n<li>Tipo de Tinta Lucia PRO pigmentada<\/li>\n<li>Optimizador de brillo<\/li>\n<li>Capacidad cartuchos tinta 160 ml \/ 330 ml \/700 ml<\/li>\n<li>Tama\u00f1o de la gota 4 picolitros<\/li>\n<li>Resoluci\u00f3n m\u00e1xima 2400 x 1200 ppp<\/li>\n<li>Sistema de sub-tanques<\/li>\n<li>Cabezal de impresi\u00f3n Integrado de 12 canales<\/li>\n<li>Boquillas 1,536 boquillas x 12 canales: 18,432 en total<\/li>\n<li>Doble rollo (rebobinado)<\/li>\n<li>Unidad de Disco Duro 320 GB<\/li>\n<li>Impresi\u00f3n USB \/ Wi- Fi<\/li>\n<\/ul>\n","protected":false},"excerpt":{"rendered":"<p>El modelo <strong>PRO-6000 de 12 colores y 60\u201d<\/strong> de ancho ofrece <strong>una calidad de impresi\u00f3n excepcional<\/strong>, una alimentaci\u00f3n de papel vers\u00e1til de dos bobinas y una excelente productividad, todo ello en el menor espacio posible; una soluci\u00f3n profesional dirigida para el Mercado de Artes Gr\u00e1ficas.<\/p>\n<p><strong>El PRO-6000<\/strong> es el modelo con mayor ancho de impresi\u00f3n de la gama con <strong>12 colores<\/strong>, por lo que la nueva imagePROGRAF PRO-6000 completa la familia de impresoras Serie PRO, que cubre desde los 24\u201d hasta los 60\u201d de ancho.<\/p>\n<p>La amplia gama de color de la impresora <strong>PRO-6000<\/strong> supone una nueva referencia de calidad en el mercado de impresi\u00f3n de gran formato, llevando la alta resoluci\u00f3n a la impresi\u00f3n fotogr\u00e1fica. Resulta perfecta para publicidad, carteler\u00eda e impresi\u00f3n de p\u00f3steres, tanto para su uso en interiores como en exteriores.<\/p>\n","protected":false},"featured_media":916,"comment_status":"open","ping_status":"closed","template":"","meta":[],"product_cat":[20,23],"product_tag":[],"class_list":{"0":"post-915","1":"product","2":"type-product","3":"status-publish","4":"has-post-thumbnail","6":"product_cat-impresoras-de-formato-ancho","7":"product_cat-segmento-de-artes-graficas","9":"first","10":"instock","11":"shipping-taxable","12":"product-type-simple"},"aioseo_notices":[],"_links":{"self":[{"href":"https:\/\/soluciondigitaldelbajio.com.mx\/site\/wp-json\/wp\/v2\/product\/915","targetHints":{"allow":["GET"]}}],"collection":[{"href":"https:\/\/soluciondigitaldelbajio.com.mx\/site\/wp-json\/wp\/v2\/product"}],"about":[{"href":"https:\/\/soluciondigitaldelbajio.com.mx\/site\/wp-json\/wp\/v2\/types\/product"}],"replies":[{"embeddable":true,"href":"https:\/\/soluciondigitaldelbajio.com.mx\/site\/wp-json\/wp\/v2\/comments?post=915"}],"wp:featuredmedia":[{"embeddable":true,"href":"https:\/\/soluciondigitaldelbajio.com.mx\/site\/wp-json\/wp\/v2\/media\/916"}],"wp:attachment":[{"href":"https:\/\/soluciondigitaldelbajio.com.mx\/site\/wp-json\/wp\/v2\/media?parent=915"}],"wp:term":[{"taxonomy":"product_cat","embeddable":true,"href":"https:\/\/soluciondigitaldelbajio.com.mx\/site\/wp-json\/wp\/v2\/product_cat?post=915"},{"taxonomy":"product_tag","embeddable":true,"href":"https:\/\/soluciondigitaldelbajio.com.mx\/site\/wp-json\/wp\/v2\/product_tag?post=915"}],"curies":[{"name":"wp","href":"https:\/\/api.w.org\/{rel}","templated":true}]}}