{"id":918,"date":"2019-09-03T21:42:23","date_gmt":"2019-09-03T21:42:23","guid":{"rendered":"https:\/\/soluciondigitaldelbajio.com.mx\/site\/?post_type=product&#038;p=918"},"modified":"2019-09-03T21:42:23","modified_gmt":"2019-09-03T21:42:23","slug":"uniflow-canon","status":"publish","type":"product","link":"https:\/\/soluciondigitaldelbajio.com.mx\/site\/product\/uniflow-canon\/","title":{"rendered":"uniFLOW"},"content":{"rendered":"<ul>\n<li>Informes y contabilidad completos (dispositivos de Canon y de otros fabricantes)<\/li>\n<li>Impresi\u00f3n segura desde cualquier lugar y autenticaci\u00f3n de dispositivos (dispositivos Canon y de otros fabricantes)<\/li>\n<li>Impresi\u00f3n segura desde dispositivos m\u00f3viles (cualquier plataforma m\u00f3vil)<\/li>\n<li>Administraci\u00f3n de salas de impresi\u00f3n (CRD o salas de impresi\u00f3n)<\/li>\n<li>Asignaci\u00f3n de la ruta de trabajo (dispositivos Canon y de otros fabricantes, incluso impresoras de escritorio)<\/li>\n<li>Flujos de trabajo de escaneo (Escaneo hacia Correo Electr\u00f3nico, Escaneo hacia Carpeta, Escaneo hacia MS<\/li>\n<li>SharePoint y procesos de negocio avanzados)<\/li>\n<\/ul>\n","protected":false},"excerpt":{"rendered":"<p><strong>La soluci\u00f3n de software que te ayudar\u00e1 a mantener el buen funcionamiento de tu oficina.<\/strong><\/p>\n<p><strong>uniFLOW<\/strong> est\u00e1 dise\u00f1ado para ahorrar tiempo y dinero a su empresa mediante controles efectivos sobre la totalidad de sus impresoras y multifuncionales. Con su dise\u00f1o modular, la soluci\u00f3n uniFLOW puede escalar para adaptarse a cualquier tama\u00f1o de organizaci\u00f3n, y puede ser personalizada para adaptarse a las necesidades espec\u00edficas de su organizaci\u00f3n.<\/p>\n","protected":false},"featured_media":919,"comment_status":"open","ping_status":"closed","template":"","meta":[],"product_cat":[41],"product_tag":[],"class_list":{"0":"post-918","1":"product","2":"type-product","3":"status-publish","4":"has-post-thumbnail","6":"product_cat-soluciones-software-administracion-documentos-workflow","8":"first","9":"instock","10":"shipping-taxable","11":"product-type-simple"},"aioseo_notices":[],"_links":{"self":[{"href":"https:\/\/soluciondigitaldelbajio.com.mx\/site\/wp-json\/wp\/v2\/product\/918","targetHints":{"allow":["GET"]}}],"collection":[{"href":"https:\/\/soluciondigitaldelbajio.com.mx\/site\/wp-json\/wp\/v2\/product"}],"about":[{"href":"https:\/\/soluciondigitaldelbajio.com.mx\/site\/wp-json\/wp\/v2\/types\/product"}],"replies":[{"embeddable":true,"href":"https:\/\/soluciondigitaldelbajio.com.mx\/site\/wp-json\/wp\/v2\/comments?post=918"}],"wp:featuredmedia":[{"embeddable":true,"href":"https:\/\/soluciondigitaldelbajio.com.mx\/site\/wp-json\/wp\/v2\/media\/919"}],"wp:attachment":[{"href":"https:\/\/soluciondigitaldelbajio.com.mx\/site\/wp-json\/wp\/v2\/media?parent=918"}],"wp:term":[{"taxonomy":"product_cat","embeddable":true,"href":"https:\/\/soluciondigitaldelbajio.com.mx\/site\/wp-json\/wp\/v2\/product_cat?post=918"},{"taxonomy":"product_tag","embeddable":true,"href":"https:\/\/soluciondigitaldelbajio.com.mx\/site\/wp-json\/wp\/v2\/product_tag?post=918"}],"curies":[{"name":"wp","href":"https:\/\/api.w.org\/{rel}","templated":true}]}}