{"id":920,"date":"2019-09-03T21:47:43","date_gmt":"2019-09-03T21:47:43","guid":{"rendered":"https:\/\/soluciondigitaldelbajio.com.mx\/site\/?post_type=product&#038;p=920"},"modified":"2019-09-03T21:47:43","modified_gmt":"2019-09-03T21:47:43","slug":"therefore-canon","status":"publish","type":"product","link":"https:\/\/soluciondigitaldelbajio.com.mx\/site\/product\/therefore-canon\/","title":{"rendered":"Therefore"},"content":{"rendered":"<ul>\n<li><strong>Captura de Informaci\u00f3n<\/strong><br \/>\nIntroduzca la informaci\u00f3n en el sistema Therefore\u2122, ya sea utilizando un esc\u00e1ner de documentos, cargando directamente documentos electr\u00f3nicos existentes o por medio de la aplicaci\u00f3n multifuncional de Therefore\u2122. Luego, los documentos se pueden clasificar, indexar y archivar utilizando Capture Client de Therefore\u2122 o Content Connector de Therefore\u2122.<\/li>\n<\/ul>\n<ul>\n<li><strong>Buscar y Editar<\/strong><br \/>\nNavigator de Therefore\u2122 permite que los usuarios puedan encontrar informaci\u00f3n f\u00e1cilmente, ya sea mediante la b\u00fasqueda de texto completo (similar a los navegadores de b\u00fasqueda populares) o usando datos de \u00edndice espec\u00edficos que est\u00e1n relacionados con el contenido deseado.<br \/>\nViewer de Therefore\u2122 se utiliza para ver, editar y proteger\/desproteger documentos. Los documentos se pueden abrir y editar en sus aplicaciones nativas ya conocidas, para que los usuarios puedan hacer correcciones con facilidad.<\/li>\n<\/ul>\n<ul>\n<li><strong>Flujos de Trabajo<\/strong><br \/>\nWorkflow de Therefore\u2122 permite dise\u00f1ar y optimizar procesos de negocios relacionados a los documentos o informaci\u00f3n de una empresa, ayudando a la automatizaci\u00f3n de los flujos de trabajo. Cada empleado sabe qu\u00e9 tareas debe completar, la fecha de entrega y quien es el siguiente en el proceso. Los gerentes pueden monitorear los avances del proceso del flujo de trabajo y los administradores pueden ver todo el sistema para identificar los posibles cuellos de botella.<\/li>\n<\/ul>\n<ul>\n<li><strong>Acceso M\u00f3vil y Remoto<\/strong><br \/>\nTherefore\u2122 ofrece tres m\u00e9todos para acceder a su informaci\u00f3n de manera remota, para ayudar a aumentar la productividad cuando se encuentra fuera de la oficina.<br \/>\nWeb Acces de Therefore\u2122 permite el acceso remoto al sistema de Therefore\u2122 a trav\u00e9s de los navegadores m\u00e1s populares de la Web.<br \/>\nLa aplicaci\u00f3n m\u00f3vil de Therefore\u2122 (para dispositivos m\u00f3viles iPhone, iPad o Android) permite que los usuarios busquen y visualicen documentos.<\/li>\n<\/ul>\n","protected":false},"excerpt":{"rendered":"<p><strong>Therefore<\/strong> ayuda a las organizaciones a trabajar de forma inteligente al ofrecer una forma de mejorar el almacenamiento, manejo y procesamiento de la informaci\u00f3n.<\/p>\n<p>Con este software de Gesti\u00f3n de la Informaci\u00f3n y Flujos de Trabajo, Canon puede ofrecer una soluci\u00f3n completa de punta a punta que gestiona la entrada de la informaci\u00f3n al flujo de trabajo y administra el ciclo de la vida del mismo.<\/p>\n","protected":false},"featured_media":921,"comment_status":"open","ping_status":"closed","template":"","meta":[],"product_cat":[41],"product_tag":[],"class_list":{"0":"post-920","1":"product","2":"type-product","3":"status-publish","4":"has-post-thumbnail","6":"product_cat-soluciones-software-administracion-documentos-workflow","8":"first","9":"instock","10":"shipping-taxable","11":"product-type-simple"},"aioseo_notices":[],"_links":{"self":[{"href":"https:\/\/soluciondigitaldelbajio.com.mx\/site\/wp-json\/wp\/v2\/product\/920","targetHints":{"allow":["GET"]}}],"collection":[{"href":"https:\/\/soluciondigitaldelbajio.com.mx\/site\/wp-json\/wp\/v2\/product"}],"about":[{"href":"https:\/\/soluciondigitaldelbajio.com.mx\/site\/wp-json\/wp\/v2\/types\/product"}],"replies":[{"embeddable":true,"href":"https:\/\/soluciondigitaldelbajio.com.mx\/site\/wp-json\/wp\/v2\/comments?post=920"}],"wp:featuredmedia":[{"embeddable":true,"href":"https:\/\/soluciondigitaldelbajio.com.mx\/site\/wp-json\/wp\/v2\/media\/921"}],"wp:attachment":[{"href":"https:\/\/soluciondigitaldelbajio.com.mx\/site\/wp-json\/wp\/v2\/media?parent=920"}],"wp:term":[{"taxonomy":"product_cat","embeddable":true,"href":"https:\/\/soluciondigitaldelbajio.com.mx\/site\/wp-json\/wp\/v2\/product_cat?post=920"},{"taxonomy":"product_tag","embeddable":true,"href":"https:\/\/soluciondigitaldelbajio.com.mx\/site\/wp-json\/wp\/v2\/product_tag?post=920"}],"curies":[{"name":"wp","href":"https:\/\/api.w.org\/{rel}","templated":true}]}}