{"id":922,"date":"2019-09-04T14:58:31","date_gmt":"2019-09-04T14:58:31","guid":{"rendered":"https:\/\/soluciondigitaldelbajio.com.mx\/site\/?post_type=product&#038;p=922"},"modified":"2019-09-05T15:37:44","modified_gmt":"2019-09-05T15:37:44","slug":"oce-plotwave-345","status":"publish","type":"product","link":"https:\/\/soluciondigitaldelbajio.com.mx\/site\/product\/oce-plotwave-345\/","title":{"rendered":"Oc\u00e9 PlotWave 345\/365"},"content":{"rendered":"<ul>\n<li>Resultados profesionales, incluso durante el copiado y escaneado, gracias a Oc\u00e9 image Logic y el nuevo modo de copia Diazo<\/li>\n<\/ul>\n<ul>\n<li>Calidad superior con la tecnolog\u00eda de alta resoluci\u00f3n de 600 x 1200 ppp para obtener detalles n\u00edtidos y suavizar las \u00e1reas con escalas de grises<\/li>\n<\/ul>\n<ul>\n<li>Excelente eficiencia de impresi\u00f3n de gran formato, que produce de forma sistem\u00e1tica 4 hojas de tama\u00f1o A1\/D por minuto y plegado<\/li>\n<\/ul>\n<ul>\n<li>Productividad mejorada con inicio e impresi\u00f3n instant\u00e1neos con Oc\u00e9 Radiant Fusing un controlador POWERsync para Windows 8 m\u00e1s potente<\/li>\n<\/ul>\n<ul>\n<li>Mayor flexibilidad con la impresi\u00f3n desde y a sistemas en la nube, memorias USB, dispositivos m\u00f3viles y ahora \u00abescanear a e imprimir desde\u00bb Active Directory. La conectividad Wave avanzada se integra con Oc\u00e9 y el software de terceros<\/li>\n<\/ul>\n<ul>\n<li>F\u00e1cil de usar con la mejor interfaz de usuario multit\u00e1ctil Oc\u00e9 ClearConnect de su clase, ahora con uniFLOW<\/li>\n<\/ul>\n<ul>\n<li>Productivo escaneo en color, gracias a las nuevas plantillas de captura<\/li>\n<\/ul>\n<ul>\n<li>Seguridad mejorada mediante funciones compatible con FIPS y cifrado de disco<\/li>\n<\/ul>\n<ul>\n<li>Dise\u00f1o respetuoso con las personas, que incluye silencio en el modo de suspensi\u00f3n y un dise\u00f1o integral ergon\u00f3mico para ahorrar espacio<\/li>\n<\/ul>\n<ul>\n<li>Funciones respetuosas con el medio ambiente como eficiencia energ\u00e9tica y emisiones de ozono muy bajas<\/li>\n<\/ul>\n","protected":false},"excerpt":{"rendered":"<p>La nueva impresora en blanco y negro, esc\u00e1ner y copiadora <strong>Oc\u00e9 PlotWave 345\/365\u00a0<\/strong> produce documentos t\u00e9cnicos de gran calidad y resistentes a las inclemencias del tiempo de forma segura, rentable y sencilla, lo que permite a los usuarios concentrarse en su trabajo.<\/p>\n","protected":false},"featured_media":923,"comment_status":"open","ping_status":"closed","template":"","meta":[],"product_cat":[17,45],"product_tag":[],"class_list":{"0":"post-922","1":"product","2":"type-product","3":"status-publish","4":"has-post-thumbnail","6":"product_cat-copiadoras-impresoras-plotters-gran-formato-san-luis-potosi","7":"product_cat-gran-formato","9":"first","10":"instock","11":"shipping-taxable","12":"product-type-simple"},"aioseo_notices":[],"_links":{"self":[{"href":"https:\/\/soluciondigitaldelbajio.com.mx\/site\/wp-json\/wp\/v2\/product\/922","targetHints":{"allow":["GET"]}}],"collection":[{"href":"https:\/\/soluciondigitaldelbajio.com.mx\/site\/wp-json\/wp\/v2\/product"}],"about":[{"href":"https:\/\/soluciondigitaldelbajio.com.mx\/site\/wp-json\/wp\/v2\/types\/product"}],"replies":[{"embeddable":true,"href":"https:\/\/soluciondigitaldelbajio.com.mx\/site\/wp-json\/wp\/v2\/comments?post=922"}],"wp:featuredmedia":[{"embeddable":true,"href":"https:\/\/soluciondigitaldelbajio.com.mx\/site\/wp-json\/wp\/v2\/media\/923"}],"wp:attachment":[{"href":"https:\/\/soluciondigitaldelbajio.com.mx\/site\/wp-json\/wp\/v2\/media?parent=922"}],"wp:term":[{"taxonomy":"product_cat","embeddable":true,"href":"https:\/\/soluciondigitaldelbajio.com.mx\/site\/wp-json\/wp\/v2\/product_cat?post=922"},{"taxonomy":"product_tag","embeddable":true,"href":"https:\/\/soluciondigitaldelbajio.com.mx\/site\/wp-json\/wp\/v2\/product_tag?post=922"}],"curies":[{"name":"wp","href":"https:\/\/api.w.org\/{rel}","templated":true}]}}