{"id":924,"date":"2019-09-04T15:06:30","date_gmt":"2019-09-04T15:06:30","guid":{"rendered":"https:\/\/soluciondigitaldelbajio.com.mx\/site\/?post_type=product&#038;p=924"},"modified":"2019-09-05T15:37:19","modified_gmt":"2019-09-05T15:37:19","slug":"oce-plotwave-450-550","status":"publish","type":"product","link":"https:\/\/soluciondigitaldelbajio.com.mx\/site\/product\/oce-plotwave-450-550\/","title":{"rendered":"Oc\u00e9 PlotWave 450\/550"},"content":{"rendered":"<ul>\n<li>F\u00e1cil de usar gracias al funcionamiento multit\u00e1ctil ClearConnect, ahora con el software uniFLOW<\/li>\n<\/ul>\n<ul>\n<li>Flexibilidad de datos mediante la integraci\u00f3n completa con la nube, impresi\u00f3n desde y a sistemas en la nube, medios de almacenamiento y Active Directory. Se suministra con un disco duro extra\u00edble opcional<\/li>\n<\/ul>\n<ul>\n<li>Productividad mejorada con un nuevo controlador POWERsync para Windows 8 m\u00e1s potente y la tecnolog\u00eda Oc\u00e9 Radiant Fusing, que hace pasar el sistema del modo de suspensi\u00f3n a imprimir en 30 segundos<\/li>\n<\/ul>\n<ul>\n<li>Ahorro de tiempo mediante el flujo de trabajo de ClearConnect con el nuevo Oc\u00e9 Publisher Select 2 y Oc\u00e9 Repro Desk<\/li>\n<\/ul>\n<ul>\n<li>R\u00e1pida impresi\u00f3n profesional, escaneado en color y copia todo en uno gracias a Oc\u00e9 image Logic y las nuevas plantillas de captura<\/li>\n<\/ul>\n<ul>\n<li>Calidad superior con la tecnolog\u00eda de alta resoluci\u00f3n de 600 x 1200 ppp<\/li>\n<\/ul>\n<ul>\n<li>Eficiente impresi\u00f3n que produce de forma sistem\u00e1tica 8 hojas de tama\u00f1o A1\/D por minuto con una capacidad de 2 o 4 bobinas de soporte de impresi\u00f3n<\/li>\n<\/ul>\n<ul>\n<li>Productiva salida de documentos mediante la integraci\u00f3n de la plegadora Oc\u00e9 PlotWave, controlada directamente a trav\u00e9s de la interfaz de usuario<\/li>\n<\/ul>\n<ul>\n<li>Seguridad mejorada mediante funciones compatible con FIPS, cifrado de discos y con autenticaci\u00f3n y funcionalidad de lector de tarjetas<\/li>\n<\/ul>\n<ul>\n<li>Sistema respetuoso con las personas y con el medio ambiente que incluye silencio en el modo de suspensi\u00f3n, ergonom\u00eda de ahorro de espacio, dise\u00f1o integral, eficiencia energ\u00e9tica y emisiones de ozono muy bajas<\/li>\n<\/ul>\n","protected":false},"excerpt":{"rendered":"<p><strong>Oc\u00e9 PlotWave 450\/550<\/strong> es el sistema multifunci\u00f3n independiente perfecto para equipos que necesitan imprimir documentos complejos con rapidez, compartir con facilidad y finalizar los proyectos de gran formato de forma m\u00e1s r\u00e1pida, al mismo tiempo que se mantiene la seguridad de la informaci\u00f3n confidencial.<\/p>\n","protected":false},"featured_media":925,"comment_status":"open","ping_status":"closed","template":"","meta":[],"product_cat":[17,45],"product_tag":[],"class_list":{"0":"post-924","1":"product","2":"type-product","3":"status-publish","4":"has-post-thumbnail","6":"product_cat-copiadoras-impresoras-plotters-gran-formato-san-luis-potosi","7":"product_cat-gran-formato","9":"first","10":"instock","11":"shipping-taxable","12":"product-type-simple"},"aioseo_notices":[],"_links":{"self":[{"href":"https:\/\/soluciondigitaldelbajio.com.mx\/site\/wp-json\/wp\/v2\/product\/924","targetHints":{"allow":["GET"]}}],"collection":[{"href":"https:\/\/soluciondigitaldelbajio.com.mx\/site\/wp-json\/wp\/v2\/product"}],"about":[{"href":"https:\/\/soluciondigitaldelbajio.com.mx\/site\/wp-json\/wp\/v2\/types\/product"}],"replies":[{"embeddable":true,"href":"https:\/\/soluciondigitaldelbajio.com.mx\/site\/wp-json\/wp\/v2\/comments?post=924"}],"wp:featuredmedia":[{"embeddable":true,"href":"https:\/\/soluciondigitaldelbajio.com.mx\/site\/wp-json\/wp\/v2\/media\/925"}],"wp:attachment":[{"href":"https:\/\/soluciondigitaldelbajio.com.mx\/site\/wp-json\/wp\/v2\/media?parent=924"}],"wp:term":[{"taxonomy":"product_cat","embeddable":true,"href":"https:\/\/soluciondigitaldelbajio.com.mx\/site\/wp-json\/wp\/v2\/product_cat?post=924"},{"taxonomy":"product_tag","embeddable":true,"href":"https:\/\/soluciondigitaldelbajio.com.mx\/site\/wp-json\/wp\/v2\/product_tag?post=924"}],"curies":[{"name":"wp","href":"https:\/\/api.w.org\/{rel}","templated":true}]}}