{"id":926,"date":"2019-09-04T15:12:21","date_gmt":"2019-09-04T15:12:21","guid":{"rendered":"https:\/\/soluciondigitaldelbajio.com.mx\/site\/?post_type=product&#038;p=926"},"modified":"2019-09-04T15:12:21","modified_gmt":"2019-09-04T15:12:21","slug":"oce-plotwave-750","status":"publish","type":"product","link":"https:\/\/soluciondigitaldelbajio.com.mx\/site\/product\/oce-plotwave-750\/","title":{"rendered":"Oc\u00e9 PlotWave 750"},"content":{"rendered":"<ul>\n<li>9 impresiones A1 por minuto<\/li>\n<\/ul>\n<ul>\n<li>Inicio instant\u00e1neo con Radiant Fusing<\/li>\n<\/ul>\n<ul>\n<li>Hasta 6 bobinas<\/li>\n<\/ul>\n<ul>\n<li>Impresionantes funciones de seguridad<\/li>\n<\/ul>\n<ul>\n<li>Duradero<\/li>\n<\/ul>\n<ul>\n<li>Potente capacidad m\u00f3vil \/ de red<\/li>\n<\/ul>\n<ul>\n<li>Funcionamiento intuitivo y ergon\u00f3mico<\/li>\n<\/ul>\n","protected":false},"excerpt":{"rendered":"<p>Proteja los datos fundamentales de forma m\u00e1s segura y disfrute de hasta 1200 metros de producci\u00f3n ininterrumpida gracias a las 6 bobinas, adem\u00e1s de un sistema de plegado integrado. El plotter multifunci\u00f3n en B\/N <strong>Oc\u00e9 PlotWave 750<\/strong> le ayuda a afrontar los retos que plantean los documentos en entornos de impresi\u00f3n centralizados o departamentales.<\/p>\n<p><strong>Tecnologia Probada<br \/>\n<\/strong>Basado en el ya premiado sistema<strong> Oc\u00e9 TDS750<\/strong>, el <strong>Oc\u00e9 PlotWave 750<\/strong> se ha dise\u00f1ado para afrontar los complejos desaf\u00edos que plantean los documentos de gran formato de las empresas de arquitectura, ingenier\u00eda, y construcci\u00f3n.<\/p>\n","protected":false},"featured_media":927,"comment_status":"open","ping_status":"closed","template":"","meta":[],"product_cat":[17,45],"product_tag":[],"class_list":{"0":"post-926","1":"product","2":"type-product","3":"status-publish","4":"has-post-thumbnail","6":"product_cat-copiadoras-impresoras-plotters-gran-formato-san-luis-potosi","7":"product_cat-gran-formato","9":"first","10":"instock","11":"shipping-taxable","12":"product-type-simple"},"aioseo_notices":[],"_links":{"self":[{"href":"https:\/\/soluciondigitaldelbajio.com.mx\/site\/wp-json\/wp\/v2\/product\/926","targetHints":{"allow":["GET"]}}],"collection":[{"href":"https:\/\/soluciondigitaldelbajio.com.mx\/site\/wp-json\/wp\/v2\/product"}],"about":[{"href":"https:\/\/soluciondigitaldelbajio.com.mx\/site\/wp-json\/wp\/v2\/types\/product"}],"replies":[{"embeddable":true,"href":"https:\/\/soluciondigitaldelbajio.com.mx\/site\/wp-json\/wp\/v2\/comments?post=926"}],"wp:featuredmedia":[{"embeddable":true,"href":"https:\/\/soluciondigitaldelbajio.com.mx\/site\/wp-json\/wp\/v2\/media\/927"}],"wp:attachment":[{"href":"https:\/\/soluciondigitaldelbajio.com.mx\/site\/wp-json\/wp\/v2\/media?parent=926"}],"wp:term":[{"taxonomy":"product_cat","embeddable":true,"href":"https:\/\/soluciondigitaldelbajio.com.mx\/site\/wp-json\/wp\/v2\/product_cat?post=926"},{"taxonomy":"product_tag","embeddable":true,"href":"https:\/\/soluciondigitaldelbajio.com.mx\/site\/wp-json\/wp\/v2\/product_tag?post=926"}],"curies":[{"name":"wp","href":"https:\/\/api.w.org\/{rel}","templated":true}]}}