{"id":928,"date":"2019-09-04T15:31:36","date_gmt":"2019-09-04T15:31:36","guid":{"rendered":"https:\/\/soluciondigitaldelbajio.com.mx\/site\/?post_type=product&#038;p=928"},"modified":"2019-09-04T15:31:36","modified_gmt":"2019-09-04T15:31:36","slug":"oce-colorwave-3500","status":"publish","type":"product","link":"https:\/\/soluciondigitaldelbajio.com.mx\/site\/product\/oce-colorwave-3500\/","title":{"rendered":"Oc\u00e9 ColorWave 3500"},"content":{"rendered":"<ul>\n<li>La unidad viene en una configuraci\u00f3n de 2 rodillos<\/li>\n<\/ul>\n<ul>\n<li>Caj\u00f3n adicional para crear un sistema de 4 rodillos<\/li>\n<\/ul>\n<ul>\n<li>Esc\u00e1ner adicional para un sistema MFP opcional<\/li>\n<\/ul>\n<ul>\n<li>Estefold o Fan fold opcional.<\/li>\n<\/ul>\n","protected":false},"excerpt":{"rendered":"<p><strong>Impresi\u00f3n en gran formato con una facilidad de uso y solidez sin precedentes<\/strong><\/p>\n<p>Basado en 10 a\u00f1os de tecnolog\u00eda probada, <strong>Oc\u00e9 ColorWave 3500<\/strong> inspira confianza a trav\u00e9s de su sencilla operaci\u00f3n, gr\u00e1ficos de alta calidad y dise\u00f1o robusto.<\/p>\n<p>La serie Oc\u00e9 ColorWave 3000 est\u00e1 integrada por dos modelos: <strong>Oc\u00e9 ColorWave 3500<\/strong> est\u00e1 dirigida a arquitectos, ingenieros, empresas de fabricaci\u00f3n, gobierno, y empresas t\u00e9cnicas para la impresi\u00f3n de documentos t\u00e9cnicos.<\/p>\n","protected":false},"featured_media":929,"comment_status":"open","ping_status":"closed","template":"","meta":[],"product_cat":[17,45],"product_tag":[],"class_list":{"0":"post-928","1":"product","2":"type-product","3":"status-publish","4":"has-post-thumbnail","6":"product_cat-copiadoras-impresoras-plotters-gran-formato-san-luis-potosi","7":"product_cat-gran-formato","9":"first","10":"instock","11":"shipping-taxable","12":"product-type-simple"},"aioseo_notices":[],"_links":{"self":[{"href":"https:\/\/soluciondigitaldelbajio.com.mx\/site\/wp-json\/wp\/v2\/product\/928","targetHints":{"allow":["GET"]}}],"collection":[{"href":"https:\/\/soluciondigitaldelbajio.com.mx\/site\/wp-json\/wp\/v2\/product"}],"about":[{"href":"https:\/\/soluciondigitaldelbajio.com.mx\/site\/wp-json\/wp\/v2\/types\/product"}],"replies":[{"embeddable":true,"href":"https:\/\/soluciondigitaldelbajio.com.mx\/site\/wp-json\/wp\/v2\/comments?post=928"}],"wp:featuredmedia":[{"embeddable":true,"href":"https:\/\/soluciondigitaldelbajio.com.mx\/site\/wp-json\/wp\/v2\/media\/929"}],"wp:attachment":[{"href":"https:\/\/soluciondigitaldelbajio.com.mx\/site\/wp-json\/wp\/v2\/media?parent=928"}],"wp:term":[{"taxonomy":"product_cat","embeddable":true,"href":"https:\/\/soluciondigitaldelbajio.com.mx\/site\/wp-json\/wp\/v2\/product_cat?post=928"},{"taxonomy":"product_tag","embeddable":true,"href":"https:\/\/soluciondigitaldelbajio.com.mx\/site\/wp-json\/wp\/v2\/product_tag?post=928"}],"curies":[{"name":"wp","href":"https:\/\/api.w.org\/{rel}","templated":true}]}}