{"id":930,"date":"2019-09-04T15:37:24","date_gmt":"2019-09-04T15:37:24","guid":{"rendered":"https:\/\/soluciondigitaldelbajio.com.mx\/site\/?post_type=product&#038;p=930"},"modified":"2019-09-04T15:37:24","modified_gmt":"2019-09-04T15:37:24","slug":"oce-colorwave-3700","status":"publish","type":"product","link":"https:\/\/soluciondigitaldelbajio.com.mx\/site\/product\/oce-colorwave-3700\/","title":{"rendered":"Oc\u00e9 ColorWave 3700"},"content":{"rendered":"<ul>\n<li>La unidad viene en una configuraci\u00f3n de 4 rollos con tecnolog\u00eda Media Sense que permite a la impresora imprimir en medios de hasta 32 mil.<\/li>\n<\/ul>\n<ul>\n<li>2 cajones adicionales opcionales para crear un sistema de 6 rollos<\/li>\n<\/ul>\n<ul>\n<li>Esc\u00e1ner adicional para un sistema MFP opcional<\/li>\n<\/ul>\n<ul>\n<li>Estefold o Fan fold opcional.<\/li>\n<\/ul>\n","protected":false},"excerpt":{"rendered":"<p>I<strong>mpresi\u00f3n en gran formato con una facilidad de uso y solidez sin precedentes<\/strong><\/p>\n<p>Basado en 10 a\u00f1os de tecnolog\u00eda probada,<strong> Oc\u00e9 ColorWave 3000<\/strong> inspira confianza a trav\u00e9s de su sencilla operaci\u00f3n, gr\u00e1ficos de alta calidad y dise\u00f1o robusto.<\/p>\n<p>La serie Oc\u00e9 ColorWave 3000 est\u00e1 integrada por dos modelos: <strong>Oc\u00e9 ColorWave 3700<\/strong> est\u00e1 dirigida a clientes que requieren una mayor capacidad y versatilidad de medios.<\/p>\n<p>Canon introduce la nueva gama Oc\u00e9 ColorWave 3000 Series de impresoras de gran formato para el segmento CAD, GIS y aplicaciones de artes gr\u00e1ficas de corta duraci\u00f3n. Estos nuevos sistemas se han dise\u00f1ado para satisfacer las necesidades de impresi\u00f3n de los sectores de arquitectura, ingenier\u00eda, construcci\u00f3n y fabricaci\u00f3n (AEC&amp;M), as\u00ed como de los entornos corporativos. Con la nueva Oc\u00e9 ColorWave 3000, los clientes obtienen una gran flexibilidad para imprimir f\u00e1cilmente una amplia variedad de aplicaciones que van desde los documentos t\u00e9cnicos en blanco y negro, dibujos o mapas, a toda una gama de carteler\u00eda a todo color para exterior de corta duraci\u00f3n como p\u00f3sters y banderolas.<\/p>\n","protected":false},"featured_media":931,"comment_status":"open","ping_status":"closed","template":"","meta":[],"product_cat":[17,45],"product_tag":[],"class_list":{"0":"post-930","1":"product","2":"type-product","3":"status-publish","4":"has-post-thumbnail","6":"product_cat-copiadoras-impresoras-plotters-gran-formato-san-luis-potosi","7":"product_cat-gran-formato","9":"first","10":"instock","11":"shipping-taxable","12":"product-type-simple"},"aioseo_notices":[],"_links":{"self":[{"href":"https:\/\/soluciondigitaldelbajio.com.mx\/site\/wp-json\/wp\/v2\/product\/930","targetHints":{"allow":["GET"]}}],"collection":[{"href":"https:\/\/soluciondigitaldelbajio.com.mx\/site\/wp-json\/wp\/v2\/product"}],"about":[{"href":"https:\/\/soluciondigitaldelbajio.com.mx\/site\/wp-json\/wp\/v2\/types\/product"}],"replies":[{"embeddable":true,"href":"https:\/\/soluciondigitaldelbajio.com.mx\/site\/wp-json\/wp\/v2\/comments?post=930"}],"wp:featuredmedia":[{"embeddable":true,"href":"https:\/\/soluciondigitaldelbajio.com.mx\/site\/wp-json\/wp\/v2\/media\/931"}],"wp:attachment":[{"href":"https:\/\/soluciondigitaldelbajio.com.mx\/site\/wp-json\/wp\/v2\/media?parent=930"}],"wp:term":[{"taxonomy":"product_cat","embeddable":true,"href":"https:\/\/soluciondigitaldelbajio.com.mx\/site\/wp-json\/wp\/v2\/product_cat?post=930"},{"taxonomy":"product_tag","embeddable":true,"href":"https:\/\/soluciondigitaldelbajio.com.mx\/site\/wp-json\/wp\/v2\/product_tag?post=930"}],"curies":[{"name":"wp","href":"https:\/\/api.w.org\/{rel}","templated":true}]}}