{"id":932,"date":"2019-09-04T16:08:34","date_gmt":"2019-09-04T16:08:34","guid":{"rendered":"https:\/\/soluciondigitaldelbajio.com.mx\/site\/?post_type=product&#038;p=932"},"modified":"2019-09-04T16:08:34","modified_gmt":"2019-09-04T16:08:34","slug":"serie-oce-varioprint-6000-titan","status":"publish","type":"product","link":"https:\/\/soluciondigitaldelbajio.com.mx\/site\/product\/serie-oce-varioprint-6000-titan\/","title":{"rendered":"Serie Oc\u00e9 varioPRINT 6000 TITAN"},"content":{"rendered":"<ul>\n<li>Resoluci\u00f3n de impresi\u00f3n: 600 x 600 ppp o 600 x 1200 ppp, 85\/106\/125\/141\/180 lpp<\/li>\n<li>Ciclo de trabajo mensual (Im\u00e1genes en tama\u00f1o Carta):<br \/>\n6330: de 1 a 10 millones<br \/>\n6270: de 750,000 a 8 millones<br \/>\n6220: de 500,000 a 5 millones<br \/>\n6180: de 300,000 a 2.5 millones<br \/>\nVelocidad de impresi\u00f3n en dos caras (ipm): 6330\/6270\/6220\/6180: Hasta 320\/266\/216\/177 (Carta) Hasta 167\/143\/116\/95 (Doble Carta)<\/li>\n<li>Tama\u00f1o de papel M\u00e1ximo: 12.6&#8243; x 19.2&#8243; (320 mm x 488 mm)<\/li>\n<li>M\u00ednimo: 8&#8243; x 8&#8243; (203 mm x 203 mm)<\/li>\n<li>Opcional: 7&#8243; x 10&#8243; (178 mm x 254 mm) con la opci\u00f3n de tama\u00f1o Mediacarta<br \/>\nDe 8&#8243; x 8&#8243; (203 mm x 203 mm) a 13.8&#8243; x 19.7&#8243;<br \/>\n(350 mm x 500 mm) con PIM Flex A1 opcional<\/li>\n<li>Alimentaci\u00f3n de papel: Separaci\u00f3n por aire, Alimentaci\u00f3n por succi\u00f3n de aire<\/li>\n<li>Peso del papel** Papel com\u00fan: De Bond de 13 lb a Cover de 110 lb (de 50 g\/m\u00b2 a 300 g\/m\u00b2)<br \/>\nDe Bond de 12 lb a Cover de 110 lb (de 45 g\/m\u00b2 a 300 g\/m\u00b2) con un Kit opcional de materiales livianos<br \/>\nMaterial recubierto: De Bond de 20 lb a Cover de 90 lb (de 80 g\/m\u00b2 a 250 g\/m\u00b2)<\/li>\n<\/ul>\n","protected":false},"excerpt":{"rendered":"<p>La serie de prensas digitales monocrom\u00e1ticas <strong>Oc\u00e9 VarioPrint 6000 TITAN<\/strong> brindan una excelente calidad en impresi\u00f3n blanco y negro, combinando la innovaci\u00f3n y una ingenier\u00eda robusta para ofrecer una soluci\u00f3n insuperable. Ideal para entornos de producci\u00f3n de alto volumen.<\/p>\n<p>La serie <strong>Oc\u00e9 VarioPrint 6000 TITAN<\/strong> presenta tres modelos para satisfacer las necesidades espec\u00edficas nuestros clientes:<\/p>\n<p>\u2022 <strong>Oc\u00e9 VarioPrint 6000 TITAN<\/strong> para impresores comerciales y centros de reproducci\u00f3n<\/p>\n<p>\u2022 <strong>Oc\u00e9 VarioPrint 6000 TP TITAN<\/strong> para entornos de impresi\u00f3n transaccional<\/p>\n<p>\u2022 <strong>Oc\u00e9 VarioPrint 6000 MICR TITAN<\/strong> para documentos financieros altamente sensibles y seguros<\/p>\n","protected":false},"featured_media":933,"comment_status":"open","ping_status":"closed","template":"","meta":[],"product_cat":[17,46],"product_tag":[],"class_list":{"0":"post-932","1":"product","2":"type-product","3":"status-publish","4":"has-post-thumbnail","6":"product_cat-copiadoras-impresoras-plotters-gran-formato-san-luis-potosi","7":"product_cat-prensas-digitales","9":"first","10":"instock","11":"shipping-taxable","12":"product-type-simple"},"aioseo_notices":[],"_links":{"self":[{"href":"https:\/\/soluciondigitaldelbajio.com.mx\/site\/wp-json\/wp\/v2\/product\/932","targetHints":{"allow":["GET"]}}],"collection":[{"href":"https:\/\/soluciondigitaldelbajio.com.mx\/site\/wp-json\/wp\/v2\/product"}],"about":[{"href":"https:\/\/soluciondigitaldelbajio.com.mx\/site\/wp-json\/wp\/v2\/types\/product"}],"replies":[{"embeddable":true,"href":"https:\/\/soluciondigitaldelbajio.com.mx\/site\/wp-json\/wp\/v2\/comments?post=932"}],"wp:featuredmedia":[{"embeddable":true,"href":"https:\/\/soluciondigitaldelbajio.com.mx\/site\/wp-json\/wp\/v2\/media\/933"}],"wp:attachment":[{"href":"https:\/\/soluciondigitaldelbajio.com.mx\/site\/wp-json\/wp\/v2\/media?parent=932"}],"wp:term":[{"taxonomy":"product_cat","embeddable":true,"href":"https:\/\/soluciondigitaldelbajio.com.mx\/site\/wp-json\/wp\/v2\/product_cat?post=932"},{"taxonomy":"product_tag","embeddable":true,"href":"https:\/\/soluciondigitaldelbajio.com.mx\/site\/wp-json\/wp\/v2\/product_tag?post=932"}],"curies":[{"name":"wp","href":"https:\/\/api.w.org\/{rel}","templated":true}]}}