{"id":934,"date":"2019-09-04T16:15:18","date_gmt":"2019-09-04T16:15:18","guid":{"rendered":"https:\/\/soluciondigitaldelbajio.com.mx\/site\/?post_type=product&#038;p=934"},"modified":"2019-09-04T16:15:18","modified_gmt":"2019-09-04T16:15:18","slug":"canon-imagepress-c65","status":"publish","type":"product","link":"https:\/\/soluciondigitaldelbajio.com.mx\/site\/product\/canon-imagepress-c65\/","title":{"rendered":"Canon imagePRESS C65"},"content":{"rendered":"<ul>\n<li><strong>Velocidad de impresi\u00f3n:<\/strong><br \/>\nB y N\/: Hasta 65\/65 ppm<br \/>\nColor: Hasta 65\/65 ppm<\/li>\n<\/ul>\n<ul>\n<li><strong>Resoluci\u00f3n de impresi\u00f3n:<\/strong> 2400&#215;2400 ppp<\/li>\n<\/ul>\n<ul>\n<li><strong>Materiales:<\/strong> De 52 a 300 g\/m2<\/li>\n<\/ul>\n<ul>\n<li><strong>Ciclo de trabajo m\u00e1ximo:<\/strong> 250,000<\/li>\n<\/ul>\n<ul>\n<li><strong>Volumen de impresi\u00f3n \u00f3ptimo:<\/strong> De 5,000 a 30,000<\/li>\n<\/ul>\n","protected":false},"excerpt":{"rendered":"<p><strong>Innovaci\u00f3n y m\u00e1xima calidad de impresi\u00f3n en Producci\u00f3n Ligera a Color.<\/strong><\/p>\n<p>El Modelo <strong>imagePRESS C65<\/strong> reemplaza la actual imagePRESS C60 y est\u00e1 enfocado en empresas creativas y profesionales del dise\u00f1o tales como: Agencias de Publicidad, Estudios de Dise\u00f1o Gr\u00e1fico, Departamentos de Marketing y Dise\u00f1o de Empaque que buscan obtener resultados con calidad impresionante (colores v\u00edvidos), alta precisi\u00f3n en el registro de la imagen y consistencia de color.<\/p>\n","protected":false},"featured_media":935,"comment_status":"open","ping_status":"closed","template":"","meta":[],"product_cat":[17,46],"product_tag":[],"class_list":{"0":"post-934","1":"product","2":"type-product","3":"status-publish","4":"has-post-thumbnail","6":"product_cat-copiadoras-impresoras-plotters-gran-formato-san-luis-potosi","7":"product_cat-prensas-digitales","9":"first","10":"instock","11":"shipping-taxable","12":"product-type-simple"},"aioseo_notices":[],"_links":{"self":[{"href":"https:\/\/soluciondigitaldelbajio.com.mx\/site\/wp-json\/wp\/v2\/product\/934","targetHints":{"allow":["GET"]}}],"collection":[{"href":"https:\/\/soluciondigitaldelbajio.com.mx\/site\/wp-json\/wp\/v2\/product"}],"about":[{"href":"https:\/\/soluciondigitaldelbajio.com.mx\/site\/wp-json\/wp\/v2\/types\/product"}],"replies":[{"embeddable":true,"href":"https:\/\/soluciondigitaldelbajio.com.mx\/site\/wp-json\/wp\/v2\/comments?post=934"}],"wp:featuredmedia":[{"embeddable":true,"href":"https:\/\/soluciondigitaldelbajio.com.mx\/site\/wp-json\/wp\/v2\/media\/935"}],"wp:attachment":[{"href":"https:\/\/soluciondigitaldelbajio.com.mx\/site\/wp-json\/wp\/v2\/media?parent=934"}],"wp:term":[{"taxonomy":"product_cat","embeddable":true,"href":"https:\/\/soluciondigitaldelbajio.com.mx\/site\/wp-json\/wp\/v2\/product_cat?post=934"},{"taxonomy":"product_tag","embeddable":true,"href":"https:\/\/soluciondigitaldelbajio.com.mx\/site\/wp-json\/wp\/v2\/product_tag?post=934"}],"curies":[{"name":"wp","href":"https:\/\/api.w.org\/{rel}","templated":true}]}}