{"id":938,"date":"2019-09-04T16:36:22","date_gmt":"2019-09-04T16:36:22","guid":{"rendered":"https:\/\/soluciondigitaldelbajio.com.mx\/site\/?post_type=product&#038;p=938"},"modified":"2019-09-04T16:36:22","modified_gmt":"2019-09-04T16:36:22","slug":"canon-imagepress-c10000vp","status":"publish","type":"product","link":"https:\/\/soluciondigitaldelbajio.com.mx\/site\/product\/canon-imagepress-c10000vp\/","title":{"rendered":"Canon imagePRESS C10000VP\/C8000VP"},"content":{"rendered":"<ul>\n<li>Velocidades de producci\u00f3n de hasta 100 ipm (en color y en B\/N)<\/li>\n<li>Altos ciclos de rendimiento de hasta 1.5 millones de p\u00e1ginas por mes<\/li>\n<li>Capacidad de alimentaci\u00f3n de papel de hasta 10,000 hojas<\/li>\n<li>Calidad semejante a offset con una resoluci\u00f3n de 2400 x 2400 ppp<\/li>\n<li>Compatible con materiales no recubiertos desde 60 g\/m2 y materiales cubiertos de 70 hasta 350 g\/m2<\/li>\n<li>Preferencia de flujos de trabajo con las versiones m\u00e1s recientes de interfaces digitales<\/li>\n<li>Amplia variedad de accesorios de alimentaci\u00f3n y acabado en l\u00ednea.<\/li>\n<li>Ciclo de trabajo recomendado:<br \/>\n&#8211; imagePRESS C10000: 100,000 \u2013 450,000 impresiones<br \/>\n&#8211; imagePRESS C8000: 80,000 -360,000 impresiones<\/li>\n<li>Velocidad m\u00e1xima de impresi\u00f3n:<br \/>\n&#8211; imagePRESS C10000VP: 100 ipm A4<br \/>\n&#8211; imagePRESS C8000VP: 80 ipm A4<\/li>\n<li>Tama\u00f1o de papel: De 7.2\u201d x 7.2\u201d a 13\u201d x 19.2\u201d<\/li>\n<\/ul>\n","protected":false},"excerpt":{"rendered":"<p><strong>Dise\u00f1ada para entornos de producci\u00f3n exigente.<\/strong><\/p>\n<p>La nueva Serie <strong>imagePRESS C10000VP<\/strong> se conforma por dos modelos de prensas digitales a color, la <strong>imagePRESS C10000VP<\/strong> y la <strong>imagePRESS C8000VP<\/strong> ofreciendo velocidades de hasta 100 ppm y 80 ppm respectivamente. Incorpora nuevos y mejorados avances tecnol\u00f3gicos para ofrecer niveles excepcionales de calidad de impresi\u00f3n, productividad y versatilidad en una amplia variedad de sustratos para crear las aplicaciones m\u00e1s atractivas.<\/p>\n<p>La Serie <strong>imagePRESS C10000VP<\/strong> ha sido dise\u00f1ada para exigentes entornos de producci\u00f3n con ciclos de trabajo m\u00e1ximo de hasta 1.5 millones de impresiones adem\u00e1s de que requiere alta calidad de resoluci\u00f3n por lo que ofrece hasta 2400 x 2400 ppp en calidad tipo offset, adem\u00e1s de registro preciso y estabilidad de color en tirajes extensos. Una de las innovaciones m\u00e1s importantes que ofrece la nueva Serie <strong>imagePRESS C10000VP<\/strong> es el soporte de materiales de 60 g\/m2 y hasta 350 g\/m2 ampliando de esta forma la versatilidad de aplicativos en materiales suaves, texturizados y sint\u00e9ticos.<\/p>\n","protected":false},"featured_media":939,"comment_status":"open","ping_status":"closed","template":"","meta":[],"product_cat":[17,46],"product_tag":[],"class_list":{"0":"post-938","1":"product","2":"type-product","3":"status-publish","4":"has-post-thumbnail","6":"product_cat-copiadoras-impresoras-plotters-gran-formato-san-luis-potosi","7":"product_cat-prensas-digitales","9":"first","10":"instock","11":"shipping-taxable","12":"product-type-simple"},"aioseo_notices":[],"_links":{"self":[{"href":"https:\/\/soluciondigitaldelbajio.com.mx\/site\/wp-json\/wp\/v2\/product\/938","targetHints":{"allow":["GET"]}}],"collection":[{"href":"https:\/\/soluciondigitaldelbajio.com.mx\/site\/wp-json\/wp\/v2\/product"}],"about":[{"href":"https:\/\/soluciondigitaldelbajio.com.mx\/site\/wp-json\/wp\/v2\/types\/product"}],"replies":[{"embeddable":true,"href":"https:\/\/soluciondigitaldelbajio.com.mx\/site\/wp-json\/wp\/v2\/comments?post=938"}],"wp:featuredmedia":[{"embeddable":true,"href":"https:\/\/soluciondigitaldelbajio.com.mx\/site\/wp-json\/wp\/v2\/media\/939"}],"wp:attachment":[{"href":"https:\/\/soluciondigitaldelbajio.com.mx\/site\/wp-json\/wp\/v2\/media?parent=938"}],"wp:term":[{"taxonomy":"product_cat","embeddable":true,"href":"https:\/\/soluciondigitaldelbajio.com.mx\/site\/wp-json\/wp\/v2\/product_cat?post=938"},{"taxonomy":"product_tag","embeddable":true,"href":"https:\/\/soluciondigitaldelbajio.com.mx\/site\/wp-json\/wp\/v2\/product_tag?post=938"}],"curies":[{"name":"wp","href":"https:\/\/api.w.org\/{rel}","templated":true}]}}